{"id":745071,"date":"2025-08-28T02:10:58","date_gmt":"2025-08-27T23:10:58","guid":{"rendered":"https:\/\/roveyayinevi.com.tr\/index.php\/urun\/askida-hayatlar\/"},"modified":"2026-04-16T02:57:29","modified_gmt":"2026-04-15T23:57:29","slug":"askida-hayatlar","status":"publish","type":"product","link":"https:\/\/roveyayinevi.com.tr\/index.php\/urun\/askida-hayatlar\/","title":{"rendered":"Ask\u0131da Hayatlar"},"content":{"rendered":"<p>\u201cDerin yoksulluk ayn\u0131 zamanda bir sosyal d\u0131\u015flanma sorunu. Susan Sontag\u2019\u0131n Ba\u015fkalar\u0131n\u0131n Ac\u0131s\u0131na Bakmak adl\u0131 kitab\u0131nda s\u00f6yledi\u011fi gibi, \u2018ger\u00e7ekli\u011fin, seyirlik bir manzaraya d\u00f6n\u00fc\u015fmesi\u2019 hali b\u00fct\u00fcn bu ya\u015fananlar. Patates, so\u011fan kuyru\u011fu, ekmek kuyru\u011fu ve sonunda da yokluk\/yoksunluk, sizi \u2018Ask\u0131da ne var?\u2019 aray\u0131\u015f\u0131na kadar g\u00f6t\u00fcr\u00fcyor.    Ask\u0131da ge\u00e7en hayatlar\u0131n kar\u015f\u0131s\u0131nda bir \u00e7\u00f6z\u00fcm, bir politika \u00fcretmesini beklediklerimiz, duymak istedi\u011fimiz politikalar yerine, derinle\u015fen yoksullu\u011fun bir \u2018g\u00fcvenlik\u2019, bir \u2018vatan savunmas\u0131\u2019 sorunu oldu\u011funu s\u00f6yleyerek ve herkesin de b\u00f6yle d\u00fc\u015f\u00fcnmesini isteyerek yoksullar \u00fczerinde bask\u0131 kuruyorlar. Hatta o kadar ileri gidiliyor ki kendileri yoksulluk ya\u015famasa da yoksulluk i\u00e7inde ya\u015fayanlar i\u00e7in \u2018men\u00fcler\u2019, \u2018k\u00fc\u00e7\u00fck porsiyonlar\u2019, \u2018yar\u0131m simitler\u2019 \u00f6neriyorlar. B\u00fct\u00fcn bunlar i\u015fe yaramad\u0131\u011f\u0131nda da \u2018\u0130\u015f be\u011fenmiyorlar\u2019 diye su\u00e7luyorlar.\u201d   Y\u0131llard\u0131r yoksullar\u0131n, kentsel d\u00f6n\u00fc\u015f\u00fcmle yerlerinden edilenlerin yan\u0131nda yer alan Hacer Foggo, Ask\u0131da Hayatlar\u2019da T\u00fcrkiye\u2019nin g\u00f6r\u00fcnmeyen y\u00fcz\u00fcn\u00fc g\u00f6steriyor, duyulmayan sesini duyuruyor. <\/p>\n","protected":false},"excerpt":{"rendered":"<p>\u201cDerin yoksulluk ayn\u0131 zamanda bir sosyal d\u0131\u015flanma sorunu. Susan Sontag\u2019\u0131n Ba\u015fkalar\u0131n\u0131n Ac\u0131s\u0131na Bakmak adl\u0131 kitab\u0131nda s\u00f6yledi\u011fi gibi, \u2018ger\u00e7ekli\u011fin, seyirlik bir manzaraya d\u00f6n\u00fc\u015fmesi\u2019 hali b\u00fct\u00fcn bu ya\u015fananlar.<span class=\"excerpt-hellip\"> [\u2026]<\/span><\/p>\n","protected":false},"featured_media":0,"template":"","meta":{"_monsterinsights_skip_tracking":false,"_monsterinsights_sitenote_active":false,"_monsterinsights_sitenote_note":"","_monsterinsights_sitenote_category":0},"product_brand":[],"product_cat":[13701,12291],"product_tag":[],"class_list":{"0":"post-745071","1":"product","2":"type-product","3":"status-publish","5":"product_cat-ani-mektup-gunluk","6":"product_cat-edebiyat","7":"pa_cilt-ciltsiz","8":"pa_tur-kitap","9":"pa_yayinevi-dogan-kitap","10":"pa_yazar-hacer-foggo","12":"first","13":"instock","14":"sale","15":"shipping-taxable","16":"purchasable","17":"product-type-simple"},"_links":{"self":[{"href":"https:\/\/roveyayinevi.com.tr\/index.php\/wp-json\/wp\/v2\/product\/745071","targetHints":{"allow":["GET"]}}],"collection":[{"href":"https:\/\/roveyayinevi.com.tr\/index.php\/wp-json\/wp\/v2\/product"}],"about":[{"href":"https:\/\/roveyayinevi.com.tr\/index.php\/wp-json\/wp\/v2\/types\/product"}],"wp:attachment":[{"href":"https:\/\/roveyayinevi.com.tr\/index.php\/wp-json\/wp\/v2\/media?parent=745071"}],"wp:term":[{"taxonomy":"product_brand","embeddable":true,"href":"https:\/\/roveyayinevi.com.tr\/index.php\/wp-json\/wp\/v2\/product_brand?post=745071"},{"taxonomy":"product_cat","embeddable":true,"href":"https:\/\/roveyayinevi.com.tr\/index.php\/wp-json\/wp\/v2\/product_cat?post=745071"},{"taxonomy":"product_tag","embeddable":true,"href":"https:\/\/roveyayinevi.com.tr\/index.php\/wp-json\/wp\/v2\/product_tag?post=745071"}],"curies":[{"name":"wp","href":"https:\/\/api.w.org\/{rel}","templated":true}]}}