{"id":745069,"date":"2025-08-28T02:10:57","date_gmt":"2025-08-27T23:10:57","guid":{"rendered":"https:\/\/roveyayinevi.com.tr\/index.php\/urun\/turkiyenin-siyasal-sosyolojisi\/"},"modified":"2026-04-16T02:57:29","modified_gmt":"2026-04-15T23:57:29","slug":"turkiyenin-siyasal-sosyolojisi","status":"publish","type":"product","link":"https:\/\/roveyayinevi.com.tr\/index.php\/urun\/turkiyenin-siyasal-sosyolojisi\/","title":{"rendered":"Tu\u0308rkiye\u2019nin Siyasal Sosyolojisi"},"content":{"rendered":"<p>T\u00fcrkiye\u2019nin Siyasal Sosyolojisi,T\u00fcrk siyasal deneyiminin toplumsal temellerini betimledi\u011fi gibi, siyaset kurumunun toplumu d\u00f6n\u00fc\u015ft\u00fcren dinamiklerini de irdeliyor. Siyasal sosyolojinin temel sorunsall\u0131klar\u0131na odaklanarak, bunlar\u0131n T\u00fcrkiye\u2019deki seyrini irdeleyen kitap, siyasal sosyolojik kuramlar\u0131n \u0131\u015f\u0131\u011f\u0131nda T\u00fcrk deneyimini \u00e7\u00f6z\u00fcml\u00fcyor. Devlet-toplum ili\u015fkileri, siyasa-ekonomi ili\u015fkileri, siyasal partiler, se\u00e7imler ve se\u00e7men davran\u0131\u015flar\u0131, sosyal hareketler, siyaset ve ileti\u015fim, g\u00f6\u00e7, demokrasi-otoriterlik temalar\u0131n\u0131 titizlikle ele alan \u00e7al\u0131\u015fma, okura g\u00fcncel tart\u0131\u015fmalar\u0131n bir de\u011ferlendirmesini de sunuyor. Siyaset Sosyolojisi kitaplar\u0131n\u0131n a\u011f\u0131rl\u0131kl\u0131 olarak \u00e7eviri kitaplardan olu\u015fmas\u0131 nedeniyle bu kitaplarda i\u015flenen konular ve verilen \u00f6rnekler Bat\u0131l\u0131 konular ve \u00f6rneklerdir. Sosyoloji, Siyaset Bilimi, Kamu Y\u00f6netimi gibi b\u00f6l\u00fcmlerde Siyaset Sosyolojisi dersini alan \u00f6\u011frencilerin kuramsal modellerle olaylar aras\u0131nda ili\u015fki kurmas\u0131n\u0131n bu sebeple zor oldu\u011fu ortadad\u0131r. T\u00fcrkiye\u2019nin Siyasal Sosyolojisi bu \u00f6nemli ihtiyaca bir cevap olu\u015fturmaktad\u0131r. T\u00fcrkiye\u2019nin siyasal meselelerini ve s\u00fcre\u00e7lerini ele alan literat\u00fcr her ne kadar zengin bir literat\u00fcr olsa da Siyaset Sosyolojisi perspektifinden temel sorunsall\u0131klara T\u00fcrkiye \u00f6zelinde e\u011filen bir \u00e7al\u0131\u015fman\u0131n eksikli\u011fi dikkat \u00e7ekicidir. T\u00fcrkiye\u2019nin Siyasal Sosyolojisi bu \u00f6nemli eksikli\u011fi de gideren bir \u00e7al\u0131\u015fmad\u0131r. Siyaset sosyolojisinin temel konular\u0131n\u0131n T\u00fcrkiye \u00fczerinde ele al\u0131nd\u0131\u011f\u0131, tart\u0131\u015f\u0131ld\u0131\u011f\u0131 bu kitap, literat\u00fcrdeki \u00f6nemli eksikli\u011fi gidermeye adayd\u0131r. <\/p>\n","protected":false},"excerpt":{"rendered":"<p>T\u00fcrkiye\u2019nin Siyasal Sosyolojisi,T\u00fcrk siyasal deneyiminin toplumsal temellerini betimledi\u011fi gibi, siyaset kurumunun toplumu d\u00f6n\u00fc\u015ft\u00fcren dinamiklerini de irdeliyor. Siyasal sosyolojinin temel sorunsall\u0131klar\u0131na odaklanarak, bunlar\u0131n T\u00fcrkiye\u2019deki seyrini irdeleyen kitap,<span class=\"excerpt-hellip\"> [\u2026]<\/span><\/p>\n","protected":false},"featured_media":0,"template":"","meta":{"_monsterinsights_skip_tracking":false,"_monsterinsights_sitenote_active":false,"_monsterinsights_sitenote_note":"","_monsterinsights_sitenote_category":0},"product_brand":[],"product_cat":[12351,12324],"product_tag":[],"class_list":{"0":"post-745069","1":"product","2":"type-product","3":"status-publish","5":"product_cat-siyaset-sosyolojisi","6":"product_cat-sosyoloji","7":"pa_cilt-ciltsiz","8":"pa_tur-kitap","9":"pa_yayinevi-say-yayinlari","10":"pa_yazar-ibrahim-kaya","12":"first","13":"instock","14":"sale","15":"shipping-taxable","16":"purchasable","17":"product-type-simple"},"_links":{"self":[{"href":"https:\/\/roveyayinevi.com.tr\/index.php\/wp-json\/wp\/v2\/product\/745069","targetHints":{"allow":["GET"]}}],"collection":[{"href":"https:\/\/roveyayinevi.com.tr\/index.php\/wp-json\/wp\/v2\/product"}],"about":[{"href":"https:\/\/roveyayinevi.com.tr\/index.php\/wp-json\/wp\/v2\/types\/product"}],"wp:attachment":[{"href":"https:\/\/roveyayinevi.com.tr\/index.php\/wp-json\/wp\/v2\/media?parent=745069"}],"wp:term":[{"taxonomy":"product_brand","embeddable":true,"href":"https:\/\/roveyayinevi.com.tr\/index.php\/wp-json\/wp\/v2\/product_brand?post=745069"},{"taxonomy":"product_cat","embeddable":true,"href":"https:\/\/roveyayinevi.com.tr\/index.php\/wp-json\/wp\/v2\/product_cat?post=745069"},{"taxonomy":"product_tag","embeddable":true,"href":"https:\/\/roveyayinevi.com.tr\/index.php\/wp-json\/wp\/v2\/product_tag?post=745069"}],"curies":[{"name":"wp","href":"https:\/\/api.w.org\/{rel}","templated":true}]}}