{"id":745067,"date":"2025-08-28T02:10:55","date_gmt":"2025-08-27T23:10:55","guid":{"rendered":"https:\/\/roveyayinevi.com.tr\/index.php\/urun\/kelt-mitleri-ve-efsaneleri\/"},"modified":"2026-04-16T02:57:29","modified_gmt":"2026-04-15T23:57:29","slug":"kelt-mitleri-ve-efsaneleri","status":"publish","type":"product","link":"https:\/\/roveyayinevi.com.tr\/index.php\/urun\/kelt-mitleri-ve-efsaneleri\/","title":{"rendered":"Kelt Mitleri ve Efsaneleri"},"content":{"rendered":"<p>Bir Kelt bilge size \u201casla yeni bir yol u\u011fruna bildi\u011fin yoldan ayr\u0131lma\u201d diyorsa s\u00f6zlerini mutlaka ciddiye al\u0131n. Ya da ba\u015f\u0131n\u0131z\u0131n b\u00fcy\u00fck derde girmesini istemiyorsan\u0131z \u201cdenizk\u0131z\u0131\u201d ile \u201cdeniz k\u0131z\u0131\u201dn\u0131 birbirine kar\u0131\u015ft\u0131rmay\u0131n. \u00c7\u00fcnk\u00fc \u201cdenizk\u0131z\u0131\u201d muzip ve sevimlidir fakat \u201cdeniz k\u0131zlar\u0131\u201d hayat\u0131n\u0131za mal olabilir. Kelt Mitleri ve Efsaneleri Alplerin kuzeyinde ya\u015fayan ilk Avrupal\u0131 halk\u0131n s\u0131cak ve co\u015fkulu hik\u00e2yelerine, e\u011flendirirken ayn\u0131 zamanda d\u00fc\u015f\u00fcnd\u00fcren sonsuz bir iyimserlik atmosferine davet ediyor. Neredeyse binlerce y\u0131l boyunca Avrupa tarihini \u015fekillendiren ve \u0130ber Yar\u0131madas\u0131\u2019ndan Anadolu\u2019ya uzanan bir co\u011frafyada d\u00fc\u015fmanlar\u0131n\u0131 tetikte b\u0131rakm\u0131\u015f bu usta demirci sava\u015f\u00e7\u0131lar, Antik \u00c7a\u011f\u2019\u0131n en gizemli topluluklar\u0131ndan biri olarak ke\u015ffedilmeye devam ediyor.Kelt Mitleri ve EfsaneleriKelt tarihi uzman\u0131 Peter BerresfordEllis\u2019in \u0130rlanda, Man Adas\u0131, \u0130sko\u00e7ya, Galler, Cornwall ve Bretonya k\u00fclt\u00fcrlerine ay\u0131rd\u0131\u011f\u0131 her bir b\u00f6l\u00fcmle, Kelt mitolojisini ara\u015ft\u0131rmaya merakl\u0131 okuyucular i\u00e7in e\u015fsiz bir kaynak bilgisi de sunuyor. Bu kitapta d\u00f6rt beyaz ku\u011fuya d\u00f6n\u00fc\u015fen Lir\u2019in \u00e7ocuklar\u0131na, \u0130rlanda\u2019n\u0131n ba\u015f ozan\u0131 taraf\u0131ndan lanetlenen kral\u0131n ba\u015f\u0131ndan ge\u00e7enlere, bir \u00f6yk\u00fcy\u00fc anlat\u0131rken ger\u00e7eklere asla sad\u0131k kalmayan denizci Gilaspick\u2019in girdi\u011fi bahislere, Tuna Nehri\u2019ne ismini veren Danu\u2019nun \u00e7ocuklar\u0131n\u0131n bulut \u00fcst\u00fcndeki yolculuklar\u0131na, hatta Kocakar\u0131\u2019n\u0131n Uzun Deri Torbas\u0131 d\u00e2hil Kelt ozanlar\u0131n\u0131n b\u00fcy\u00fcleyici efsanelerine tan\u0131k olacaks\u0131n\u0131z.   \u201cOzanlar, Arthur\u2019un \u015f\u00f6valyeleri hakk\u0131nda bir\u00e7ok \u00f6yk\u00fc anlatt\u0131lar ama hi\u00e7biri \u2018Olwen\u2019in Pe\u015finde\u2019 adl\u0131 \u00f6yk\u00fc kadar \u00fcnlenmedi.\u201d <\/p>\n","protected":false},"excerpt":{"rendered":"<p>Bir Kelt bilge size \u201casla yeni bir yol u\u011fruna bildi\u011fin yoldan ayr\u0131lma\u201d diyorsa s\u00f6zlerini mutlaka ciddiye al\u0131n. Ya da ba\u015f\u0131n\u0131z\u0131n b\u00fcy\u00fck derde girmesini istemiyorsan\u0131z \u201cdenizk\u0131z\u0131\u201d ile<span class=\"excerpt-hellip\"> [\u2026]<\/span><\/p>\n","protected":false},"featured_media":0,"template":"","meta":{"_monsterinsights_skip_tracking":false,"_monsterinsights_sitenote_active":false,"_monsterinsights_sitenote_note":"","_monsterinsights_sitenote_category":0},"product_brand":[],"product_cat":[12718,12858],"product_tag":[],"class_list":{"0":"post-745067","1":"product","2":"type-product","3":"status-publish","5":"product_cat-din","6":"product_cat-mitolojiler","7":"pa_cilt-ciltsiz","8":"pa_tur-kitap","9":"pa_yayinevi-say-yayinlari","10":"pa_yazar-peter-berresford-ellis","12":"first","13":"instock","14":"sale","15":"shipping-taxable","16":"purchasable","17":"product-type-simple"},"_links":{"self":[{"href":"https:\/\/roveyayinevi.com.tr\/index.php\/wp-json\/wp\/v2\/product\/745067","targetHints":{"allow":["GET"]}}],"collection":[{"href":"https:\/\/roveyayinevi.com.tr\/index.php\/wp-json\/wp\/v2\/product"}],"about":[{"href":"https:\/\/roveyayinevi.com.tr\/index.php\/wp-json\/wp\/v2\/types\/product"}],"wp:attachment":[{"href":"https:\/\/roveyayinevi.com.tr\/index.php\/wp-json\/wp\/v2\/media?parent=745067"}],"wp:term":[{"taxonomy":"product_brand","embeddable":true,"href":"https:\/\/roveyayinevi.com.tr\/index.php\/wp-json\/wp\/v2\/product_brand?post=745067"},{"taxonomy":"product_cat","embeddable":true,"href":"https:\/\/roveyayinevi.com.tr\/index.php\/wp-json\/wp\/v2\/product_cat?post=745067"},{"taxonomy":"product_tag","embeddable":true,"href":"https:\/\/roveyayinevi.com.tr\/index.php\/wp-json\/wp\/v2\/product_tag?post=745067"}],"curies":[{"name":"wp","href":"https:\/\/api.w.org\/{rel}","templated":true}]}}