{"id":745063,"date":"2025-08-28T02:10:49","date_gmt":"2025-08-27T23:10:49","guid":{"rendered":"https:\/\/roveyayinevi.com.tr\/index.php\/urun\/gun-dogarken\/"},"modified":"2026-04-16T02:57:29","modified_gmt":"2026-04-15T23:57:29","slug":"gun-dogarken","status":"publish","type":"product","link":"https:\/\/roveyayinevi.com.tr\/index.php\/urun\/gun-dogarken\/","title":{"rendered":"G\u00fcn Do\u011farken"},"content":{"rendered":"<p>Karanl\u0131k sadece g\u00f6ky\u00fcz\u00fcne ait de\u011fildi. Bazen duygular\u0131n dili olabiliyordu. Kalpse o dilin \u015fekle b\u00fcr\u00fcnd\u00fc\u011f\u00fc bir kapt\u0131. Karanl\u0131klar kalpten ye\u015fermeye ba\u015flad\u0131\u011f\u0131nda d\u00f6n\u00fcp g\u00f6r\u00fcnmez harflerle yaz\u0131lan o dili okumak gerekiyordu. Ela, kalbinde depre\u015fen karanl\u0131klara g\u00fcn do\u011fmas\u0131na izin verebilecek miydi? Yusuf olmak iffetin temsiliydi. Kuyularda ba\u015flayan okul, edebin alfabesini hecelemekti. \u0130ffet ise sadece kad\u0131na hasredilen bir ahlak de\u011fildi. \u0130ffet erke\u011fin de \u00fczerine giymesi gereken en g\u00fczel elbiseydi. Yusuf da \u00f6yle yapt\u0131. Nefsiyle imtihan\u0131nda erkeklere, Z\u00fcleyha&#8217;ya kar\u015f\u0131 Yusuf olmay\u0131 \u00f6\u011fretti. Ellerine bakt\u0131\u011f\u0131nda hissetti\u011fi g\u00fc\u00e7 kalbinin derinliklerinden geliyordu. Kalbi ise Nemrutlarla yar\u0131\u015facak kadar cesurdu. Murat&#8217;\u0131n burnundan giren sinek beynini de\u011fil, \u00fczerine bas\u0131p \u00e7\u0131kt\u0131\u011f\u0131 t\u00fcm da\u011flar\u0131n\u0131 un ufak ediyordu. Arafta kalmak ise belki de en zoruydu. Bir yan\u0131n gece, bir yan\u0131n g\u00fcnd\u00fcz. K\u00fcbra gece ve g\u00fcnd\u00fcz\u00fcn ate\u015finde yanarken, ne ben olmay\u0131 bildi ne de o&#8230; Yasak meyveyi \u0131s\u0131rmak sadece a\u011f\u0131zda de\u011fil, t\u00fcm bedende zehre d\u00f6n\u00fc\u015f\u00fcyordu. G\u00f6n\u00fcl panzehrini ararken, Yusuf&#8217;un aynas\u0131nda neler g\u00f6rebilecekti&#8230; Gen\u00e7lik hata yapmak i\u00e7in ayr\u0131lm\u0131\u015f bir l\u00fcks de\u011fildi. Erdem her ya\u015fta g\u00fczel, her ya\u015fta \u00f6nemliydi. Meryem ve Emel, gece ve g\u00fcnd\u00fcz\u00fcn d\u00f6n\u00fc\u015f\u00fcml\u00fc varl\u0131klar\u0131nda kendi temellerini in\u015fa ediyordu. G\u00fcn onlar\u0131n da \u00fczerine do\u011farken herkes kendi evinin ayd\u0131nl\u0131\u011f\u0131yla ba\u015f ba\u015fayd\u0131. Toprak, mahzun, masum, k\u0131r\u0131lgan&#8230; Ate\u015f, duman\u0131n\u0131 \u00fcf\u00fcrmek i\u00e7in bak\u0131yor&#8230; Kalbinde ba\u015flatt\u0131\u011f\u0131 k\u0131zg\u0131n ate\u015f kendi cisminden bile daha yak\u0131c\u0131&#8230; Toprakla ezeli bir g\u00fcre\u015fe tutu\u015furken bazen yendi, bazen yenildi.   <\/p>\n","protected":false},"excerpt":{"rendered":"<p>Karanl\u0131k sadece g\u00f6ky\u00fcz\u00fcne ait de\u011fildi. Bazen duygular\u0131n dili olabiliyordu. Kalpse o dilin \u015fekle b\u00fcr\u00fcnd\u00fc\u011f\u00fc bir kapt\u0131. Karanl\u0131klar kalpten ye\u015fermeye ba\u015flad\u0131\u011f\u0131nda d\u00f6n\u00fcp g\u00f6r\u00fcnmez harflerle yaz\u0131lan o dili<span class=\"excerpt-hellip\"> [\u2026]<\/span><\/p>\n","protected":false},"featured_media":0,"template":"","meta":{"_monsterinsights_skip_tracking":false,"_monsterinsights_sitenote_active":false,"_monsterinsights_sitenote_note":"","_monsterinsights_sitenote_category":0},"product_brand":[],"product_cat":[12291,12711],"product_tag":[],"class_list":{"0":"post-745063","1":"product","2":"type-product","3":"status-publish","5":"product_cat-edebiyat","6":"product_cat-roman-oyku","7":"pa_cilt-ciltsiz","8":"pa_tur-kitap","9":"pa_yayinevi-karina-yayinevi","10":"pa_yazar-fatma-hilal-cinici","12":"first","13":"instock","14":"sale","15":"shipping-taxable","16":"purchasable","17":"product-type-simple"},"_links":{"self":[{"href":"https:\/\/roveyayinevi.com.tr\/index.php\/wp-json\/wp\/v2\/product\/745063","targetHints":{"allow":["GET"]}}],"collection":[{"href":"https:\/\/roveyayinevi.com.tr\/index.php\/wp-json\/wp\/v2\/product"}],"about":[{"href":"https:\/\/roveyayinevi.com.tr\/index.php\/wp-json\/wp\/v2\/types\/product"}],"wp:attachment":[{"href":"https:\/\/roveyayinevi.com.tr\/index.php\/wp-json\/wp\/v2\/media?parent=745063"}],"wp:term":[{"taxonomy":"product_brand","embeddable":true,"href":"https:\/\/roveyayinevi.com.tr\/index.php\/wp-json\/wp\/v2\/product_brand?post=745063"},{"taxonomy":"product_cat","embeddable":true,"href":"https:\/\/roveyayinevi.com.tr\/index.php\/wp-json\/wp\/v2\/product_cat?post=745063"},{"taxonomy":"product_tag","embeddable":true,"href":"https:\/\/roveyayinevi.com.tr\/index.php\/wp-json\/wp\/v2\/product_tag?post=745063"}],"curies":[{"name":"wp","href":"https:\/\/api.w.org\/{rel}","templated":true}]}}