{"id":745062,"date":"2025-08-28T02:10:47","date_gmt":"2025-08-27T23:10:47","guid":{"rendered":"https:\/\/roveyayinevi.com.tr\/index.php\/urun\/3004-numarali-oda\/"},"modified":"2026-04-16T02:57:29","modified_gmt":"2026-04-15T23:57:29","slug":"3004-numarali-oda","status":"publish","type":"product","link":"https:\/\/roveyayinevi.com.tr\/index.php\/urun\/3004-numarali-oda\/","title":{"rendered":"3004 Numaral\u0131 Oda"},"content":{"rendered":"<p>\u0130nsan\u0131n can\u0131 yanmayag\u00f6rs\u00fcn. Sevdikleri ellerinden gitmeyeg\u00f6rs\u00fcn. Hele ki masum, g\u00fcnahs\u0131z, su\u00e7suz bedenler zamans\u0131zca topra\u011fa d\u00fc\u015fmeyeg\u00f6rs\u00fcn. Ne kadar zaman ge\u00e7erse ge\u00e7sin ac\u0131lar bir t\u00fcrl\u00fc dinmez y\u00fcreklerde. Bu u\u011furda at\u0131lan ad\u0131mlar\u0131n hesab\u0131 g\u00f6r\u00fclmez, d\u00fc\u015f\u00fcn\u00fclmez. Ak\u0131l ba\u015ftan gitmi\u015ftir bir kere. Yap\u0131lan i\u015fin, verilen tepkinin, do\u011fru mu yanl\u0131\u015f m\u0131 oldu\u011funun fark\u0131na varam\u0131yor insan. Hep &#8220;akl\u0131selim olmak gerekir&#8221; diyoruz ya; hatalar\u0131, hatalarla kapatmaya \u00e7al\u0131\u015fan insanda o akl\u0131selim d\u00fc\u015f\u00fcnce kalam\u0131yor asl\u0131nda. <\/p>\n","protected":false},"excerpt":{"rendered":"<p>\u0130nsan\u0131n can\u0131 yanmayag\u00f6rs\u00fcn. Sevdikleri ellerinden gitmeyeg\u00f6rs\u00fcn. Hele ki masum, g\u00fcnahs\u0131z, su\u00e7suz bedenler zamans\u0131zca topra\u011fa d\u00fc\u015fmeyeg\u00f6rs\u00fcn. Ne kadar zaman ge\u00e7erse ge\u00e7sin ac\u0131lar bir t\u00fcrl\u00fc dinmez y\u00fcreklerde. Bu<span class=\"excerpt-hellip\"> [\u2026]<\/span><\/p>\n","protected":false},"featured_media":0,"template":"","meta":{"_monsterinsights_skip_tracking":false,"_monsterinsights_sitenote_active":false,"_monsterinsights_sitenote_note":"","_monsterinsights_sitenote_category":0},"product_brand":[],"product_cat":[12291,12711],"product_tag":[],"class_list":{"0":"post-745062","1":"product","2":"type-product","3":"status-publish","5":"product_cat-edebiyat","6":"product_cat-roman-oyku","7":"pa_cilt-ciltsiz","8":"pa_tur-kitap","9":"pa_yayinevi-karina-yayinevi","10":"pa_yazar-servet-akturk","12":"first","13":"instock","14":"sale","15":"shipping-taxable","16":"purchasable","17":"product-type-simple"},"_links":{"self":[{"href":"https:\/\/roveyayinevi.com.tr\/index.php\/wp-json\/wp\/v2\/product\/745062","targetHints":{"allow":["GET"]}}],"collection":[{"href":"https:\/\/roveyayinevi.com.tr\/index.php\/wp-json\/wp\/v2\/product"}],"about":[{"href":"https:\/\/roveyayinevi.com.tr\/index.php\/wp-json\/wp\/v2\/types\/product"}],"wp:attachment":[{"href":"https:\/\/roveyayinevi.com.tr\/index.php\/wp-json\/wp\/v2\/media?parent=745062"}],"wp:term":[{"taxonomy":"product_brand","embeddable":true,"href":"https:\/\/roveyayinevi.com.tr\/index.php\/wp-json\/wp\/v2\/product_brand?post=745062"},{"taxonomy":"product_cat","embeddable":true,"href":"https:\/\/roveyayinevi.com.tr\/index.php\/wp-json\/wp\/v2\/product_cat?post=745062"},{"taxonomy":"product_tag","embeddable":true,"href":"https:\/\/roveyayinevi.com.tr\/index.php\/wp-json\/wp\/v2\/product_tag?post=745062"}],"curies":[{"name":"wp","href":"https:\/\/api.w.org\/{rel}","templated":true}]}}