{"id":745061,"date":"2025-08-28T02:10:46","date_gmt":"2025-08-27T23:10:46","guid":{"rendered":"https:\/\/roveyayinevi.com.tr\/index.php\/urun\/etkinliklerle-ingilizce-ogreniyorum-3\/"},"modified":"2026-04-16T02:57:29","modified_gmt":"2026-04-15T23:57:29","slug":"etkinliklerle-ingilizce-ogreniyorum-3","status":"publish","type":"product","link":"https:\/\/roveyayinevi.com.tr\/index.php\/urun\/etkinliklerle-ingilizce-ogreniyorum-3\/","title":{"rendered":"Etkinliklerle \u0130ngilizce \u00d6\u011freniyorum &#8211; 3"},"content":{"rendered":"<p>Ele\u015ftir, boya, e\u011flen, \u0130ngilizceyi \u00f6\u011fren. Robix, Ya\u011fmur ve Mert \u00e7ocuklar\u0131 e\u011flenceli \u0130ngilizce etkinliklere kat\u0131lmay\u0131 davet ediyor! \u0130ngilizce \u00f6\u011frenmeye yeni ba\u015flayan okul \u00f6ncesi d\u00f6nemdeki \u00e7ocuklar i\u00e7in \u00f6zel olarak haz\u0131rlanan bu kitap, dil geli\u015fimini destekleyen birbirinden e\u011flenceli etkinlikler sunuyor. Kitapta yer alan labirent, e\u015fle\u015ftirme, boyama, bulmaca gibi etkinliklerle \u00e7ocuklar e\u011flenerek vakit ge\u00e7irirken ayn\u0131 zamanda dil becerilerini geli\u015ftirecek ve \u0130ngilizce s\u00f6zc\u00fcklerle c\u00fcmleleri kal\u0131c\u0131 \u015fekilde \u00f6\u011frenecekler. <\/p>\n","protected":false},"excerpt":{"rendered":"<p>Ele\u015ftir, boya, e\u011flen, \u0130ngilizceyi \u00f6\u011fren. Robix, Ya\u011fmur ve Mert \u00e7ocuklar\u0131 e\u011flenceli \u0130ngilizce etkinliklere kat\u0131lmay\u0131 davet ediyor! \u0130ngilizce \u00f6\u011frenmeye yeni ba\u015flayan okul \u00f6ncesi d\u00f6nemdeki \u00e7ocuklar i\u00e7in \u00f6zel<span class=\"excerpt-hellip\"> [\u2026]<\/span><\/p>\n","protected":false},"featured_media":0,"template":"","meta":{"_monsterinsights_skip_tracking":false,"_monsterinsights_sitenote_active":false,"_monsterinsights_sitenote_note":"","_monsterinsights_sitenote_category":0},"product_brand":[],"product_cat":[12274,15842],"product_tag":[],"class_list":{"0":"post-745061","1":"product","2":"type-product","3":"status-publish","5":"product_cat-cocuk-ve-genclik-kitaplari","6":"product_cat-egitici-kitaplar","7":"pa_cilt-ciltsiz","8":"pa_tur-kitap","9":"pa_yayinevi-is-bankasi-kultur-yayinlari","10":"pa_yazar-elcin-kuzucu","12":"first","13":"instock","14":"sale","15":"shipping-taxable","16":"purchasable","17":"product-type-simple"},"_links":{"self":[{"href":"https:\/\/roveyayinevi.com.tr\/index.php\/wp-json\/wp\/v2\/product\/745061","targetHints":{"allow":["GET"]}}],"collection":[{"href":"https:\/\/roveyayinevi.com.tr\/index.php\/wp-json\/wp\/v2\/product"}],"about":[{"href":"https:\/\/roveyayinevi.com.tr\/index.php\/wp-json\/wp\/v2\/types\/product"}],"wp:attachment":[{"href":"https:\/\/roveyayinevi.com.tr\/index.php\/wp-json\/wp\/v2\/media?parent=745061"}],"wp:term":[{"taxonomy":"product_brand","embeddable":true,"href":"https:\/\/roveyayinevi.com.tr\/index.php\/wp-json\/wp\/v2\/product_brand?post=745061"},{"taxonomy":"product_cat","embeddable":true,"href":"https:\/\/roveyayinevi.com.tr\/index.php\/wp-json\/wp\/v2\/product_cat?post=745061"},{"taxonomy":"product_tag","embeddable":true,"href":"https:\/\/roveyayinevi.com.tr\/index.php\/wp-json\/wp\/v2\/product_tag?post=745061"}],"curies":[{"name":"wp","href":"https:\/\/api.w.org\/{rel}","templated":true}]}}