{"id":745058,"date":"2025-08-28T02:10:42","date_gmt":"2025-08-27T23:10:42","guid":{"rendered":"https:\/\/roveyayinevi.com.tr\/index.php\/urun\/arkadasim-caglar-kucuk-dedektiflerin-etkinlik-zamani\/"},"modified":"2026-04-16T02:57:29","modified_gmt":"2026-04-15T23:57:29","slug":"arkadasim-caglar-kucuk-dedektiflerin-etkinlik-zamani","status":"publish","type":"product","link":"https:\/\/roveyayinevi.com.tr\/index.php\/urun\/arkadasim-caglar-kucuk-dedektiflerin-etkinlik-zamani\/","title":{"rendered":"Arkada\u015f\u0131m \u00c7a\u011flar &#8211; K\u00fc\u00e7\u00fck Dedektiflerin Etkinlik Zaman\u0131"},"content":{"rendered":"<p>\u00c7a\u011flar ve Pelin ilk olaylar\u0131n\u0131 \u00e7\u00f6zecekler. Kurabiye kavanozu nas\u0131l kayboldu? \u0130ki dedektif olay yerini \u00e7ok dikkatli inceledi, izleri takip etti, robot resim \u00e7izdi ve parmak izlerini kar\u015f\u0131la\u015ft\u0131rd\u0131. Sen de onlara kat\u0131lmak ister misin? Kitapta seni neler bekliyor? * Bir dedektifin \u00f6\u011frenmesi gerekenler * Boyama ve resim tamamlama * Labirent * Kes-yap\u0131\u015ft\u0131r etkinli\u011fi * Dedektif kimli\u011fi <\/p>\n","protected":false},"excerpt":{"rendered":"<p>\u00c7a\u011flar ve Pelin ilk olaylar\u0131n\u0131 \u00e7\u00f6zecekler. Kurabiye kavanozu nas\u0131l kayboldu? \u0130ki dedektif olay yerini \u00e7ok dikkatli inceledi, izleri takip etti, robot resim \u00e7izdi ve parmak izlerini<span class=\"excerpt-hellip\"> [\u2026]<\/span><\/p>\n","protected":false},"featured_media":0,"template":"","meta":{"_monsterinsights_skip_tracking":false,"_monsterinsights_sitenote_active":false,"_monsterinsights_sitenote_note":"","_monsterinsights_sitenote_category":0},"product_brand":[],"product_cat":[12274,12631],"product_tag":[],"class_list":{"0":"post-745058","1":"product","2":"type-product","3":"status-publish","5":"product_cat-cocuk-ve-genclik-kitaplari","6":"product_cat-diger-cocuk-ve-genclik-kitaplari","7":"pa_cilt-ciltsiz","8":"pa_tur-kitap","9":"pa_yayinevi-is-bankasi-kultur-yayinlari","10":"pa_yazar-brigitte-paul","12":"first","13":"instock","14":"sale","15":"shipping-taxable","16":"purchasable","17":"product-type-simple"},"_links":{"self":[{"href":"https:\/\/roveyayinevi.com.tr\/index.php\/wp-json\/wp\/v2\/product\/745058","targetHints":{"allow":["GET"]}}],"collection":[{"href":"https:\/\/roveyayinevi.com.tr\/index.php\/wp-json\/wp\/v2\/product"}],"about":[{"href":"https:\/\/roveyayinevi.com.tr\/index.php\/wp-json\/wp\/v2\/types\/product"}],"wp:attachment":[{"href":"https:\/\/roveyayinevi.com.tr\/index.php\/wp-json\/wp\/v2\/media?parent=745058"}],"wp:term":[{"taxonomy":"product_brand","embeddable":true,"href":"https:\/\/roveyayinevi.com.tr\/index.php\/wp-json\/wp\/v2\/product_brand?post=745058"},{"taxonomy":"product_cat","embeddable":true,"href":"https:\/\/roveyayinevi.com.tr\/index.php\/wp-json\/wp\/v2\/product_cat?post=745058"},{"taxonomy":"product_tag","embeddable":true,"href":"https:\/\/roveyayinevi.com.tr\/index.php\/wp-json\/wp\/v2\/product_tag?post=745058"}],"curies":[{"name":"wp","href":"https:\/\/api.w.org\/{rel}","templated":true}]}}