{"id":745057,"date":"2025-08-28T02:10:41","date_gmt":"2025-08-27T23:10:41","guid":{"rendered":"https:\/\/roveyayinevi.com.tr\/index.php\/urun\/arkadasim-elif-dikkat-ve-boyama-etkinlikleri\/"},"modified":"2026-04-16T02:57:29","modified_gmt":"2026-04-15T23:57:29","slug":"arkadasim-elif-dikkat-ve-boyama-etkinlikleri","status":"publish","type":"product","link":"https:\/\/roveyayinevi.com.tr\/index.php\/urun\/arkadasim-elif-dikkat-ve-boyama-etkinlikleri\/","title":{"rendered":"Arkada\u015f\u0131m Elif &#8211; Dikkat ve Boyama Etkinlikleri"},"content":{"rendered":"<p>\u00c7ocuklar, kitaptaki etkinliklerle dikkat toplama, ak\u0131l y\u00fcr\u00fctme, kar\u015f\u0131la\u015ft\u0131rma ve alg\u0131lama gibi becerilerini geli\u015ftirirken hem birinci s\u0131n\u0131fa haz\u0131rlanacak hem de e\u011flenceli vakit ge\u00e7irecekler.   *E\u015fle\u015ftirme-Fark bulma *Basit deneyler *Boyama *Labirent *Sudoku <\/p>\n","protected":false},"excerpt":{"rendered":"<p>\u00c7ocuklar, kitaptaki etkinliklerle dikkat toplama, ak\u0131l y\u00fcr\u00fctme, kar\u015f\u0131la\u015ft\u0131rma ve alg\u0131lama gibi becerilerini geli\u015ftirirken hem birinci s\u0131n\u0131fa haz\u0131rlanacak hem de e\u011flenceli vakit ge\u00e7irecekler. *E\u015fle\u015ftirme-Fark bulma *Basit deneyler<span class=\"excerpt-hellip\"> [\u2026]<\/span><\/p>\n","protected":false},"featured_media":0,"template":"","meta":{"_monsterinsights_skip_tracking":false,"_monsterinsights_sitenote_active":false,"_monsterinsights_sitenote_note":"","_monsterinsights_sitenote_category":0},"product_brand":[],"product_cat":[12644,12274],"product_tag":[],"class_list":{"0":"post-745057","1":"product","2":"type-product","3":"status-publish","5":"product_cat-boyama-kitaplari","6":"product_cat-cocuk-ve-genclik-kitaplari","7":"pa_cilt-ciltsiz","8":"pa_tur-kitap","9":"pa_yayinevi-is-bankasi-kultur-yayinlari","10":"pa_yazar-hanna-sorensen","12":"first","13":"instock","14":"sale","15":"shipping-taxable","16":"purchasable","17":"product-type-simple"},"_links":{"self":[{"href":"https:\/\/roveyayinevi.com.tr\/index.php\/wp-json\/wp\/v2\/product\/745057","targetHints":{"allow":["GET"]}}],"collection":[{"href":"https:\/\/roveyayinevi.com.tr\/index.php\/wp-json\/wp\/v2\/product"}],"about":[{"href":"https:\/\/roveyayinevi.com.tr\/index.php\/wp-json\/wp\/v2\/types\/product"}],"wp:attachment":[{"href":"https:\/\/roveyayinevi.com.tr\/index.php\/wp-json\/wp\/v2\/media?parent=745057"}],"wp:term":[{"taxonomy":"product_brand","embeddable":true,"href":"https:\/\/roveyayinevi.com.tr\/index.php\/wp-json\/wp\/v2\/product_brand?post=745057"},{"taxonomy":"product_cat","embeddable":true,"href":"https:\/\/roveyayinevi.com.tr\/index.php\/wp-json\/wp\/v2\/product_cat?post=745057"},{"taxonomy":"product_tag","embeddable":true,"href":"https:\/\/roveyayinevi.com.tr\/index.php\/wp-json\/wp\/v2\/product_tag?post=745057"}],"curies":[{"name":"wp","href":"https:\/\/api.w.org\/{rel}","templated":true}]}}