{"id":745048,"date":"2025-08-28T02:10:28","date_gmt":"2025-08-27T23:10:28","guid":{"rendered":"https:\/\/roveyayinevi.com.tr\/index.php\/urun\/acilara-tutunmak-ciltli\/"},"modified":"2026-04-16T02:57:28","modified_gmt":"2026-04-15T23:57:28","slug":"acilara-tutunmak-ciltli","status":"publish","type":"product","link":"https:\/\/roveyayinevi.com.tr\/index.php\/urun\/acilara-tutunmak-ciltli\/","title":{"rendered":"Ac\u0131lara Tutunmak (Ciltli)"},"content":{"rendered":"<p>ac\u0131 \u00e7ekmek \u00f6zg\u00fcrl\u00fckse \u00f6zg\u00fcrd\u00fck ikimiz de o yuvas\u0131z \u00e7al\u0131ku\u015fu bense kafeste kanarya o dola\u015fm\u0131\u015f daldan dala savurmu\u015f y\u00fcre\u011fini ben b\u00f6lm\u00fc\u015f\u00fcm y\u00fcre\u011fimi  ba\u015fkald\u0131ran dizelere *Ac\u0131lara Tutunmak *A\u011flamalar *Analar * Sonu\u00e7suz Bir Telefon Konu\u015fmas\u0131 * Ac\u0131tan Ger\u00e7ek * Ya\u015fl\u0131 Yan\u0131lg\u0131 *Ho\u015f\u00e7akal K\u00f6pr\u00fcs\u00fc * Ellerim *Tura\u00e7 *D\u00fc\u015f\u00fcnmek *Tan\u0131kl\u0131klar\u2019dan *\u00dcst\u00fcne *Umutlara Tutunmak *\u00d6zseven *Denizin \u00d6b\u00fcr Y\u00fcz\u00fc *Balaban\u2019a Balabanca Bir \u00d6vg\u00fc *Cac\u0131k *Picasso \u00c7e\u015fitlemesi *D\u00f6rtl\u00fckler *Mayaya Sayg\u0131 *Mozart Diye Bir Sa\u011fnak *Balball\u0131 *N\u00f6tron *Ay Topra\u011f\u0131 *Karma\u015fa G\u00fcl\u00fc *\u00c7amdan Sak\u0131z Ak\u0131yor *Geli\u015fini Sevsinler *\u2019G\u00f6z G\u00f6rd\u00fc G\u00f6n\u00fcl Sevdi\u2019 *Yineli   <\/p>\n","protected":false},"excerpt":{"rendered":"<p>ac\u0131 \u00e7ekmek \u00f6zg\u00fcrl\u00fckse \u00f6zg\u00fcrd\u00fck ikimiz de o yuvas\u0131z \u00e7al\u0131ku\u015fu bense kafeste kanarya o dola\u015fm\u0131\u015f daldan dala savurmu\u015f y\u00fcre\u011fini ben b\u00f6lm\u00fc\u015f\u00fcm y\u00fcre\u011fimi ba\u015fkald\u0131ran dizelere *Ac\u0131lara Tutunmak *A\u011flamalar<span class=\"excerpt-hellip\"> [\u2026]<\/span><\/p>\n","protected":false},"featured_media":0,"template":"","meta":{"_monsterinsights_skip_tracking":false,"_monsterinsights_sitenote_active":false,"_monsterinsights_sitenote_note":"","_monsterinsights_sitenote_category":0},"product_brand":[],"product_cat":[12291,12292],"product_tag":[],"class_list":{"0":"post-745048","1":"product","2":"type-product","3":"status-publish","5":"product_cat-edebiyat","6":"product_cat-turk-edebiyati","7":"pa_cilt-ciltli","8":"pa_tur-kitap","9":"pa_yayinevi-is-bankasi-kultur-yayinlari","10":"pa_yazar-hasan-huseyin","12":"first","13":"instock","14":"sale","15":"shipping-taxable","16":"purchasable","17":"product-type-simple"},"_links":{"self":[{"href":"https:\/\/roveyayinevi.com.tr\/index.php\/wp-json\/wp\/v2\/product\/745048","targetHints":{"allow":["GET"]}}],"collection":[{"href":"https:\/\/roveyayinevi.com.tr\/index.php\/wp-json\/wp\/v2\/product"}],"about":[{"href":"https:\/\/roveyayinevi.com.tr\/index.php\/wp-json\/wp\/v2\/types\/product"}],"wp:attachment":[{"href":"https:\/\/roveyayinevi.com.tr\/index.php\/wp-json\/wp\/v2\/media?parent=745048"}],"wp:term":[{"taxonomy":"product_brand","embeddable":true,"href":"https:\/\/roveyayinevi.com.tr\/index.php\/wp-json\/wp\/v2\/product_brand?post=745048"},{"taxonomy":"product_cat","embeddable":true,"href":"https:\/\/roveyayinevi.com.tr\/index.php\/wp-json\/wp\/v2\/product_cat?post=745048"},{"taxonomy":"product_tag","embeddable":true,"href":"https:\/\/roveyayinevi.com.tr\/index.php\/wp-json\/wp\/v2\/product_tag?post=745048"}],"curies":[{"name":"wp","href":"https:\/\/api.w.org\/{rel}","templated":true}]}}