{"id":745045,"date":"2025-08-28T02:10:23","date_gmt":"2025-08-27T23:10:23","guid":{"rendered":"https:\/\/roveyayinevi.com.tr\/index.php\/urun\/moliere\/"},"modified":"2026-04-16T02:57:28","modified_gmt":"2026-04-15T23:57:28","slug":"moliere","status":"publish","type":"product","link":"https:\/\/roveyayinevi.com.tr\/index.php\/urun\/moliere\/","title":{"rendered":"Moliere"},"content":{"rendered":"<p>George Sand (1804-1876): As\u0131l ad\u0131 Amandine Aurore Lucile Dupin olan yazar, George Sand ad\u0131n\u0131 ilkkez, 1832\u2019de yay\u0131mlanan Indiana adl\u0131 roman\u0131nda kulland\u0131. Toplumsal kurallara kar\u015f\u0131 \u00e7\u0131kan kad\u0131n kahraman\u0131n\u0131 savundu\u011fu bu eseriyle k\u0131sa s\u00fcrede \u00fcn kazand\u0131. Daha sonraki eserleriyle \u00f6zg\u00fcrl\u00fck sorununu sadece kad\u0131nlarla ilgili olarak de\u011fil, daha geni\u015f bir toplumsal ba\u011flamda ele ald\u0131\u011f\u0131n\u0131 g\u00f6sterdi. \u0130lk kez 1851\u2019de sahnelenen Moli\u00e8re\u2019de b\u00fcy\u00fck tiyatro ustas\u0131n\u0131n hayat\u0131n\u0131 olaylardan \u00e7ok duygular\u0131n analizine odaklanarak oyunla\u015ft\u0131rm\u0131\u015ft\u0131r. Her perdesi Moli\u00e8re\u2019in hayat\u0131n\u0131n bir b\u00f6l\u00fcm\u00fcn\u00fc konu alan oyun komedyadan tragedyaya do\u011fru a\u011f\u0131r ad\u0131mlarla ilerler. Sand\u2019\u0131n \u201cb\u00fcy\u00fck insan\u201d Moli\u00e8re\u2019e sayg\u0131s\u0131n\u0131 dile getirdi\u011fi bu eser T\u00fcrk\u00e7ede ilk defa okurla bulu\u015fuyor. <\/p>\n","protected":false},"excerpt":{"rendered":"<p>George Sand (1804-1876): As\u0131l ad\u0131 Amandine Aurore Lucile Dupin olan yazar, George Sand ad\u0131n\u0131 ilkkez, 1832\u2019de yay\u0131mlanan Indiana adl\u0131 roman\u0131nda kulland\u0131. Toplumsal kurallara kar\u015f\u0131 \u00e7\u0131kan kad\u0131n<span class=\"excerpt-hellip\"> [\u2026]<\/span><\/p>\n","protected":false},"featured_media":0,"template":"","meta":{"_monsterinsights_skip_tracking":false,"_monsterinsights_sitenote_active":false,"_monsterinsights_sitenote_note":"","_monsterinsights_sitenote_category":0},"product_brand":[],"product_cat":[12291,12711],"product_tag":[],"class_list":{"0":"post-745045","1":"product","2":"type-product","3":"status-publish","5":"product_cat-edebiyat","6":"product_cat-roman-oyku","7":"pa_cilt-ciltsiz","8":"pa_tur-kitap","9":"pa_yayinevi-is-bankasi-kultur-yayinlari","10":"pa_yazar-george-sand","12":"first","13":"instock","14":"sale","15":"shipping-taxable","16":"purchasable","17":"product-type-simple"},"_links":{"self":[{"href":"https:\/\/roveyayinevi.com.tr\/index.php\/wp-json\/wp\/v2\/product\/745045","targetHints":{"allow":["GET"]}}],"collection":[{"href":"https:\/\/roveyayinevi.com.tr\/index.php\/wp-json\/wp\/v2\/product"}],"about":[{"href":"https:\/\/roveyayinevi.com.tr\/index.php\/wp-json\/wp\/v2\/types\/product"}],"wp:attachment":[{"href":"https:\/\/roveyayinevi.com.tr\/index.php\/wp-json\/wp\/v2\/media?parent=745045"}],"wp:term":[{"taxonomy":"product_brand","embeddable":true,"href":"https:\/\/roveyayinevi.com.tr\/index.php\/wp-json\/wp\/v2\/product_brand?post=745045"},{"taxonomy":"product_cat","embeddable":true,"href":"https:\/\/roveyayinevi.com.tr\/index.php\/wp-json\/wp\/v2\/product_cat?post=745045"},{"taxonomy":"product_tag","embeddable":true,"href":"https:\/\/roveyayinevi.com.tr\/index.php\/wp-json\/wp\/v2\/product_tag?post=745045"}],"curies":[{"name":"wp","href":"https:\/\/api.w.org\/{rel}","templated":true}]}}