{"id":745042,"date":"2025-08-28T02:10:19","date_gmt":"2025-08-27T23:10:19","guid":{"rendered":"https:\/\/roveyayinevi.com.tr\/index.php\/urun\/kentlesen-alevilik-degisen-cem-rituelleri-ve-muzik\/"},"modified":"2026-04-16T02:57:28","modified_gmt":"2026-04-15T23:57:28","slug":"kentlesen-alevilik-degisen-cem-rituelleri-ve-muzik","status":"publish","type":"product","link":"https:\/\/roveyayinevi.com.tr\/index.php\/urun\/kentlesen-alevilik-degisen-cem-rituelleri-ve-muzik\/","title":{"rendered":"Kentle\u015fen Alevilik De\u011fi\u015fen Cem Rit\u00fcelleri Ve M\u00fczik"},"content":{"rendered":"<p>Pek \u00e7ok toplumda \u00e7e\u015fitli t\u00f6renler, rit\u00fcellerle g\u00f6r\u00fcn\u00fcrl\u00fck kazanm\u0131\u015f olan inan\u00e7 ve m\u00fczik ili\u015fkisi, m\u00fczi\u011fin varl\u0131\u011f\u0131na y\u00fcklenmi\u015f kutsal niteliklerle anlam kazanan bir d\u00fc\u015f\u00fcnceyi yans\u0131t\u0131r. Alevi gelene\u011finde cem rit\u00fcellerini ba\u015ftan sona y\u00f6neten bir unsur olarak kar\u015f\u0131m\u0131za \u00e7\u0131kan inan\u00e7 ve m\u00fczik birlikteli\u011fi ise m\u00fczi\u011fin ezgi, s\u00f6z, ritim, do\u011fa\u00e7lama ve icra gibi pek \u00e7ok unsuruna kodlanm\u0131\u015f bir maneviyatla varl\u0131k bulur. Cem rit\u00fcellerinde m\u00fczi\u011fe y\u00fcklenen anlam d\u00fcnyas\u0131 z\u00e2kirin dilinden ve telinden s\u00f6z, melodi, ritim gibi unsurlarla birle\u015ferek geli\u015fim g\u00f6stermi\u015f ve b\u00f6ylelikle gelene\u011fin felsefi kodlar\u0131n\u0131 ve kadim miras\u0131n\u0131 ta\u015f\u0131yan deyi\u015f, d\u00fcvaz, tevhit, semah vb. gibi s\u00f6zl\u00fc m\u00fczik t\u00fcrlerinin de olu\u015fmas\u0131n\u0131 sa\u011flam\u0131\u015ft\u0131r. <\/p>\n","protected":false},"excerpt":{"rendered":"<p>Pek \u00e7ok toplumda \u00e7e\u015fitli t\u00f6renler, rit\u00fcellerle g\u00f6r\u00fcn\u00fcrl\u00fck kazanm\u0131\u015f olan inan\u00e7 ve m\u00fczik ili\u015fkisi, m\u00fczi\u011fin varl\u0131\u011f\u0131na y\u00fcklenmi\u015f kutsal niteliklerle anlam kazanan bir d\u00fc\u015f\u00fcnceyi yans\u0131t\u0131r. Alevi gelene\u011finde cem<span class=\"excerpt-hellip\"> [\u2026]<\/span><\/p>\n","protected":false},"featured_media":0,"template":"","meta":{"_monsterinsights_skip_tracking":false,"_monsterinsights_sitenote_active":false,"_monsterinsights_sitenote_note":"","_monsterinsights_sitenote_category":0},"product_brand":[],"product_cat":[14591,14556],"product_tag":[],"class_list":{"0":"post-745042","1":"product","2":"type-product","3":"status-publish","5":"product_cat-genel-kavramlar-kuram-ve-tarihce","6":"product_cat-muzik","7":"pa_cilt-ciltsiz","8":"pa_tur-kitap","9":"pa_yayinevi-ani-yayincilik","10":"pa_yazar-kolektif","12":"first","13":"instock","14":"sale","15":"shipping-taxable","16":"purchasable","17":"product-type-simple"},"_links":{"self":[{"href":"https:\/\/roveyayinevi.com.tr\/index.php\/wp-json\/wp\/v2\/product\/745042","targetHints":{"allow":["GET"]}}],"collection":[{"href":"https:\/\/roveyayinevi.com.tr\/index.php\/wp-json\/wp\/v2\/product"}],"about":[{"href":"https:\/\/roveyayinevi.com.tr\/index.php\/wp-json\/wp\/v2\/types\/product"}],"wp:attachment":[{"href":"https:\/\/roveyayinevi.com.tr\/index.php\/wp-json\/wp\/v2\/media?parent=745042"}],"wp:term":[{"taxonomy":"product_brand","embeddable":true,"href":"https:\/\/roveyayinevi.com.tr\/index.php\/wp-json\/wp\/v2\/product_brand?post=745042"},{"taxonomy":"product_cat","embeddable":true,"href":"https:\/\/roveyayinevi.com.tr\/index.php\/wp-json\/wp\/v2\/product_cat?post=745042"},{"taxonomy":"product_tag","embeddable":true,"href":"https:\/\/roveyayinevi.com.tr\/index.php\/wp-json\/wp\/v2\/product_tag?post=745042"}],"curies":[{"name":"wp","href":"https:\/\/api.w.org\/{rel}","templated":true}]}}