{"id":745040,"date":"2025-08-28T02:10:17","date_gmt":"2025-08-27T23:10:17","guid":{"rendered":"https:\/\/roveyayinevi.com.tr\/index.php\/urun\/555-eglenceli-cikartma-korsan-gemisi\/"},"modified":"2026-04-16T02:57:28","modified_gmt":"2026-04-15T23:57:28","slug":"555-eglenceli-cikartma-korsan-gemisi","status":"publish","type":"product","link":"https:\/\/roveyayinevi.com.tr\/index.php\/urun\/555-eglenceli-cikartma-korsan-gemisi\/","title":{"rendered":"555 E\u011flenceli \u00c7\u0131kartma Korsan Gemisi"},"content":{"rendered":"<p>Korsanlar\u0131n yatakhanesinden g\u00f6zetleme kulesine, g\u00fcverteden h\u00fccrelere pek \u00e7ok \u00e7\u0131kartma\u2026 555 E\u011flenceli \u00c7\u0131kartma Korsan Gemisi kitab\u0131nda bir arada! Her sayfay\u0131 birbirinden renkli ve farkl\u0131 \u00e7\u0131kartmalarla s\u00fcsleyerek e\u011flenceli saatler ge\u00e7irebilirsiniz!<\/p>\n","protected":false},"excerpt":{"rendered":"<p>Korsanlar\u0131n yatakhanesinden g\u00f6zetleme kulesine, g\u00fcverteden h\u00fccrelere pek \u00e7ok \u00e7\u0131kartma\u2026 555 E\u011flenceli \u00c7\u0131kartma Korsan Gemisi kitab\u0131nda bir arada! Her sayfay\u0131 birbirinden renkli ve farkl\u0131 \u00e7\u0131kartmalarla s\u00fcsleyerek e\u011flenceli<span class=\"excerpt-hellip\"> [\u2026]<\/span><\/p>\n","protected":false},"featured_media":0,"template":"","meta":{"_monsterinsights_skip_tracking":false,"_monsterinsights_sitenote_active":false,"_monsterinsights_sitenote_note":"","_monsterinsights_sitenote_category":0},"product_brand":[],"product_cat":[12554,12274],"product_tag":[],"class_list":{"0":"post-745040","1":"product","2":"type-product","3":"status-publish","5":"product_cat-cikartmali-kitaplar","6":"product_cat-cocuk-ve-genclik-kitaplari","7":"pa_cilt-ciltsiz","8":"pa_tur-kitap","9":"pa_yayinevi-altin-kitaplar","10":"pa_yazar-kolektif","12":"first","13":"instock","14":"sale","15":"shipping-taxable","16":"purchasable","17":"product-type-simple"},"_links":{"self":[{"href":"https:\/\/roveyayinevi.com.tr\/index.php\/wp-json\/wp\/v2\/product\/745040","targetHints":{"allow":["GET"]}}],"collection":[{"href":"https:\/\/roveyayinevi.com.tr\/index.php\/wp-json\/wp\/v2\/product"}],"about":[{"href":"https:\/\/roveyayinevi.com.tr\/index.php\/wp-json\/wp\/v2\/types\/product"}],"wp:attachment":[{"href":"https:\/\/roveyayinevi.com.tr\/index.php\/wp-json\/wp\/v2\/media?parent=745040"}],"wp:term":[{"taxonomy":"product_brand","embeddable":true,"href":"https:\/\/roveyayinevi.com.tr\/index.php\/wp-json\/wp\/v2\/product_brand?post=745040"},{"taxonomy":"product_cat","embeddable":true,"href":"https:\/\/roveyayinevi.com.tr\/index.php\/wp-json\/wp\/v2\/product_cat?post=745040"},{"taxonomy":"product_tag","embeddable":true,"href":"https:\/\/roveyayinevi.com.tr\/index.php\/wp-json\/wp\/v2\/product_tag?post=745040"}],"curies":[{"name":"wp","href":"https:\/\/api.w.org\/{rel}","templated":true}]}}