{"id":745039,"date":"2025-08-28T02:10:16","date_gmt":"2025-08-27T23:10:16","guid":{"rendered":"https:\/\/roveyayinevi.com.tr\/index.php\/urun\/555-eglenceli-cikartma-deniz-kizlarinin-dunyasi\/"},"modified":"2026-04-16T02:57:28","modified_gmt":"2026-04-15T23:57:28","slug":"555-eglenceli-cikartma-deniz-kizlarinin-dunyasi","status":"publish","type":"product","link":"https:\/\/roveyayinevi.com.tr\/index.php\/urun\/555-eglenceli-cikartma-deniz-kizlarinin-dunyasi\/","title":{"rendered":"555 E\u011flenceli \u00c7\u0131kartma Deniz K\u0131zlar\u0131n\u0131n D\u00fcnyas\u0131"},"content":{"rendered":"<p>Su alt\u0131ndaki b\u00fcy\u00fcl\u00fc bir bah\u00e7eden yosun labirentine, yenge\u00e7 yar\u0131\u015flar\u0131ndan g\u00f6steri\u015fli \u015fatolara pek \u00e7ok \u00e7\u0131kartma\u2026 555 E\u011flenceli \u00c7\u0131kartma Deniz K\u0131zlar\u0131n\u0131n D\u00fcnyas\u0131 kitab\u0131nda bir arada! Her sayfay\u0131 birbirinden renkli ve farkl\u0131 \u00e7\u0131kartmalarla s\u00fcsleyerek e\u011flenceli saatler ge\u00e7irebilirsiniz!<\/p>\n","protected":false},"excerpt":{"rendered":"<p>Su alt\u0131ndaki b\u00fcy\u00fcl\u00fc bir bah\u00e7eden yosun labirentine, yenge\u00e7 yar\u0131\u015flar\u0131ndan g\u00f6steri\u015fli \u015fatolara pek \u00e7ok \u00e7\u0131kartma\u2026 555 E\u011flenceli \u00c7\u0131kartma Deniz K\u0131zlar\u0131n\u0131n D\u00fcnyas\u0131 kitab\u0131nda bir arada! Her sayfay\u0131 birbirinden<span class=\"excerpt-hellip\"> [\u2026]<\/span><\/p>\n","protected":false},"featured_media":0,"template":"","meta":{"_monsterinsights_skip_tracking":false,"_monsterinsights_sitenote_active":false,"_monsterinsights_sitenote_note":"","_monsterinsights_sitenote_category":0},"product_brand":[],"product_cat":[12554,12274],"product_tag":[],"class_list":{"0":"post-745039","1":"product","2":"type-product","3":"status-publish","5":"product_cat-cikartmali-kitaplar","6":"product_cat-cocuk-ve-genclik-kitaplari","7":"pa_cilt-ciltsiz","8":"pa_tur-kitap","9":"pa_yayinevi-altin-kitaplar-ozel-urun","10":"pa_yazar-kolektif","12":"first","13":"instock","14":"sale","15":"shipping-taxable","16":"purchasable","17":"product-type-simple"},"_links":{"self":[{"href":"https:\/\/roveyayinevi.com.tr\/index.php\/wp-json\/wp\/v2\/product\/745039","targetHints":{"allow":["GET"]}}],"collection":[{"href":"https:\/\/roveyayinevi.com.tr\/index.php\/wp-json\/wp\/v2\/product"}],"about":[{"href":"https:\/\/roveyayinevi.com.tr\/index.php\/wp-json\/wp\/v2\/types\/product"}],"wp:attachment":[{"href":"https:\/\/roveyayinevi.com.tr\/index.php\/wp-json\/wp\/v2\/media?parent=745039"}],"wp:term":[{"taxonomy":"product_brand","embeddable":true,"href":"https:\/\/roveyayinevi.com.tr\/index.php\/wp-json\/wp\/v2\/product_brand?post=745039"},{"taxonomy":"product_cat","embeddable":true,"href":"https:\/\/roveyayinevi.com.tr\/index.php\/wp-json\/wp\/v2\/product_cat?post=745039"},{"taxonomy":"product_tag","embeddable":true,"href":"https:\/\/roveyayinevi.com.tr\/index.php\/wp-json\/wp\/v2\/product_tag?post=745039"}],"curies":[{"name":"wp","href":"https:\/\/api.w.org\/{rel}","templated":true}]}}