{"id":745038,"date":"2025-08-28T02:10:15","date_gmt":"2025-08-27T23:10:15","guid":{"rendered":"https:\/\/roveyayinevi.com.tr\/index.php\/urun\/diocaesarea-dogu-nekropolis\/"},"modified":"2026-04-16T02:57:28","modified_gmt":"2026-04-15T23:57:28","slug":"diocaesarea-dogu-nekropolis","status":"publish","type":"product","link":"https:\/\/roveyayinevi.com.tr\/index.php\/urun\/diocaesarea-dogu-nekropolis\/","title":{"rendered":"Diocaesarea Do\u011fu Nekropolis"},"content":{"rendered":"<p>Diocaesarea antik kenti Dag\u0306l\u0131k Kilikia b\u00f6lgesinde, bug\u00fcn Mersin ili Silifke il\u00e7esinin yaklas\u0327\u0131k 25 km. kuzeyindeki Uzuncabur\u00e7 mahallesi i\u00e7erisindedir. Antik kent, iyi korunmus\u0327 arkeolojik kal\u0131nt\u0131lar\u0131yla \u00f6ne \u00e7\u0131kar ve Hellenistik, Roma ve Ge\u00e7 Antik D\u00f6nem eserlerini bar\u0131nd\u0131r\u0131r. Buras\u0131, Hellenistik D\u00f6nem\u2019de bir Rahip Krall\u0131k Hanedanl\u0131g\u0306\u0131 taraf\u0131ndan y\u00f6netilen, Olba olarak adland\u0131r\u0131lan b\u00f6lgenin idari ve dini merkezi rol\u00fcn\u00fc \u00fcstlenir. Hellenistik D\u00f6nem\u2019de Zeus Olbios Kutsal Alan\u0131 tap\u0131nak devletinin merkezidir. Bu \u00e7al\u0131s\u0327mada, antik kentteki Dog\u0306u Nekropolis ele al\u0131nm\u0131s\u0327t\u0131r. Dog\u0306u Nekropolis\u2019de s\u00fcrd\u00fcr\u00fclen kapsaml\u0131 temizlik ve belgeleme \u00e7al\u0131s\u0327malar\u0131nda bu mezarlardan \u00e7ok say\u0131da buluntu tespit edilmis\u0327 olmas\u0131 \u00f6nemlidir ve bu sebeple bu \u00e7al\u0131s\u0327mada Nekropolis\u2019de bulunan mezar tipolojisini incelenmesi ve b\u00f6lge \u00f6rnekleriyle tipolojik bir kars\u0327\u0131las\u0327t\u0131rma yapman\u0131n \u00f6tesinde materyal \u00e7al\u0131s\u0327malara da yer verilecektir. B\u00f6ylece bug\u00fcne kadar \u00e7og\u0306u teori d\u00fczeyinde kalan \u00e7es\u0327itli g\u00f6r\u00fcs\u0327ler, mezar buluntular\u0131 kapsam\u0131nda deg\u0306erlendirilecek, mezar tipleri i\u00e7in genel bir tarihleme kriteri ortaya konmaya \u00e7al\u0131s\u0327\u0131lacak ve antik kentin mezar mimarl\u0131g\u0306\u0131n\u0131n b\u00f6lge yerles\u0327imleri \u00fczerine etkileri incelenecektir. Buluntular\u0131n imkan verdig\u0306i \u00f6l\u00e7\u00fcde g\u00f6mme gelenekleri ve g\u00f6m\u00fc bag\u0306lam\u0131ndaki k\u00fclt eylemleri ele al\u0131nacakt\u0131r. \u00c7al\u0131s\u0327mada mezarlar ve buluntular ayr\u0131 b\u00f6l\u00fcmlerde ele al\u0131nm\u0131s\u0327t\u0131r. Nekropolis\u2019de tespit edilen sikke, seramik, metal, cam ve k\u00fc\u00e7\u00fck buluntulara makaleler \u015feklinde kitapta yer verilmi\u015ftir. Ayr\u0131ca, bu buluntulara ait kapsaml\u0131 kataloglar da kitap i\u00e7inde yer almaktad\u0131r.<\/p>\n","protected":false},"excerpt":{"rendered":"<p>Diocaesarea antik kenti Dag\u0306l\u0131k Kilikia b\u00f6lgesinde, bug\u00fcn Mersin ili Silifke il\u00e7esinin yaklas\u0327\u0131k 25 km. kuzeyindeki Uzuncabur\u00e7 mahallesi i\u00e7erisindedir. Antik kent, iyi korunmus\u0327 arkeolojik kal\u0131nt\u0131lar\u0131yla \u00f6ne \u00e7\u0131kar<span class=\"excerpt-hellip\"> [\u2026]<\/span><\/p>\n","protected":false},"featured_media":0,"template":"","meta":{"_monsterinsights_skip_tracking":false,"_monsterinsights_sitenote_active":false,"_monsterinsights_sitenote_note":"","_monsterinsights_sitenote_category":0},"product_brand":[],"product_cat":[52477,52478],"product_tag":[],"class_list":{"0":"post-745038","1":"product","2":"type-product","3":"status-publish","5":"product_cat-arastirma","6":"product_cat-arkeoloji","7":"pa_cilt-ciltsiz","8":"pa_tur-kitap","9":"pa_yayinevi-bilgin-kultur-sanat","10":"pa_yazar-umit-aydinoglu","12":"first","13":"instock","14":"sale","15":"shipping-taxable","16":"purchasable","17":"product-type-simple"},"_links":{"self":[{"href":"https:\/\/roveyayinevi.com.tr\/index.php\/wp-json\/wp\/v2\/product\/745038","targetHints":{"allow":["GET"]}}],"collection":[{"href":"https:\/\/roveyayinevi.com.tr\/index.php\/wp-json\/wp\/v2\/product"}],"about":[{"href":"https:\/\/roveyayinevi.com.tr\/index.php\/wp-json\/wp\/v2\/types\/product"}],"wp:attachment":[{"href":"https:\/\/roveyayinevi.com.tr\/index.php\/wp-json\/wp\/v2\/media?parent=745038"}],"wp:term":[{"taxonomy":"product_brand","embeddable":true,"href":"https:\/\/roveyayinevi.com.tr\/index.php\/wp-json\/wp\/v2\/product_brand?post=745038"},{"taxonomy":"product_cat","embeddable":true,"href":"https:\/\/roveyayinevi.com.tr\/index.php\/wp-json\/wp\/v2\/product_cat?post=745038"},{"taxonomy":"product_tag","embeddable":true,"href":"https:\/\/roveyayinevi.com.tr\/index.php\/wp-json\/wp\/v2\/product_tag?post=745038"}],"curies":[{"name":"wp","href":"https:\/\/api.w.org\/{rel}","templated":true}]}}