{"id":745034,"date":"2025-08-28T02:10:10","date_gmt":"2025-08-27T23:10:10","guid":{"rendered":"https:\/\/roveyayinevi.com.tr\/index.php\/urun\/dikkat-gelistiren-robotik-kodlama-etkinlikleri\/"},"modified":"2026-04-16T02:57:28","modified_gmt":"2026-04-15T23:57:28","slug":"dikkat-gelistiren-robotik-kodlama-etkinlikleri","status":"publish","type":"product","link":"https:\/\/roveyayinevi.com.tr\/index.php\/urun\/dikkat-gelistiren-robotik-kodlama-etkinlikleri\/","title":{"rendered":"Dikkat Geli\u015ftiren Robotik Kodlama Etkinlikleri"},"content":{"rendered":"<p>Bilgisayar programlar\u0131 kodlardan olu\u015fmaktad\u0131r. Okul \u00f6ncesi \u00f6\u011frenciler okuma yazma bilmedi\u011finden kodlama e\u011fitimi \u015fekillerle, y\u00f6n kavramlar\u0131yla ve renklerle \u00f6\u011fretilmeye \u00e7al\u0131\u015f\u0131l\u0131r. Bu yap\u0131l\u0131rken kalemle y\u00f6nerge takip edilir; \u015fekiller olu\u015fturulur. Kodlama y\u00f6ntemiyle \u00e7ocuklara sa\u011f, sol, a\u015fa\u011f\u0131, yukar\u0131, sa\u011f \u00fcst k\u00f6\u015fe, sol \u00fcst k\u00f6\u015fe, alt k\u00f6\u015fe kavramlar\u0131 verilmeye \u00e7al\u0131\u015f\u0131l\u0131r. \u00c7ocuklara temel kodlama, s\u0131ralama, oyunla\u015ft\u0131rma y\u00f6ntemiyle \u00f6\u011fretme; d\u00f6ng\u00fc ve diziler verilerek \u00f6\u011frenmeleri sa\u011flan\u0131r. \u00c7ocuklar bu y\u00f6ntemle oynayarak, e\u011flenerek \u00f6\u011frenme ger\u00e7ekle\u015ftirir. Bu yolla \u00e7ocuklar\u0131n yarat\u0131c\u0131l\u0131klar\u0131, ele\u015ftirel d\u00fc\u015f\u00fcnmeleri, problem \u00e7\u00f6zme becerileri geli\u015ftirilir. \u00c7ocuklar hayat i\u00e7inde kazan\u0131lan bu beceriler sayesinde, \u00f6nlerine \u00e7\u0131kacak sorunlar kar\u015f\u0131s\u0131nda \u00e7\u00f6z\u00fcm \u00fcretme becerisi kazan\u0131rlar. Sorumluluk bilincini geli\u015ftirir. Ba\u011f\u0131ms\u0131z d\u00fc\u015f\u00fcnebilme yetisi geli\u015fir. Birlikte \u00e7al\u0131\u015fma becerileri kazan\u0131r. \u0130\u015fte bu kitap ile ama\u00e7lanan da budur. T\u00fcm veli ve \u00e7ocuklar\u0131m\u0131za sa\u011fl\u0131kl\u0131 ve mutlu bir gelecek dileriz. M. Naz EL\u00c7\u0130 Buket G\u00dcNE\u015e Tacettin KANDEM\u0130R <\/p>\n","protected":false},"excerpt":{"rendered":"<p>Bilgisayar programlar\u0131 kodlardan olu\u015fmaktad\u0131r. Okul \u00f6ncesi \u00f6\u011frenciler okuma yazma bilmedi\u011finden kodlama e\u011fitimi \u015fekillerle, y\u00f6n kavramlar\u0131yla ve renklerle \u00f6\u011fretilmeye \u00e7al\u0131\u015f\u0131l\u0131r. Bu yap\u0131l\u0131rken kalemle y\u00f6nerge takip edilir; \u015fekiller<span class=\"excerpt-hellip\"> [\u2026]<\/span><\/p>\n","protected":false},"featured_media":0,"template":"","meta":{"_monsterinsights_skip_tracking":false,"_monsterinsights_sitenote_active":false,"_monsterinsights_sitenote_note":"","_monsterinsights_sitenote_category":0},"product_brand":[],"product_cat":[12274,15842],"product_tag":[],"class_list":{"0":"post-745034","1":"product","2":"type-product","3":"status-publish","5":"product_cat-cocuk-ve-genclik-kitaplari","6":"product_cat-egitici-kitaplar","7":"pa_cilt-ciltsiz","8":"pa_tur-kitap","9":"pa_yayinevi-fark-yayinlari","10":"pa_yazar-m-naz-elci-tacettin-kandemir","12":"first","13":"instock","14":"sale","15":"shipping-taxable","16":"purchasable","17":"product-type-simple"},"_links":{"self":[{"href":"https:\/\/roveyayinevi.com.tr\/index.php\/wp-json\/wp\/v2\/product\/745034","targetHints":{"allow":["GET"]}}],"collection":[{"href":"https:\/\/roveyayinevi.com.tr\/index.php\/wp-json\/wp\/v2\/product"}],"about":[{"href":"https:\/\/roveyayinevi.com.tr\/index.php\/wp-json\/wp\/v2\/types\/product"}],"wp:attachment":[{"href":"https:\/\/roveyayinevi.com.tr\/index.php\/wp-json\/wp\/v2\/media?parent=745034"}],"wp:term":[{"taxonomy":"product_brand","embeddable":true,"href":"https:\/\/roveyayinevi.com.tr\/index.php\/wp-json\/wp\/v2\/product_brand?post=745034"},{"taxonomy":"product_cat","embeddable":true,"href":"https:\/\/roveyayinevi.com.tr\/index.php\/wp-json\/wp\/v2\/product_cat?post=745034"},{"taxonomy":"product_tag","embeddable":true,"href":"https:\/\/roveyayinevi.com.tr\/index.php\/wp-json\/wp\/v2\/product_tag?post=745034"}],"curies":[{"name":"wp","href":"https:\/\/api.w.org\/{rel}","templated":true}]}}