{"id":745029,"date":"2025-08-28T02:09:58","date_gmt":"2025-08-27T23:09:58","guid":{"rendered":"https:\/\/roveyayinevi.com.tr\/index.php\/urun\/3x4\/"},"modified":"2026-04-16T02:57:27","modified_gmt":"2026-04-15T23:57:27","slug":"3x4","status":"publish","type":"product","link":"https:\/\/roveyayinevi.com.tr\/index.php\/urun\/3x4\/","title":{"rendered":"3&#215;4"},"content":{"rendered":"<p>Zeynep ve s\u0131n\u0131f arkada\u015flar\u0131n\u0131n matematik dersi i\u00e7in bir \u00f6dev haz\u0131rlamalar\u0131 gerekiyor. \u00d6devleri, 12 nesneden olu\u015fan 2\u2019\u015ferli, 3\u2019erli veya 4\u2019erli gruplar \u00e7izmek! Peki, kimler neler se\u00e7ecek? Resimlerde geometrik \u015fekiller mi, m\u00fczik aletleri mi, arabalar m\u0131 yoksa bir a\u011fa\u00e7 m\u0131 olacak? Ivan Brunetti, kelimeler ve say\u0131larla oynamay\u0131 seven bir karikat\u00fcrist ve sanat\u00e7\u0131. D\u00fcnyay\u0131 say\u0131sal gruplar h\u00e2linde g\u00f6rmenin bir\u00e7ok \u015feyi anlamam\u0131za yard\u0131m etti\u011fine inan\u0131yor. Kitap boyunca g\u00f6rsellerde 3\u2019l\u00fc, 4\u2019l\u00fc, 6\u2019l\u0131 gruplar gizlenmi\u015f. Hadi, aramaya ba\u015flayal\u0131m! <\/p>\n","protected":false},"excerpt":{"rendered":"<p>Zeynep ve s\u0131n\u0131f arkada\u015flar\u0131n\u0131n matematik dersi i\u00e7in bir \u00f6dev haz\u0131rlamalar\u0131 gerekiyor. \u00d6devleri, 12 nesneden olu\u015fan 2\u2019\u015ferli, 3\u2019erli veya 4\u2019erli gruplar \u00e7izmek! Peki, kimler neler se\u00e7ecek? Resimlerde<span class=\"excerpt-hellip\"> [\u2026]<\/span><\/p>\n","protected":false},"featured_media":0,"template":"","meta":{"_monsterinsights_skip_tracking":false,"_monsterinsights_sitenote_active":false,"_monsterinsights_sitenote_note":"","_monsterinsights_sitenote_category":0},"product_brand":[],"product_cat":[12913,12274],"product_tag":[],"class_list":{"0":"post-745029","1":"product","2":"type-product","3":"status-publish","5":"product_cat-3-6-yas-kitaplari","6":"product_cat-cocuk-ve-genclik-kitaplari","7":"pa_cilt-ciltsiz","8":"pa_tur-kitap","9":"pa_yayinevi-vakifbank-kultur-yayinlari","10":"pa_yazar-ivan-brunetti","12":"first","13":"instock","14":"sale","15":"shipping-taxable","16":"purchasable","17":"product-type-simple"},"_links":{"self":[{"href":"https:\/\/roveyayinevi.com.tr\/index.php\/wp-json\/wp\/v2\/product\/745029","targetHints":{"allow":["GET"]}}],"collection":[{"href":"https:\/\/roveyayinevi.com.tr\/index.php\/wp-json\/wp\/v2\/product"}],"about":[{"href":"https:\/\/roveyayinevi.com.tr\/index.php\/wp-json\/wp\/v2\/types\/product"}],"wp:attachment":[{"href":"https:\/\/roveyayinevi.com.tr\/index.php\/wp-json\/wp\/v2\/media?parent=745029"}],"wp:term":[{"taxonomy":"product_brand","embeddable":true,"href":"https:\/\/roveyayinevi.com.tr\/index.php\/wp-json\/wp\/v2\/product_brand?post=745029"},{"taxonomy":"product_cat","embeddable":true,"href":"https:\/\/roveyayinevi.com.tr\/index.php\/wp-json\/wp\/v2\/product_cat?post=745029"},{"taxonomy":"product_tag","embeddable":true,"href":"https:\/\/roveyayinevi.com.tr\/index.php\/wp-json\/wp\/v2\/product_tag?post=745029"}],"curies":[{"name":"wp","href":"https:\/\/api.w.org\/{rel}","templated":true}]}}