{"id":745028,"date":"2025-08-28T02:09:57","date_gmt":"2025-08-27T23:09:57","guid":{"rendered":"https:\/\/roveyayinevi.com.tr\/index.php\/urun\/tilki-boginin-sarkisi\/"},"modified":"2026-04-16T02:57:27","modified_gmt":"2026-04-15T23:57:27","slug":"tilki-boginin-sarkisi","status":"publish","type":"product","link":"https:\/\/roveyayinevi.com.tr\/index.php\/urun\/tilki-boginin-sarkisi\/","title":{"rendered":"Tilki Bogi\u2019nin \u015eark\u0131s\u0131"},"content":{"rendered":"<p>Bogi, \u015fark\u0131 s\u00f6ylemeyi seven ve \u015fark\u0131lar\u0131yla herkesi mutlu etmek isteyen bir tilki. Ama ormanda ya\u015fayan herkes \u00e7ok me\u015fgul, Bogi\u2019yi dinleyecek kimse yok! O da bu y\u00fczden \u015fehre gitmeye karar veriyor. Acaba Bogi \u015fehirde ne yapacak? \u015eehirdekiler onu aralar\u0131na alacak m\u0131? Bogi \u015fark\u0131lar\u0131n\u0131 dinleyecek birilerini bulabilecek mi? Hadi, hep birlikte Tilki Bogi\u2019nin \u015eark\u0131s\u0131\u2019na kulak verelim ve bu sorulara cevap arayal\u0131m. <\/p>\n","protected":false},"excerpt":{"rendered":"<p>Bogi, \u015fark\u0131 s\u00f6ylemeyi seven ve \u015fark\u0131lar\u0131yla herkesi mutlu etmek isteyen bir tilki. Ama ormanda ya\u015fayan herkes \u00e7ok me\u015fgul, Bogi\u2019yi dinleyecek kimse yok! O da bu y\u00fczden<span class=\"excerpt-hellip\"> [\u2026]<\/span><\/p>\n","protected":false},"featured_media":0,"template":"","meta":{"_monsterinsights_skip_tracking":false,"_monsterinsights_sitenote_active":false,"_monsterinsights_sitenote_note":"","_monsterinsights_sitenote_category":0},"product_brand":[],"product_cat":[12913,12274],"product_tag":[],"class_list":{"0":"post-745028","1":"product","2":"type-product","3":"status-publish","5":"product_cat-3-6-yas-kitaplari","6":"product_cat-cocuk-ve-genclik-kitaplari","7":"pa_cilt-ciltsiz","8":"pa_tur-kitap","9":"pa_yayinevi-vakifbank-kultur-yayinlari","10":"pa_yazar-omur-kurt","12":"first","13":"instock","14":"sale","15":"shipping-taxable","16":"purchasable","17":"product-type-simple"},"_links":{"self":[{"href":"https:\/\/roveyayinevi.com.tr\/index.php\/wp-json\/wp\/v2\/product\/745028","targetHints":{"allow":["GET"]}}],"collection":[{"href":"https:\/\/roveyayinevi.com.tr\/index.php\/wp-json\/wp\/v2\/product"}],"about":[{"href":"https:\/\/roveyayinevi.com.tr\/index.php\/wp-json\/wp\/v2\/types\/product"}],"wp:attachment":[{"href":"https:\/\/roveyayinevi.com.tr\/index.php\/wp-json\/wp\/v2\/media?parent=745028"}],"wp:term":[{"taxonomy":"product_brand","embeddable":true,"href":"https:\/\/roveyayinevi.com.tr\/index.php\/wp-json\/wp\/v2\/product_brand?post=745028"},{"taxonomy":"product_cat","embeddable":true,"href":"https:\/\/roveyayinevi.com.tr\/index.php\/wp-json\/wp\/v2\/product_cat?post=745028"},{"taxonomy":"product_tag","embeddable":true,"href":"https:\/\/roveyayinevi.com.tr\/index.php\/wp-json\/wp\/v2\/product_tag?post=745028"}],"curies":[{"name":"wp","href":"https:\/\/api.w.org\/{rel}","templated":true}]}}