{"id":745026,"date":"2025-08-28T02:09:55","date_gmt":"2025-08-27T23:09:55","guid":{"rendered":"https:\/\/roveyayinevi.com.tr\/index.php\/urun\/adan-zye-aromaterapi-karisimlari-4-depresyon-stres-ve-kaygi-performans-enerji-odaklanma-uykusuzluk\/"},"modified":"2026-04-16T02:57:27","modified_gmt":"2026-04-15T23:57:27","slug":"adan-zye-aromaterapi-karisimlari-4-depresyon-stres-ve-kaygi-performans-enerji-odaklanma-uykusuzluk","status":"publish","type":"product","link":"https:\/\/roveyayinevi.com.tr\/index.php\/urun\/adan-zye-aromaterapi-karisimlari-4-depresyon-stres-ve-kaygi-performans-enerji-odaklanma-uykusuzluk\/","title":{"rendered":"A\u2019dan Z\u2019ye Aromaterapi Kar\u0131\u015f\u0131mlar\u0131 &#8211; 4 Depresyon, Stres ve Kayg\u0131,  Performans, Enerji, Odaklanma, Uykusuzluk"},"content":{"rendered":"<p>D\u00f6rt profes\u00f6rden alt\u0131 ana temada haz\u0131rlanan 346 \u00f6zg\u00fcn kar\u0131\u015f\u0131m\u2026   Aromaterapide kullan\u0131lan u\u00e7ucu ya\u011flar\u0131n ki\u015finin ruh halini, davran\u0131\u015f\u0131n\u0131 ve \u00fcretkenli\u011fini de\u011fi\u015ftirebilece\u011fi y\u0131llar i\u00e7inde bilimsel olarak kan\u0131tlanm\u0131\u015ft\u0131r.   19\u2019uncu y\u00fczy\u0131l ba\u015flar\u0131nda Frans\u0131z hekimlerin hastal\u0131klar\u0131n tedavisindeki potansiyelini fark etmesiyle u\u00e7ucu ya\u011flar, t\u0131bbi ama\u00e7larla kullan\u0131lmaya ba\u015flanm\u0131\u015ft\u0131r.   G\u00fcn\u00fcm\u00fczde hastal\u0131klar\u0131n tedavisinde, sa\u011fl\u0131\u011f\u0131n s\u00fcrd\u00fcr\u00fclmesinde ve hastal\u0131klardan korunmada do\u011fal kaynakl\u0131 ila\u00e7 hammaddelerinin ve onlardan elde edilen do\u011fal bile\u015fiklerin \u00f6nemli bir yere sahip oldu\u011fu g\u00f6r\u00fclmektedir.   U\u00e7ucu ya\u011flar\u0131n iyile\u015ftirici g\u00fcc\u00fc hakk\u0131nda \u00e7ok say\u0131da bilimsel \u00e7al\u0131\u015fma ve kitap yay\u0131nlanm\u0131\u015f; tedavi, kozmetik ve aromatik ama\u00e7larla kullan\u0131lan do\u011fal \u00fcr\u00fcnlerin \u00fcretimi de h\u0131zla artm\u0131\u015ft\u0131r.   Bu kitap, aralar\u0131nda Avrupa Farmokopesi (European Directorate for the Ouality of Medicine-EDQM) 13\/B (Herbal Drugs and Herbal Drug Preparations) uzmanlar grubu \u00fcyesi bir profes\u00f6r, Avrupa Farmakopesi T\u00fcrkiye Delegesi olarak g\u00f6rev yapm\u0131\u015f bir profes\u00f6r ile Avrupa Bilimsel Fitoterapi Birli\u011fi (European Scientific Cooperative on Phytotherapy-ESCOP) bilimsel komitesi dan\u0131\u015fman edit\u00f6rler kurulu \u00fcyesi bir profes\u00f6r\u00fcn de bulundu\u011fu, yurti\u00e7inde ve yurt d\u0131\u015f\u0131nda bir\u00e7ok bilimsel dergide makaleleri yay\u0131nlanan, 4 profes\u00f6rden olu\u015fan bir grup taraf\u0131ndan haz\u0131rlanm\u0131\u015ft\u0131r. \u00c7e\u015fitli bilimsel kaynaklar ve konuya ili\u015fkin web siteleri \u00fczerinde yap\u0131lan inceleme ve de\u011ferlendirmeler sonucunda derlenen bilgilerin, yazarlar\u0131n uzun y\u0131llara dayanan bilgi birikimleri ve deneyimlerinin s\u00fczgecinden ge\u00e7irilmesi ile kaleme al\u0131narak okuyucuya sunulmu\u015ftur.   Ayn\u0131 zamanda T\u00fcrkiye\u2019de \u00e7ok satan, Tamamlay\u0131c\u0131 T\u0131p Onay\u0131 ve G\u00fcvenli Kullan\u0131m \u00d6nerileriyle bir ilk olan \u2018A\u2019dan Z\u2019ye T\u0131bbi Bitkiler\u2019 ve \u2018A\u2019dan Z\u2019ye T\u0131bbi Ya\u011flar ve Aromatik Sular\u2019 kitaplar\u0131n\u0131n yazarlar\u0131ndan da olan d\u00f6rt profes\u00f6r, 6 ciltten olu\u015fan \u2018A\u2019dan Z\u2019ye Aromaterapi Kar\u0131\u015f\u0131mlar\u0131\u2019 serisinin bu d\u00f6rd\u00fcnc\u00fc kitab\u0131nda; t\u0131bbi etkinlikleri bilimsel olarak kan\u0131tlanm\u0131\u015f u\u00e7ucu ya\u011flardan ve di\u011fer do\u011fal \u00fcr\u00fcnlerden hareketle haz\u0131rlanan; Depresyon, Stres ve Kayg\u0131, Performans, Enerji, Odaklanma ve Uykusuzluk ana temalar\u0131nda haz\u0131rlad\u0131\u011f\u0131m\u0131z 346 adet aromaterapi kar\u0131\u015f\u0131m\u0131 bulunmaktad\u0131r.   T\u0131bbi ya\u011flar\u0131n fiziksel problemlerinizin yan\u0131 s\u0131ra psikolojinizi de olumlu etkilemesini dileriz\u2026<\/p>\n","protected":false},"excerpt":{"rendered":"<p>D\u00f6rt profes\u00f6rden alt\u0131 ana temada haz\u0131rlanan 346 \u00f6zg\u00fcn kar\u0131\u015f\u0131m\u2026 Aromaterapide kullan\u0131lan u\u00e7ucu ya\u011flar\u0131n ki\u015finin ruh halini, davran\u0131\u015f\u0131n\u0131 ve \u00fcretkenli\u011fini de\u011fi\u015ftirebilece\u011fi y\u0131llar i\u00e7inde bilimsel olarak kan\u0131tlanm\u0131\u015ft\u0131r. 19\u2019uncu<span class=\"excerpt-hellip\"> [\u2026]<\/span><\/p>\n","protected":false},"featured_media":0,"template":"","meta":{"_monsterinsights_skip_tracking":false,"_monsterinsights_sitenote_active":false,"_monsterinsights_sitenote_note":"","_monsterinsights_sitenote_category":0},"product_brand":[],"product_cat":[13397,13365],"product_tag":[],"class_list":{"0":"post-745026","1":"product","2":"type-product","3":"status-publish","5":"product_cat-alternatif-tip-sifali-bitkiler","6":"product_cat-saglik","7":"pa_cilt-ciltsiz","8":"pa_tur-kitap","9":"pa_yayinevi-hayykitap","10":"pa_yazar-kolektif","12":"first","13":"instock","14":"sale","15":"shipping-taxable","16":"purchasable","17":"product-type-simple"},"_links":{"self":[{"href":"https:\/\/roveyayinevi.com.tr\/index.php\/wp-json\/wp\/v2\/product\/745026","targetHints":{"allow":["GET"]}}],"collection":[{"href":"https:\/\/roveyayinevi.com.tr\/index.php\/wp-json\/wp\/v2\/product"}],"about":[{"href":"https:\/\/roveyayinevi.com.tr\/index.php\/wp-json\/wp\/v2\/types\/product"}],"wp:attachment":[{"href":"https:\/\/roveyayinevi.com.tr\/index.php\/wp-json\/wp\/v2\/media?parent=745026"}],"wp:term":[{"taxonomy":"product_brand","embeddable":true,"href":"https:\/\/roveyayinevi.com.tr\/index.php\/wp-json\/wp\/v2\/product_brand?post=745026"},{"taxonomy":"product_cat","embeddable":true,"href":"https:\/\/roveyayinevi.com.tr\/index.php\/wp-json\/wp\/v2\/product_cat?post=745026"},{"taxonomy":"product_tag","embeddable":true,"href":"https:\/\/roveyayinevi.com.tr\/index.php\/wp-json\/wp\/v2\/product_tag?post=745026"}],"curies":[{"name":"wp","href":"https:\/\/api.w.org\/{rel}","templated":true}]}}