{"id":745025,"date":"2025-08-28T02:09:54","date_gmt":"2025-08-27T23:09:54","guid":{"rendered":"https:\/\/roveyayinevi.com.tr\/index.php\/urun\/kirmizi-pelerin\/"},"modified":"2026-04-16T02:57:27","modified_gmt":"2026-04-15T23:57:27","slug":"kirmizi-pelerin","status":"publish","type":"product","link":"https:\/\/roveyayinevi.com.tr\/index.php\/urun\/kirmizi-pelerin\/","title":{"rendered":"K\u0131rm\u0131z\u0131 Pelerin"},"content":{"rendered":"<p>Zaman\u0131nda zihnimize yaz\u0131lanlar, sonradan kaderimizi yazar\u2026 A\u00e7\u0131k kap\u0131dan k\u0131rm\u0131z\u0131 pelerinli bir k\u0131z giriyor i\u00e7eri. Bir filmden, bir masaldan kopup gelivermi\u015f gibi hali var. Sabah ezan\u0131 okunurken, g\u00fcn daha tam do\u011fmam\u0131\u015f, etraf hen\u00fcz tam ayd\u0131nlanmam\u0131\u015fken insan\u0131n i\u00e7ine bir \u00fcrperti gelir ya, ona benzer bir duygu i\u00e7imi yalay\u0131p ge\u00e7iyor. Hayalet gibi\u2026 \u015eu anda kap\u0131y\u0131 bir a\u00e7an olsa, bu k\u0131z\u0131n odan\u0131n ortas\u0131nda, g\u00f6zleri kapal\u0131, pelerinin etekleri havalanm\u0131\u015f, \u00f6ylece d\u00f6nd\u00fc\u011f\u00fcn\u00fc, benim de keyifle onu seyretti\u011fimi g\u00f6rse ne d\u00fc\u015f\u00fcn\u00fcr acaba? Ne diyecek, \u201cBiri deli, biri de deli doktoru\u201d der. Onu hu\u015fu i\u00e7inde seyrederken, \u201cAcaba ya\u015fad\u0131\u011f\u0131 hangi ac\u0131lar, i\u00e7ine d\u00fc\u015ft\u00fc\u011f\u00fc hangi \u00e7\u0131kmazlar onu bir ruh doktorunun odas\u0131nda b\u00f6ylesine d\u00f6nd\u00fcr\u00fcyor?\u201d diyorum i\u00e7imden. \u0130nsan bir psikiyatri klini\u011fine giderken neden b\u00f6yle bir pelerin giyer, neden ba\u015f\u0131na \u00f6n\u00fc t\u00fcll\u00fc bir \u015fapka takar ki\u2026 Bunlar\u0131n bir anlam\u0131 olmal\u0131. Ve \u00e7ok ge\u00e7meden ya\u015fanan ac\u0131lar, ince bir s\u0131z\u0131 gibi tel tel d\u00f6k\u00fcl\u00fcyor a\u011fz\u0131ndan. Ac\u0131n\u0131n, korkunun, a\u015fk\u0131n, sevdan\u0131n, umudun, umutsuzlu\u011fun en b\u00fcy\u00fc\u011f\u00fcn\u00fc ya\u015fam\u0131\u015f bu k\u0131z. \u00c7ocuklukta ya\u015fanan bir tacizin, bu tacizin koyu g\u00f6lgesi alt\u0131nda ge\u00e7en y\u0131llar\u0131n, yaln\u0131zl\u0131\u011f\u0131n, kimsesizli\u011fin, her \u015fey bitti derken a\u00e7\u0131lan yepyeni kap\u0131lar\u0131n, k\u0131saca iyisiyle k\u00f6t\u00fcs\u00fcyle macera dolu, dokunakl\u0131 bir hayat\u0131n hik\u00e2yesi bu; \u00e7ok masum bir a\u015fk hik\u00e2yesi asl\u0131nda.  Kitab\u0131n bir yerlerinde mutlaka kendinizle ve sizde iz b\u0131rakanlarla kar\u015f\u0131la\u015facaks\u0131n\u0131z. Umar\u0131m onlar\u0131 iyi tan\u0131r, \u00f6nce kendinize, sonra da onlara biraz daha ho\u015fg\u00f6r\u00fcyle yakla\u015fabilirsiniz. G\u00fclseren Buday\u0131c\u0131o\u011flu, 3 Kas\u0131m 2022, \u0130stanbul Bir kitab\u0131 yar\u0131ya gelince hemen ko\u015fup di\u011ferini almak&#8230; Okumaya k\u0131yamamak, okumadan duramamak<\/p>\n","protected":false},"excerpt":{"rendered":"<p>Zaman\u0131nda zihnimize yaz\u0131lanlar, sonradan kaderimizi yazar\u2026 A\u00e7\u0131k kap\u0131dan k\u0131rm\u0131z\u0131 pelerinli bir k\u0131z giriyor i\u00e7eri. Bir filmden, bir masaldan kopup gelivermi\u015f gibi hali var. Sabah ezan\u0131 okunurken,<span class=\"excerpt-hellip\"> [\u2026]<\/span><\/p>\n","protected":false},"featured_media":0,"template":"","meta":{"_monsterinsights_skip_tracking":false,"_monsterinsights_sitenote_active":false,"_monsterinsights_sitenote_note":"","_monsterinsights_sitenote_category":0},"product_brand":[],"product_cat":[12291,12711],"product_tag":[],"class_list":{"0":"post-745025","1":"product","2":"type-product","3":"status-publish","5":"product_cat-edebiyat","6":"product_cat-roman-oyku","7":"pa_cilt-ciltsiz","8":"pa_tur-kitap","9":"pa_yayinevi-dogan-kitap","10":"pa_yazar-gulseren-budayicioglu","12":"first","13":"instock","14":"sale","15":"shipping-taxable","16":"purchasable","17":"product-type-simple"},"_links":{"self":[{"href":"https:\/\/roveyayinevi.com.tr\/index.php\/wp-json\/wp\/v2\/product\/745025","targetHints":{"allow":["GET"]}}],"collection":[{"href":"https:\/\/roveyayinevi.com.tr\/index.php\/wp-json\/wp\/v2\/product"}],"about":[{"href":"https:\/\/roveyayinevi.com.tr\/index.php\/wp-json\/wp\/v2\/types\/product"}],"wp:attachment":[{"href":"https:\/\/roveyayinevi.com.tr\/index.php\/wp-json\/wp\/v2\/media?parent=745025"}],"wp:term":[{"taxonomy":"product_brand","embeddable":true,"href":"https:\/\/roveyayinevi.com.tr\/index.php\/wp-json\/wp\/v2\/product_brand?post=745025"},{"taxonomy":"product_cat","embeddable":true,"href":"https:\/\/roveyayinevi.com.tr\/index.php\/wp-json\/wp\/v2\/product_cat?post=745025"},{"taxonomy":"product_tag","embeddable":true,"href":"https:\/\/roveyayinevi.com.tr\/index.php\/wp-json\/wp\/v2\/product_tag?post=745025"}],"curies":[{"name":"wp","href":"https:\/\/api.w.org\/{rel}","templated":true}]}}