{"id":745016,"date":"2025-08-28T02:09:42","date_gmt":"2025-08-27T23:09:42","guid":{"rendered":"https:\/\/roveyayinevi.com.tr\/index.php\/urun\/son-somurge-cocuk\/"},"modified":"2026-04-16T02:57:27","modified_gmt":"2026-04-15T23:57:27","slug":"son-somurge-cocuk","status":"publish","type":"product","link":"https:\/\/roveyayinevi.com.tr\/index.php\/urun\/son-somurge-cocuk\/","title":{"rendered":"Son S\u00f6m\u00fcrge \u00c7ocuk"},"content":{"rendered":"<p>End\u00fcstriyel toplumlar\u0131n yeti\u015fkin insanlar\u0131, \u00e7ocuklu\u011fun t\u00fcm belirgin niteliklerini yitirdiler: Oyun, merak, \u015fa\u015f\u0131rma yetene\u011fi, oyun ve fantezi yetene\u011fi. Art\u0131k o ruhsal ve duygusal a\u00e7\u0131dan ne yeti\u015fkin bir birey ne de \u00e7ocuktur; end\u00fcstriyel \u00fcr\u00fcnlerin art\u0131klar\u0131yla fantezi ya\u015fam\u0131n\u0131 besleyen edilgin ve su\u00e7luluk duygusu i\u00e7inde bir insand\u0131r. Oyun bi\u00e7imleri yozla\u015fm\u0131\u015ft\u0131r. Bizim tan\u0131d\u0131\u011f\u0131m\u0131z \u00e7ocuk yeti\u015fkinler, toplumun \u00e7ocukla\u015ft\u0131rd\u0131\u011f\u0131, su\u00e7luluk duygusu i\u00e7inde b\u00fcy\u00fctt\u00fc\u011f\u00fc bir \u00e7ocuktur. Bir \u00e7ocuk gibi e\u011flenmek, yeti\u015fkinlerin \u00e7o\u011funlu\u011fu i\u00e7in art\u0131k olanak d\u0131\u015f\u0131\u2026<\/p>\n","protected":false},"excerpt":{"rendered":"<p>End\u00fcstriyel toplumlar\u0131n yeti\u015fkin insanlar\u0131, \u00e7ocuklu\u011fun t\u00fcm belirgin niteliklerini yitirdiler: Oyun, merak, \u015fa\u015f\u0131rma yetene\u011fi, oyun ve fantezi yetene\u011fi. Art\u0131k o ruhsal ve duygusal a\u00e7\u0131dan ne yeti\u015fkin bir<span class=\"excerpt-hellip\"> [\u2026]<\/span><\/p>\n","protected":false},"featured_media":0,"template":"","meta":{"_monsterinsights_skip_tracking":false,"_monsterinsights_sitenote_active":false,"_monsterinsights_sitenote_note":"","_monsterinsights_sitenote_category":0},"product_brand":[],"product_cat":[12358,12357],"product_tag":[],"class_list":{"0":"post-745016","1":"product","2":"type-product","3":"status-publish","5":"product_cat-genel-psikoloji","6":"product_cat-psikoloji","7":"pa_cilt-ciltsiz","8":"pa_tur-kitap","9":"pa_yayinevi-cem-yayinevi","10":"pa_yazar-gerard-mendel","12":"first","13":"instock","14":"sale","15":"shipping-taxable","16":"purchasable","17":"product-type-simple"},"_links":{"self":[{"href":"https:\/\/roveyayinevi.com.tr\/index.php\/wp-json\/wp\/v2\/product\/745016","targetHints":{"allow":["GET"]}}],"collection":[{"href":"https:\/\/roveyayinevi.com.tr\/index.php\/wp-json\/wp\/v2\/product"}],"about":[{"href":"https:\/\/roveyayinevi.com.tr\/index.php\/wp-json\/wp\/v2\/types\/product"}],"wp:attachment":[{"href":"https:\/\/roveyayinevi.com.tr\/index.php\/wp-json\/wp\/v2\/media?parent=745016"}],"wp:term":[{"taxonomy":"product_brand","embeddable":true,"href":"https:\/\/roveyayinevi.com.tr\/index.php\/wp-json\/wp\/v2\/product_brand?post=745016"},{"taxonomy":"product_cat","embeddable":true,"href":"https:\/\/roveyayinevi.com.tr\/index.php\/wp-json\/wp\/v2\/product_cat?post=745016"},{"taxonomy":"product_tag","embeddable":true,"href":"https:\/\/roveyayinevi.com.tr\/index.php\/wp-json\/wp\/v2\/product_tag?post=745016"}],"curies":[{"name":"wp","href":"https:\/\/api.w.org\/{rel}","templated":true}]}}