{"id":745015,"date":"2025-08-28T02:09:41","date_gmt":"2025-08-27T23:09:41","guid":{"rendered":"https:\/\/roveyayinevi.com.tr\/index.php\/urun\/sosyalizm-2\/"},"modified":"2026-04-16T02:57:27","modified_gmt":"2026-04-15T23:57:27","slug":"sosyalizm-2","status":"publish","type":"product","link":"https:\/\/roveyayinevi.com.tr\/index.php\/urun\/sosyalizm-2\/","title":{"rendered":"Sosyalizm"},"content":{"rendered":"<p>&#8220;Saint-Simonculu\u011fu bu denli uzun uzad\u0131ya incelememizin nedeni, verimli g\u00f6zlemleri onunki kadar  bol   ba\u015fka   \u00f6\u011freti  olmamas\u0131n\u0131n yan\u0131 s\u0131ra, bu okulun kimi bak\u0131mlardan tam anlam\u0131yla g\u00fcncel olmas\u0131d\u0131r. Onu incelemek, bug\u00fcn i\u00e7inde bulundu\u011fumuz durumlar\u0131 daha iyi anlamam\u0131z\u0131 sa\u011flayacakt\u0131r.  Ger\u00e7ekten de incelemi\u015f bulundu\u011fumuz d\u00f6nem ile \u015fimdi i\u00e7inde ya\u015fad\u0131\u011f\u0131m\u0131z d\u00f6nem aras\u0131ndaki benzerlikler \u00e7ok \u00e7arp\u0131c\u0131d\u0131r\u2026 Toplumbilim d\u00fc\u015f\u00fcncesi, bu s\u00f6zc\u00fc\u011f\u00fcn kendisi bilinmez olacak \u00f6l\u00e7\u00fcde karanl\u0131\u011fa g\u00f6m\u00fclm\u00fc\u015fken, ola\u011fan\u00fcst\u00fc bir h\u0131zla yeniden yayg\u0131nla\u015ft\u0131; &#8230; kendisine ili\u015fkin d\u00fc\u015f\u00fcnceler ne denli belirsiz olursa olsun, yitirdi\u011finden daha \u00e7ok alan kazand\u0131\u011f\u0131 yads\u0131namaz; son olarak da, toplumcu d\u00fc\u015f\u00fcncenin son y\u0131llarda ger\u00e7ekle\u015ftirdi\u011fi ilerlemeleri biliyoruz.&#8221;<\/p>\n","protected":false},"excerpt":{"rendered":"<p>&#8220;Saint-Simonculu\u011fu bu denli uzun uzad\u0131ya incelememizin nedeni, verimli g\u00f6zlemleri onunki kadar bol ba\u015fka \u00f6\u011freti olmamas\u0131n\u0131n yan\u0131 s\u0131ra, bu okulun kimi bak\u0131mlardan tam anlam\u0131yla g\u00fcncel olmas\u0131d\u0131r. Onu<span class=\"excerpt-hellip\"> [\u2026]<\/span><\/p>\n","protected":false},"featured_media":0,"template":"","meta":{"_monsterinsights_skip_tracking":false,"_monsterinsights_sitenote_active":false,"_monsterinsights_sitenote_note":"","_monsterinsights_sitenote_category":0},"product_brand":[],"product_cat":[12325,12324],"product_tag":[],"class_list":{"0":"post-745015","1":"product","2":"type-product","3":"status-publish","5":"product_cat-diger-sosyoloji","6":"product_cat-sosyoloji","7":"pa_cilt-ciltsiz","8":"pa_tur-kitap","9":"pa_yayinevi-cem-yayinevi","10":"pa_yazar-emile-durkheim","12":"first","13":"instock","14":"sale","15":"shipping-taxable","16":"purchasable","17":"product-type-simple"},"_links":{"self":[{"href":"https:\/\/roveyayinevi.com.tr\/index.php\/wp-json\/wp\/v2\/product\/745015","targetHints":{"allow":["GET"]}}],"collection":[{"href":"https:\/\/roveyayinevi.com.tr\/index.php\/wp-json\/wp\/v2\/product"}],"about":[{"href":"https:\/\/roveyayinevi.com.tr\/index.php\/wp-json\/wp\/v2\/types\/product"}],"wp:attachment":[{"href":"https:\/\/roveyayinevi.com.tr\/index.php\/wp-json\/wp\/v2\/media?parent=745015"}],"wp:term":[{"taxonomy":"product_brand","embeddable":true,"href":"https:\/\/roveyayinevi.com.tr\/index.php\/wp-json\/wp\/v2\/product_brand?post=745015"},{"taxonomy":"product_cat","embeddable":true,"href":"https:\/\/roveyayinevi.com.tr\/index.php\/wp-json\/wp\/v2\/product_cat?post=745015"},{"taxonomy":"product_tag","embeddable":true,"href":"https:\/\/roveyayinevi.com.tr\/index.php\/wp-json\/wp\/v2\/product_tag?post=745015"}],"curies":[{"name":"wp","href":"https:\/\/api.w.org\/{rel}","templated":true}]}}