{"id":745014,"date":"2025-08-28T02:09:40","date_gmt":"2025-08-27T23:09:40","guid":{"rendered":"https:\/\/roveyayinevi.com.tr\/index.php\/urun\/zihin-benlik-ve-toplum-2\/"},"modified":"2026-04-16T02:57:27","modified_gmt":"2026-04-15T23:57:27","slug":"zihin-benlik-ve-toplum-2","status":"publish","type":"product","link":"https:\/\/roveyayinevi.com.tr\/index.php\/urun\/zihin-benlik-ve-toplum-2\/","title":{"rendered":"Zihin Benlik ve Toplum"},"content":{"rendered":"<p>Sosyoloji, psikoloji ve antropoloji gibi sosyal bilim dallar\u0131nda ufuk a\u00e7\u0131c\u0131 katk\u0131lar yapmas\u0131n\u0131n yan\u0131 s\u0131ra felsefe alan\u0131nda da \u00e7a\u011f\u0131n\u0131n \u00f6nde gelen isimlerinden kabul edilen George Herbert Mead\u2019in (1863-1931) \u00e7al\u0131\u015fmalar\u0131 g\u00fcn\u00fcm\u00fczde de \u00f6nemli bir ba\u015fvuru kayna\u011f\u0131 olma \u00f6zelli\u011fini koruyor. Mead bizlere insan davran\u0131\u015f\u0131n\u0131n nedenlerini i\u00e7sel s\u00fcre\u00e7lere indirgeyen psikolojizmle s\u00f6z konusu davran\u0131\u015flar\u0131n i\u00e7selle\u015ftirilmi\u015f de\u011fer ve normlara y\u00f6nelik bir uyma e\u011filimi sonucunda ortaya \u00e7\u0131kt\u0131\u011f\u0131n\u0131 ileri s\u00fcren sosyolojizm aras\u0131nda denge sa\u011flayan bir sentez sunar. Benli\u011fin do\u011fu\u015ftan gelmedi\u011fini, toplumsal deneyimlerle geli\u015fti\u011fini, bu deneyim s\u00fcre\u00e7lerinde sembollerin kullan\u0131lmas\u0131yla olu\u015fturulan etkile\u015fim sayesinde hem kendimizi ba\u015fkalar\u0131n\u0131n bizi g\u00f6rebildi\u011fi gibi g\u00f6rebildi\u011fimizi, hem de kendimizi onlar\u0131n yerine koyarak davran\u0131\u015flar\u0131n\u0131n gerisindeki nedenleri anlamaya y\u00f6nelik tahminler yapabildi\u011fimizi anlat\u0131r bizlere.Mead\u2019in \u201cZihin Benlik ve Toplum\u201d ba\u015fl\u0131kl\u0131 bu kitab\u0131 1927-28 y\u0131llar\u0131nda Chicago \u00dcniversitesi\u2019nde vermi\u015f oldu\u011fu sosyal psikoloji derslerinin notlar\u0131ndan olu\u015fmu\u015f ve 1934 y\u0131l\u0131nda ayn\u0131 ba\u015fl\u0131kla bas\u0131lmas\u0131ndan bu yana sosyal bilimler ve felsefenin mihenk ta\u015flar\u0131ndan biri olarak kabul edilmi\u015ftir.<\/p>\n","protected":false},"excerpt":{"rendered":"<p>Sosyoloji, psikoloji ve antropoloji gibi sosyal bilim dallar\u0131nda ufuk a\u00e7\u0131c\u0131 katk\u0131lar yapmas\u0131n\u0131n yan\u0131 s\u0131ra felsefe alan\u0131nda da \u00e7a\u011f\u0131n\u0131n \u00f6nde gelen isimlerinden kabul edilen George Herbert Mead\u2019in<span class=\"excerpt-hellip\"> [\u2026]<\/span><\/p>\n","protected":false},"featured_media":0,"template":"","meta":{"_monsterinsights_skip_tracking":false,"_monsterinsights_sitenote_active":false,"_monsterinsights_sitenote_note":"","_monsterinsights_sitenote_category":0},"product_brand":[],"product_cat":[12324],"product_tag":[],"class_list":{"0":"post-745014","1":"product","2":"type-product","3":"status-publish","5":"product_cat-sosyoloji","6":"pa_cilt-ciltsiz","7":"pa_tur-kitap","8":"pa_yayinevi-cem-yayinevi","9":"pa_yazar-george-herbert-mead","11":"first","12":"instock","13":"sale","14":"shipping-taxable","15":"purchasable","16":"product-type-simple"},"_links":{"self":[{"href":"https:\/\/roveyayinevi.com.tr\/index.php\/wp-json\/wp\/v2\/product\/745014","targetHints":{"allow":["GET"]}}],"collection":[{"href":"https:\/\/roveyayinevi.com.tr\/index.php\/wp-json\/wp\/v2\/product"}],"about":[{"href":"https:\/\/roveyayinevi.com.tr\/index.php\/wp-json\/wp\/v2\/types\/product"}],"wp:attachment":[{"href":"https:\/\/roveyayinevi.com.tr\/index.php\/wp-json\/wp\/v2\/media?parent=745014"}],"wp:term":[{"taxonomy":"product_brand","embeddable":true,"href":"https:\/\/roveyayinevi.com.tr\/index.php\/wp-json\/wp\/v2\/product_brand?post=745014"},{"taxonomy":"product_cat","embeddable":true,"href":"https:\/\/roveyayinevi.com.tr\/index.php\/wp-json\/wp\/v2\/product_cat?post=745014"},{"taxonomy":"product_tag","embeddable":true,"href":"https:\/\/roveyayinevi.com.tr\/index.php\/wp-json\/wp\/v2\/product_tag?post=745014"}],"curies":[{"name":"wp","href":"https:\/\/api.w.org\/{rel}","templated":true}]}}