{"id":745011,"date":"2025-08-28T02:09:37","date_gmt":"2025-08-27T23:09:37","guid":{"rendered":"https:\/\/roveyayinevi.com.tr\/index.php\/urun\/durdurulamayan-insanlik\/"},"modified":"2026-04-16T02:57:27","modified_gmt":"2026-04-15T23:57:27","slug":"durdurulamayan-insanlik","status":"publish","type":"product","link":"https:\/\/roveyayinevi.com.tr\/index.php\/urun\/durdurulamayan-insanlik\/","title":{"rendered":"Durdurulamayan \u0130nsanl\u0131k"},"content":{"rendered":"<p>B\u0130R S\u00dcPER G\u00dcC\u00dcN\u00dcZ OLDU\u011eUNU B\u0130L\u0130YOR MUSUNUZ?   Biz kimiz? Bu g\u00fcnlere nas\u0131l geldik? Ve kar\u015f\u0131m\u0131za \u00e7\u0131kan t\u00fcm engelleri a\u015fmam\u0131z\u0131 sa\u011flayan \u015fey nedir?   Afrika savanlar\u0131ndan Gr\u00f6nland buzullar\u0131na kadar t\u00fcm d\u00fcnyaya biz insanlar h\u00fckmediyoruz. Peki bu b\u00fcy\u00fck ve gizemli g\u00fcc\u00fc nas\u0131l elde ettik? Durdurulamayan \u0130nsanl\u0131k hayaletlerden ruhlara, h\u00fck\u00fcmetlerden \u015firketlere, tuhaf ve gizemli \u015feyler hakk\u0131nda hik\u00e2yeler yazmak i\u00e7in bu g\u00fcc\u00fc nas\u0131l kulland\u0131\u011f\u0131m\u0131z\u0131 anlat\u0131yor. Afrika\u2019dan yola \u00e7\u0131kan insanlar\u0131n izini s\u00fcrerek ate\u015f sayesinde midemizin nas\u0131l k\u00fc\u00e7\u00fcld\u00fc\u011f\u00fcn\u00fc, futbol denilen oyunun bize insanl\u0131kla ilgili neler anlatt\u0131\u011f\u0131n\u0131 ve paran\u0131n neden gelmi\u015f ge\u00e7mi\u015f en ba\u015far\u0131l\u0131 peri masal\u0131 oldu\u011funu ke\u015ffedeceksiniz. C\u00fccelerle, dev y\u0131lanlarla, bulutlar\u0131n \u00fcst\u00fcndeki Y\u00fcce Aslan Ruhuyla bezeli, insanl\u0131\u011f\u0131n k\u00f6kenlerinin daha \u00f6nce hi\u00e7 duymad\u0131\u011f\u0131n\u0131z bu masals\u0131 ama ger\u00e7ek hik\u00e2yesi 9\u2019dan 99\u2019a herkese hitap ediyor.   T\u00fcm d\u00fcnyada sat\u0131\u015f rekorlar\u0131 k\u0131ran Sapiens kitab\u0131n\u0131n yazar\u0131 Yuval Noah Harari, gen\u00e7 okurlar i\u00e7in kaleme ald\u0131\u011f\u0131 bu s\u00fcr\u00fckleyici ve renkli kitapta, kendine \u00f6zg\u00fc tarz\u0131n\u0131 yepyeni bir kitleyle bulu\u015fturuyor. <\/p>\n","protected":false},"excerpt":{"rendered":"<p>B\u0130R S\u00dcPER G\u00dcC\u00dcN\u00dcZ OLDU\u011eUNU B\u0130L\u0130YOR MUSUNUZ? Biz kimiz? Bu g\u00fcnlere nas\u0131l geldik? Ve kar\u015f\u0131m\u0131za \u00e7\u0131kan t\u00fcm engelleri a\u015fmam\u0131z\u0131 sa\u011flayan \u015fey nedir? Afrika savanlar\u0131ndan Gr\u00f6nland buzullar\u0131na kadar<span class=\"excerpt-hellip\"> [\u2026]<\/span><\/p>\n","protected":false},"featured_media":0,"template":"","meta":{"_monsterinsights_skip_tracking":false,"_monsterinsights_sitenote_active":false,"_monsterinsights_sitenote_note":"","_monsterinsights_sitenote_category":0},"product_brand":[],"product_cat":[12305,12304],"product_tag":[],"class_list":{"0":"post-745011","1":"product","2":"type-product","3":"status-publish","5":"product_cat-dunya-tarihi","6":"product_cat-tarih","7":"pa_cilt-ciltsiz","8":"pa_tur-kitap","9":"pa_yayinevi-kolektif-ozel-prestij","10":"pa_yazar-yuval-noah-harari","12":"first","13":"instock","14":"sale","15":"shipping-taxable","16":"purchasable","17":"product-type-simple"},"_links":{"self":[{"href":"https:\/\/roveyayinevi.com.tr\/index.php\/wp-json\/wp\/v2\/product\/745011","targetHints":{"allow":["GET"]}}],"collection":[{"href":"https:\/\/roveyayinevi.com.tr\/index.php\/wp-json\/wp\/v2\/product"}],"about":[{"href":"https:\/\/roveyayinevi.com.tr\/index.php\/wp-json\/wp\/v2\/types\/product"}],"wp:attachment":[{"href":"https:\/\/roveyayinevi.com.tr\/index.php\/wp-json\/wp\/v2\/media?parent=745011"}],"wp:term":[{"taxonomy":"product_brand","embeddable":true,"href":"https:\/\/roveyayinevi.com.tr\/index.php\/wp-json\/wp\/v2\/product_brand?post=745011"},{"taxonomy":"product_cat","embeddable":true,"href":"https:\/\/roveyayinevi.com.tr\/index.php\/wp-json\/wp\/v2\/product_cat?post=745011"},{"taxonomy":"product_tag","embeddable":true,"href":"https:\/\/roveyayinevi.com.tr\/index.php\/wp-json\/wp\/v2\/product_tag?post=745011"}],"curies":[{"name":"wp","href":"https:\/\/api.w.org\/{rel}","templated":true}]}}