{"id":745009,"date":"2025-08-28T02:09:34","date_gmt":"2025-08-27T23:09:34","guid":{"rendered":"https:\/\/roveyayinevi.com.tr\/index.php\/urun\/ciplak-maymun\/"},"modified":"2026-04-16T02:57:27","modified_gmt":"2026-04-15T23:57:27","slug":"ciplak-maymun","status":"publish","type":"product","link":"https:\/\/roveyayinevi.com.tr\/index.php\/urun\/ciplak-maymun\/","title":{"rendered":"\u00c7\u0131plak Maymun"},"content":{"rendered":"<p>1967\u2019de yay\u0131mlanan ve t\u00fcm d\u00fcnyada sat\u0131\u015f rekorlar\u0131 k\u0131ran \u00c7\u0131plak Maymun; insan\u0131n a\u015fkta, i\u015fte, sava\u015fta en ilkel halini sunan, dikkat \u00e7eken bir anlat\u0131! \u00c7\u0131plak maymunun k\u00f6kenine, birbiriyle ili\u015fkilerine, cinselli\u011fine, beslenmesine ve daha bir\u00e7ok \u00f6nemli konuya herkesin anlayabilece\u011fi ve ayn\u0131 zamanda da bilimsel bir dille de\u011finiyor Desmond Morris. \u0130nsan\u0131n ba\u015flang\u0131c\u0131na, cinsel ya\u015fam\u0131na, al\u0131\u015fkanl\u0131klar\u0131na ve hayvanlar alemiyle olan \u015fa\u015f\u0131rt\u0131c\u0131 ba\u011flar\u0131m\u0131za dair derin kavray\u0131\u015flar\u0131yla \u00c7\u0131plak Maymun, hem k\u0131\u015fk\u0131rt\u0131c\u0131, hem zorlay\u0131c\u0131 hem de zamans\u0131z bir d\u00f6n\u00fcm noktas\u0131d\u0131r. \u00c7\u0131plak maymun, temel sorunlarla kar\u015f\u0131 kar\u015f\u0131ya kal\u0131nd\u0131\u011f\u0131nda nas\u0131l tepki verir? Tepkileri, di\u011fer maymunlar\u0131nkilerle nas\u0131l kar\u015f\u0131la\u015ft\u0131r\u0131l\u0131r? O hangi \u00f6zelli\u011fiyle benzersiz olur ve tuhafl\u0131klar\u0131 \u00f6zel evrim hikayesiyle nas\u0131l ili\u015fkilendirilir?<\/p>\n","protected":false},"excerpt":{"rendered":"<p>1967\u2019de yay\u0131mlanan ve t\u00fcm d\u00fcnyada sat\u0131\u015f rekorlar\u0131 k\u0131ran \u00c7\u0131plak Maymun; insan\u0131n a\u015fkta, i\u015fte, sava\u015fta en ilkel halini sunan, dikkat \u00e7eken bir anlat\u0131! \u00c7\u0131plak maymunun k\u00f6kenine, birbiriyle<span class=\"excerpt-hellip\"> [\u2026]<\/span><\/p>\n","protected":false},"featured_media":0,"template":"","meta":{"_monsterinsights_skip_tracking":false,"_monsterinsights_sitenote_active":false,"_monsterinsights_sitenote_note":"","_monsterinsights_sitenote_category":0},"product_brand":[],"product_cat":[15499,13488],"product_tag":[],"class_list":{"0":"post-745009","1":"product","2":"type-product","3":"status-publish","5":"product_cat-antropoloji","6":"product_cat-toplum-ve-insan","7":"pa_cilt-ciltsiz","8":"pa_tur-kitap","9":"pa_yayinevi-inkilap-kitabevi","10":"pa_yazar-desmond-morris","12":"first","13":"instock","14":"sale","15":"shipping-taxable","16":"purchasable","17":"product-type-simple"},"_links":{"self":[{"href":"https:\/\/roveyayinevi.com.tr\/index.php\/wp-json\/wp\/v2\/product\/745009","targetHints":{"allow":["GET"]}}],"collection":[{"href":"https:\/\/roveyayinevi.com.tr\/index.php\/wp-json\/wp\/v2\/product"}],"about":[{"href":"https:\/\/roveyayinevi.com.tr\/index.php\/wp-json\/wp\/v2\/types\/product"}],"wp:attachment":[{"href":"https:\/\/roveyayinevi.com.tr\/index.php\/wp-json\/wp\/v2\/media?parent=745009"}],"wp:term":[{"taxonomy":"product_brand","embeddable":true,"href":"https:\/\/roveyayinevi.com.tr\/index.php\/wp-json\/wp\/v2\/product_brand?post=745009"},{"taxonomy":"product_cat","embeddable":true,"href":"https:\/\/roveyayinevi.com.tr\/index.php\/wp-json\/wp\/v2\/product_cat?post=745009"},{"taxonomy":"product_tag","embeddable":true,"href":"https:\/\/roveyayinevi.com.tr\/index.php\/wp-json\/wp\/v2\/product_tag?post=745009"}],"curies":[{"name":"wp","href":"https:\/\/api.w.org\/{rel}","templated":true}]}}