{"id":745008,"date":"2025-08-28T02:09:33","date_gmt":"2025-08-27T23:09:33","guid":{"rendered":"https:\/\/roveyayinevi.com.tr\/index.php\/urun\/ada-6\/"},"modified":"2026-04-16T02:57:27","modified_gmt":"2026-04-15T23:57:27","slug":"ada-6","status":"publish","type":"product","link":"https:\/\/roveyayinevi.com.tr\/index.php\/urun\/ada-6\/","title":{"rendered":"Ada"},"content":{"rendered":"<p>Gizemli Nil Adas\u0131\u2019nda kurallar belliydi. Bir y\u0131l\u0131n\u0131z vard\u0131. Ka\u00e7mak ya da hayatta kalmak i\u00e7in tam 365 g\u00fcn. On yedi ya\u015f\u0131ndaki Charley kurallar\u0131 bilmiyordu. Hatta nerede oldu\u011fundan bile haberi yoktu. Hat\u0131rlad\u0131\u011f\u0131 son \u015fey s\u0131cak hava ve kendinden ge\u00e7ti\u011fiydi. Uyand\u0131\u011f\u0131ndaysa kayal\u0131k bir arazide \u00e7\u0131r\u0131l\u00e7\u0131plakt\u0131. Kaybolmu\u015f ve yaln\u0131z hisseden Charley, adada uzun s\u00fcre hi\u00e7bir insana rastlamam\u0131\u015ft\u0131, ta ki gen\u00e7lerin lideri Thad ile kar\u015f\u0131la\u015fana kadar. Art\u0131k adadan ka\u00e7man\u0131n ne kadar zor oldu\u011funu \u00f6\u011frenmi\u015fti\u2026 ve tabii bir de \u00e2\u015f\u0131k olman\u0131n. Thad\u2019in zaman\u0131 doluyordu ve Charley, geleceklerini kurtarabilmek i\u00e7in \u00f6nce Thad\u2019i kurtarmas\u0131 gerekti\u011fini fark etmi\u015fti. Ancak tehlikelerle dolu bu adada en b\u00fcy\u00fck tehdit zamand\u0131! \u201cGerilim dolu, g\u00fc\u00e7l\u00fc bir \u00e7\u0131k\u0131\u015f roman\u0131. Ada\u2019n\u0131n sinematografik anlat\u0131m\u0131 ve tehlikelerle dolu do\u011fas\u0131, Lost dizisi hayranlar\u0131na yepyeni bir b\u00f6l\u00fcm gibi gelecek.\u201d \u2014Publishers Weekly \u201cOn numara!\u201d \u2014VOYA (Starred Review) \u201cAda\u2019y\u0131 bitirdi\u011fimde t\u0131rnaklar\u0131m yenmi\u015f, sinirlerim gerilmi\u015fti ve kalbim yerinden \u00e7\u0131kacak gibi at\u0131yordu. Nefesinizi kesecek kadar heyecan verici.\u201d \u2014Kasie West \u201cElinizden b\u0131rakamayaca\u011f\u0131n\u0131z, sayfalar\u0131 ard\u0131 ard\u0131na \u00e7evirece\u011finiz bir hik\u00e2ye!\u201d \u2014Mary E. Pearson\u201cEtkileyici! Ada\u2019n\u0131n son derece ilgin\u00e7 ve iyi in\u015fa edilmi\u015f yap\u0131s\u0131, karma\u015fay\u0131 ve trajediyi bir arada sunuyor.\u201d \u2014School Library Journal (Tan\u0131t\u0131m B\u00fclteninden)<\/p>\n","protected":false},"excerpt":{"rendered":"<p>Gizemli Nil Adas\u0131\u2019nda kurallar belliydi. Bir y\u0131l\u0131n\u0131z vard\u0131. Ka\u00e7mak ya da hayatta kalmak i\u00e7in tam 365 g\u00fcn. On yedi ya\u015f\u0131ndaki Charley kurallar\u0131 bilmiyordu. Hatta nerede oldu\u011fundan<span class=\"excerpt-hellip\"> [\u2026]<\/span><\/p>\n","protected":false},"featured_media":0,"template":"","meta":{"_monsterinsights_skip_tracking":false,"_monsterinsights_sitenote_active":false,"_monsterinsights_sitenote_note":"","_monsterinsights_sitenote_category":0},"product_brand":[],"product_cat":[12540,12291],"product_tag":[],"class_list":{"0":"post-745008","1":"product","2":"type-product","3":"status-publish","5":"product_cat-bilim-kurgu","6":"product_cat-edebiyat","7":"pa_cilt-ciltsiz","8":"pa_tur-kitap","9":"pa_yayinevi-yabanci-yayinevi","10":"pa_yazar-lynne-matson","12":"first","13":"instock","14":"sale","15":"shipping-taxable","16":"purchasable","17":"product-type-simple"},"_links":{"self":[{"href":"https:\/\/roveyayinevi.com.tr\/index.php\/wp-json\/wp\/v2\/product\/745008","targetHints":{"allow":["GET"]}}],"collection":[{"href":"https:\/\/roveyayinevi.com.tr\/index.php\/wp-json\/wp\/v2\/product"}],"about":[{"href":"https:\/\/roveyayinevi.com.tr\/index.php\/wp-json\/wp\/v2\/types\/product"}],"wp:attachment":[{"href":"https:\/\/roveyayinevi.com.tr\/index.php\/wp-json\/wp\/v2\/media?parent=745008"}],"wp:term":[{"taxonomy":"product_brand","embeddable":true,"href":"https:\/\/roveyayinevi.com.tr\/index.php\/wp-json\/wp\/v2\/product_brand?post=745008"},{"taxonomy":"product_cat","embeddable":true,"href":"https:\/\/roveyayinevi.com.tr\/index.php\/wp-json\/wp\/v2\/product_cat?post=745008"},{"taxonomy":"product_tag","embeddable":true,"href":"https:\/\/roveyayinevi.com.tr\/index.php\/wp-json\/wp\/v2\/product_tag?post=745008"}],"curies":[{"name":"wp","href":"https:\/\/api.w.org\/{rel}","templated":true}]}}