{"id":745005,"date":"2025-08-28T02:09:29","date_gmt":"2025-08-27T23:09:29","guid":{"rendered":"https:\/\/roveyayinevi.com.tr\/index.php\/urun\/cografi-kesifler\/"},"modified":"2026-04-03T03:00:31","modified_gmt":"2026-04-03T00:00:31","slug":"cografi-kesifler","status":"publish","type":"product","link":"https:\/\/roveyayinevi.com.tr\/index.php\/urun\/cografi-kesifler\/","title":{"rendered":"Co\u011frafi Ke\u015fifler"},"content":{"rendered":"<p>Uygarl\u0131k tarihi boyunca insanl\u0131k ke\u015fifler, icatlar, bulu\u015flar pe\u015finde ko\u015fmu\u015ftur. Bu y\u00fczlerce y\u0131l de\u011fil binlerce y\u0131l s\u00fcrm\u00fc\u015f olan bir zorlu ser\u00fcven. Uygarl\u0131k, medeniyet, k\u00fclt\u00fcr&#8230; Ad\u0131n\u0131 her ne koyarsak koyal\u0131m, bunun a\u011f\u0131rl\u0131kl\u0131 olarak su yollar\u0131ndan yararlan\u0131larak co\u011frafyadan co\u011frafyaya ta\u015f\u0131nd\u0131\u011f\u0131n\u0131 saptamaktay\u0131z. Asya\u2019n\u0131n baharat\u0131n\u0131 Avrupa\u2019ya ta\u015f\u0131mak amac\u0131yla yola \u00e7\u0131kan, \u0130spanyol, Portekiz denizcileri, fark\u0131nda olmadan k\u0131talar ke\u015ffettiler. H\u0131rslar\u0131 alt\u0131n ve g\u00fcm\u00fc\u015f\u00fcn pe\u015fine d\u00fc\u015fmek, motivasyonlar\u0131 da \u201cH\u0131ristiyanla\u015ft\u0131rmak\u201d oldu. \u00d6nce i\u015fgal ard\u0131ndan fethetmeye giri\u015ftiler. Hollanda, \u0130ngiltere, Fransa ve devam\u0131nda g\u00fcc\u00fc yeten Avrupa devletleri de k\u0131talar\u0131 ve \u00fclkeleri istila etmeye ba\u015flad\u0131\u2026 \u201cUygarl\u0131k\u201d k\u00f6lecilik arac\u0131l\u0131\u011f\u0131yla, \u201cgeli\u015fme\u201d katliam yoluyla yerle\u015ftirildi. Piskopos Las Casas raporunda ve kitab\u0131nda, \u201cMilyonlarca insan\u0131n \u00f6ld\u00fcr\u00fclmesini, alt\u0131n h\u0131rs\u0131, a\u00e7g\u00f6zl\u00fcl\u00fck, k\u0131sa s\u00fcrede zenginle\u015fmek ve liyakat\u0131yla orant\u0131s\u0131z y\u00fcksek mevkilere gelmek\u2026\u201d \u015feklinde a\u00e7\u0131klam\u0131\u015f ve 12 milyondan fazla insan\u0131n H\u0131ristiyanlar taraf\u0131ndan \u00f6ld\u00fcr\u00fcld\u00fc\u011f\u00fcn\u00fc raporuna eklemi\u015ftir. Co\u011frafi ke\u015fiflerde rol\u00fc olan ka\u015fiflerin toplu katliam\u0131 insanl\u0131k tarihi a\u00e7\u0131s\u0131ndan utan\u00e7 vericidir, ama bu ke\u015fifler s\u00fcrecinin sonucunda da uygarl\u0131\u011f\u0131n geli\u015fmesinde de \u00e7ok olumlu geli\u015fmeler oldu\u011fu da yads\u0131namaz bir ger\u00e7ektir. Hemen her alanda d\u00fcnyam\u0131z\u0131 de\u011fi\u015ftiren ve d\u00f6n\u00fc\u015ft\u00fcren co\u011frafi ke\u015fifler; k\u00f6lecili\u011fin, s\u00f6m\u00fcrgecili\u011fin ve emperyalizmin tarihidir. Bu kitap, co\u011frafi ke\u015fiflerin, ka\u015fiflerin, bulu\u015flar\u0131n, icatlar\u0131n ve \u00f6ld\u00fcr\u00fclen milyonlarca insan\u0131n \u00f6yk\u00fcs\u00fcd\u00fcr. <\/p>\n","protected":false},"excerpt":{"rendered":"<p>Uygarl\u0131k tarihi boyunca insanl\u0131k ke\u015fifler, icatlar, bulu\u015flar pe\u015finde ko\u015fmu\u015ftur. Bu y\u00fczlerce y\u0131l de\u011fil binlerce y\u0131l s\u00fcrm\u00fc\u015f olan bir zorlu ser\u00fcven. Uygarl\u0131k, medeniyet, k\u00fclt\u00fcr&#8230; Ad\u0131n\u0131 her ne<span class=\"excerpt-hellip\"> [\u2026]<\/span><\/p>\n","protected":false},"featured_media":0,"template":"","meta":{"_monsterinsights_skip_tracking":false,"_monsterinsights_sitenote_active":false,"_monsterinsights_sitenote_note":"","_monsterinsights_sitenote_category":0},"product_brand":[],"product_cat":[12291,12711],"product_tag":[],"class_list":{"0":"post-745005","1":"product","2":"type-product","3":"status-publish","5":"product_cat-edebiyat","6":"product_cat-roman-oyku","7":"pa_cilt-ciltsiz","8":"pa_tur-kitap","9":"pa_yayinevi-alfa-yayinlari","10":"pa_yazar-erol-mutercimler","12":"first","13":"instock","14":"sale","15":"shipping-taxable","16":"purchasable","17":"product-type-simple"},"_links":{"self":[{"href":"https:\/\/roveyayinevi.com.tr\/index.php\/wp-json\/wp\/v2\/product\/745005","targetHints":{"allow":["GET"]}}],"collection":[{"href":"https:\/\/roveyayinevi.com.tr\/index.php\/wp-json\/wp\/v2\/product"}],"about":[{"href":"https:\/\/roveyayinevi.com.tr\/index.php\/wp-json\/wp\/v2\/types\/product"}],"wp:attachment":[{"href":"https:\/\/roveyayinevi.com.tr\/index.php\/wp-json\/wp\/v2\/media?parent=745005"}],"wp:term":[{"taxonomy":"product_brand","embeddable":true,"href":"https:\/\/roveyayinevi.com.tr\/index.php\/wp-json\/wp\/v2\/product_brand?post=745005"},{"taxonomy":"product_cat","embeddable":true,"href":"https:\/\/roveyayinevi.com.tr\/index.php\/wp-json\/wp\/v2\/product_cat?post=745005"},{"taxonomy":"product_tag","embeddable":true,"href":"https:\/\/roveyayinevi.com.tr\/index.php\/wp-json\/wp\/v2\/product_tag?post=745005"}],"curies":[{"name":"wp","href":"https:\/\/api.w.org\/{rel}","templated":true}]}}