{"id":745004,"date":"2025-08-28T02:09:29","date_gmt":"2025-08-27T23:09:29","guid":{"rendered":"https:\/\/roveyayinevi.com.tr\/index.php\/urun\/felsefi-dusun-sayi19-toplum-sozlesmesi\/"},"modified":"2026-04-16T02:57:27","modified_gmt":"2026-04-15T23:57:27","slug":"felsefi-dusun-sayi19-toplum-sozlesmesi","status":"publish","type":"product","link":"https:\/\/roveyayinevi.com.tr\/index.php\/urun\/felsefi-dusun-sayi19-toplum-sozlesmesi\/","title":{"rendered":"Felsefi D\u00fc\u015f\u00fcn Say\u0131:19 \u2013 Toplum S\u00f6zle\u015fmesi"},"content":{"rendered":"<p>Neredeyse felsefenin kendisi kadar k\u00f6kl\u00fc bir ge\u00e7mi\u015fe sahip toplum s\u00f6zle\u015fmesi gelene\u011fi\/teorisi ahlaki, hukuki ve politik referanslara sahiptir. Bu y\u00fczden de sadece felsefenin tart\u0131\u015fma konusu olarak kalmaz, ayn\u0131 zamanda siyaset bilimi, siyasal d\u00fc\u015f\u00fcnceler tarihi, sosyoloji, hukuk gibi farkl\u0131 disiplinlerin ele ald\u0131\u011f\u0131 ve tart\u0131\u015ft\u0131\u011f\u0131, i\u00e7erik\u00e7e olduk\u00e7a zengin bir alan olarak kar\u015f\u0131m\u0131za \u00e7\u0131kar. En genel ifadeyle, toplum s\u00f6zle\u015fmesi teorisi bireylerin ahlaki ve\/veya politik y\u00fck\u00fcml\u00fcl\u00fcklerinin bir s\u00f6zle\u015fmeye ya da anla\u015fmaya ba\u011f\u0131ml\u0131 oldu\u011funu ve bu dolay\u0131mla da i\u00e7inde ya\u015fad\u0131klar\u0131 toplumu bi\u00e7imlendirdiklerini ileri s\u00fcren yakla\u015f\u0131md\u0131r. Bu yakla\u015f\u0131m\u0131n sistematik felsefe ba\u011flam\u0131nda kar\u015f\u0131m\u0131za \u00e7\u0131kan tart\u0131\u015fma konular\u0131 aras\u0131nda anla\u015fma, birliktelik, r\u0131za, sivil toplum, kamusal gerek\u00e7elendirme, yurtta\u015fl\u0131k, yasa, hak, egemenlik gibi kavramlar yer al\u0131r. Yine bu konulara paralel olarak tarihsel \u00e7er\u00e7evede y\u00fcr\u00fct\u00fclebilecek tart\u0131\u015fmalarda Antik \u00c7a\u011f\u2019dan g\u00fcn\u00fcm\u00fcze de\u011fin pek \u00e7ok isim (Sofistler, Sokrates, Epikuros, Thomas Hobbes, John Locke, Jean-Jacques Rousseau, Immanuel Kant, John Rawls vb.) belirir. \u201cToplum S\u00f6zle\u015fmesi\u201dnin dosya konusu olarak se\u00e7ildi\u011fi bu say\u0131 toplum s\u00f6zle\u015fmesine y\u00f6nelik felsefi, ahlaki, hukuki ve politik yorumlara odaklanan yaz\u0131lara ayr\u0131lm\u0131\u015ft\u0131r. Dolay\u0131s\u0131yla ilgili say\u0131 toplum s\u00f6zle\u015fmesinin kavramsal \u00e7er\u00e7evesi i\u00e7inde yer alan farkl\u0131 mefhumlar\u0131 a\u00e7\u0131k k\u0131lmaya \u00e7abalayan, s\u00f6zle\u015fme teorisini belirli bir problem do\u011frultusunda \u00e7\u00f6z\u00fcmleyen, toplum s\u00f6zle\u015fmesini savunan ya da ele\u015ftiren d\u00fc\u015f\u00fcn\u00fcrlerin yorumlar\u0131n\u0131 de\u011ferlendiren yaz\u0131lara yer vermi\u015ftir. <\/p>\n","protected":false},"excerpt":{"rendered":"<p>Neredeyse felsefenin kendisi kadar k\u00f6kl\u00fc bir ge\u00e7mi\u015fe sahip toplum s\u00f6zle\u015fmesi gelene\u011fi\/teorisi ahlaki, hukuki ve politik referanslara sahiptir. Bu y\u00fczden de sadece felsefenin tart\u0131\u015fma konusu olarak kalmaz,<span class=\"excerpt-hellip\"> [\u2026]<\/span><\/p>\n","protected":false},"featured_media":0,"template":"","meta":{"_monsterinsights_skip_tracking":false,"_monsterinsights_sitenote_active":false,"_monsterinsights_sitenote_note":"","_monsterinsights_sitenote_category":0},"product_brand":[],"product_cat":[13527],"product_tag":[],"class_list":{"0":"post-745004","1":"product","2":"type-product","3":"status-publish","5":"product_cat-sureli-yayinlar","6":"pa_cilt-ciltsiz","7":"pa_tur-dergi","8":"pa_yayinevi-pinhan-yayincilik","9":"pa_yazar-kolektif","11":"first","12":"instock","13":"sale","14":"shipping-taxable","15":"purchasable","16":"product-type-simple"},"_links":{"self":[{"href":"https:\/\/roveyayinevi.com.tr\/index.php\/wp-json\/wp\/v2\/product\/745004","targetHints":{"allow":["GET"]}}],"collection":[{"href":"https:\/\/roveyayinevi.com.tr\/index.php\/wp-json\/wp\/v2\/product"}],"about":[{"href":"https:\/\/roveyayinevi.com.tr\/index.php\/wp-json\/wp\/v2\/types\/product"}],"wp:attachment":[{"href":"https:\/\/roveyayinevi.com.tr\/index.php\/wp-json\/wp\/v2\/media?parent=745004"}],"wp:term":[{"taxonomy":"product_brand","embeddable":true,"href":"https:\/\/roveyayinevi.com.tr\/index.php\/wp-json\/wp\/v2\/product_brand?post=745004"},{"taxonomy":"product_cat","embeddable":true,"href":"https:\/\/roveyayinevi.com.tr\/index.php\/wp-json\/wp\/v2\/product_cat?post=745004"},{"taxonomy":"product_tag","embeddable":true,"href":"https:\/\/roveyayinevi.com.tr\/index.php\/wp-json\/wp\/v2\/product_tag?post=745004"}],"curies":[{"name":"wp","href":"https:\/\/api.w.org\/{rel}","templated":true}]}}