{"id":745003,"date":"2025-08-28T02:09:28","date_gmt":"2025-08-27T23:09:28","guid":{"rendered":"https:\/\/roveyayinevi.com.tr\/index.php\/urun\/akil-hastaliginin-psikogenezi\/"},"modified":"2026-04-16T02:57:27","modified_gmt":"2026-04-15T23:57:27","slug":"akil-hastaliginin-psikogenezi","status":"publish","type":"product","link":"https:\/\/roveyayinevi.com.tr\/index.php\/urun\/akil-hastaliginin-psikogenezi\/","title":{"rendered":"Ak\u0131l Hastal\u0131\u011f\u0131n\u0131n Psikogenezi"},"content":{"rendered":"<p>\u201cAma psikolojik tedavi ba\u015flay\u0131nca bu kez de psikotik i\u00e7erik ve bunlar\u0131n anlam\u0131 sorunu g\u00fcndeme gelmektedir. Bir\u00e7ok vakada, nevrozlarda veya r\u00fcyalarda kar\u015f\u0131la\u015f\u0131lan ve ancak ki\u015filik bak\u0131\u015f a\u00e7\u0131s\u0131ndan anla\u015f\u0131lmas\u0131 m\u00fcmk\u00fcn olan psikolojik materyalle kar\u015f\u0131la\u015f\u0131r\u0131z. Fakat psikotik i\u00e7erik, biyografik veriyle kolayca a\u00e7\u0131klanabilen nevrozun i\u00e7eri\u011finden farkl\u0131 olarak, -sembollerinin ki\u015fisel verilerin yard\u0131m\u0131yla do\u011fru d\u00fcr\u00fcst a\u00e7\u0131klanmas\u0131n\u0131n m\u00fcmk\u00fcn olmad\u0131\u011f\u0131 r\u00fcyalar gibi- bireysel etkenlere indirgenemeyen \u00f6zellikler g\u00f6sterir. Bununla nevrotik i\u00e7eri\u011fin normal komplekslerin i\u00e7eri\u011fiyle; psikotik i\u00e7eriklerin de \u00f6zellikle paranoid vakalarda ilkel insan\u0131n \u201cb\u00fcy\u00fck r\u00fcya\u201d diye adland\u0131rd\u0131\u011f\u0131 r\u00fcya t\u00fcr\u00fcyle yak\u0131n benzerlikler g\u00f6sterdi\u011fini anlatmak istiyorum. B\u00f6yle bir r\u00fcya s\u0131radan r\u00fcyalardan farkl\u0131 olarak hayli etkileyici ve esrarl\u0131 olup, imgeleri \u00e7o\u011fu zaman mitolojidekilerle benzerlikler g\u00f6steren ve hatta t\u0131pa t\u0131p ayn\u0131 olan imgelerden yararlan\u0131r. Ben bunlara arketip ad\u0131n\u0131 veriyorum, \u00e7\u00fcnk\u00fc bunlar i\u00e7g\u00fcd\u00fcsel davran\u0131\u015f kal\u0131plar\u0131na benzer bi\u00e7imde \u00e7al\u0131\u015f\u0131rlar. Dahas\u0131, \u00e7o\u011funu her yerde ve her zaman bulmak m\u00fcmk\u00fcnd\u00fcr.\u201d<\/p>\n","protected":false},"excerpt":{"rendered":"<p>\u201cAma psikolojik tedavi ba\u015flay\u0131nca bu kez de psikotik i\u00e7erik ve bunlar\u0131n anlam\u0131 sorunu g\u00fcndeme gelmektedir. Bir\u00e7ok vakada, nevrozlarda veya r\u00fcyalarda kar\u015f\u0131la\u015f\u0131lan ve ancak ki\u015filik bak\u0131\u015f a\u00e7\u0131s\u0131ndan<span class=\"excerpt-hellip\"> [\u2026]<\/span><\/p>\n","protected":false},"featured_media":0,"template":"","meta":{"_monsterinsights_skip_tracking":false,"_monsterinsights_sitenote_active":false,"_monsterinsights_sitenote_note":"","_monsterinsights_sitenote_category":0},"product_brand":[],"product_cat":[12358,12357],"product_tag":[],"class_list":{"0":"post-745003","1":"product","2":"type-product","3":"status-publish","5":"product_cat-genel-psikoloji","6":"product_cat-psikoloji","7":"pa_cilt-ciltsiz","8":"pa_tur-kitap","9":"pa_yayinevi-pinhan-yayincilik","10":"pa_yazar-carl-gustav-jung","12":"first","13":"instock","14":"sale","15":"shipping-taxable","16":"purchasable","17":"product-type-simple"},"_links":{"self":[{"href":"https:\/\/roveyayinevi.com.tr\/index.php\/wp-json\/wp\/v2\/product\/745003","targetHints":{"allow":["GET"]}}],"collection":[{"href":"https:\/\/roveyayinevi.com.tr\/index.php\/wp-json\/wp\/v2\/product"}],"about":[{"href":"https:\/\/roveyayinevi.com.tr\/index.php\/wp-json\/wp\/v2\/types\/product"}],"wp:attachment":[{"href":"https:\/\/roveyayinevi.com.tr\/index.php\/wp-json\/wp\/v2\/media?parent=745003"}],"wp:term":[{"taxonomy":"product_brand","embeddable":true,"href":"https:\/\/roveyayinevi.com.tr\/index.php\/wp-json\/wp\/v2\/product_brand?post=745003"},{"taxonomy":"product_cat","embeddable":true,"href":"https:\/\/roveyayinevi.com.tr\/index.php\/wp-json\/wp\/v2\/product_cat?post=745003"},{"taxonomy":"product_tag","embeddable":true,"href":"https:\/\/roveyayinevi.com.tr\/index.php\/wp-json\/wp\/v2\/product_tag?post=745003"}],"curies":[{"name":"wp","href":"https:\/\/api.w.org\/{rel}","templated":true}]}}