{"id":745001,"date":"2025-08-28T02:09:25","date_gmt":"2025-08-27T23:09:25","guid":{"rendered":"https:\/\/roveyayinevi.com.tr\/index.php\/urun\/bir-musiki-alpereni-yusuf-omurlu\/"},"modified":"2026-04-16T02:57:26","modified_gmt":"2026-04-15T23:57:26","slug":"bir-musiki-alpereni-yusuf-omurlu","status":"publish","type":"product","link":"https:\/\/roveyayinevi.com.tr\/index.php\/urun\/bir-musiki-alpereni-yusuf-omurlu\/","title":{"rendered":"Bir Musiki Alpereni Yusuf \u00d6m\u00fcrl\u00fc"},"content":{"rendered":"<p>Ya\u015fad\u0131\u011f\u0131 m\u00fcddet\u00e7e fevkal\u00e2de azimli \u00e7al\u0131\u015fma prensibiyle bizi her zaman besleyen, y\u00fcreklendiren, \u00f6rnek olan bir ki\u015filik olarak ya\u015fad\u0131\u011f\u0131m\u0131z m\u00fcddet\u00e7e her zaman hat\u0131rlayaca\u011f\u0131m\u0131z ve ders \u00e7\u0131karaca\u011f\u0131m\u0131z bir ki\u015filiktir, bir imajd\u0131r Yusuf \u00d6m\u00fcrl\u00fc. Bir tek il\u00e2h\u00ee notas\u0131n\u0131n olmad\u0131\u011f\u0131 d\u00f6nemlerde bize cilt cilt notalar vermi\u015ftir, imk\u00e2n vermi\u015ftir. Ahmet \u00d6ZHAN   Yusuf \u00d6m\u00fcrl\u00fc, g\u00f6steri\u015ften uzak, son derece m\u00fctev\u00e2z\u0131 miz\u00e2c\u0131n\u0131n yan\u0131nda \u00e7ok verimli bir hizmet vermi\u015ftir. Kubbealt\u0131\u2019n\u0131n fa\u00e2liyetlerindeki katk\u0131lar\u0131 \u00e7ok \u00f6nemlidir. Sabr\u0131n\u0131n verdi\u011fi g\u00fc\u00e7le kurdu\u011fu koroyu yeti\u015ftirmi\u015f ve y\u00f6netmi\u015f; ayr\u0131ca yay\u0131m hay\u00e2t\u0131nda da Muallim \u0130sm\u00e2il Hakk\u0131 Bey\u2019den Ali R\u0131za \u015eengel\u2019e, Abd\u00fclkadir T\u00f6re\u2019den Ekrem Karadeniz\u2019e intikal eden pek \u00e7ok say\u0131da il\u00e2h\u00eeleri dokuz cilt i\u00e7inde toplay\u0131p yay\u0131mlam\u0131\u015ft\u0131r. Bu fa\u00e2liyetlerinin d\u0131\u015f\u0131nda, zam\u00e2n\u0131n yozla\u015fm\u0131\u015f anlay\u0131\u015f\u0131na ra\u011fbet etmeyip, temiz \u00fcsl\u00fbpta, sanat\u0131 esas tutan eserleriyle bestek\u00e2rl\u0131k alan\u0131nda da birikimini ortaya koymu\u015ftur. Onun m\u00fbsik\u00ee c\u00e2miam\u0131zda sayg\u0131n bir yeri vard\u0131r. Prof. Dr. Al\u00e2eddin YAVA\u015e\u00c7A Ben ki, il\u00e2h\u00eelerin i\u00e7ine do\u011fdu\u011fum halde Yusuf Hocamdan o kadar \u00e7ok \u015fey \u00f6\u011frendim ki\u2026 Verdi\u011fi e\u011fitimden hepimiz \u00e7ok zevk ald\u0131k. Hocam da bizi kendi evl\u00e2d\u0131 gibi g\u00f6rd\u00fc, \u00f6yle e\u011fitti. Herkes mestti. O bir devreydi; zevkli bir devreydi. Evet, bizim m\u00fbsik\u00ee hocam\u0131zd\u0131, ama s\u00e2dece m\u00fbsik\u00ee hocam\u0131z de\u011fildi. M\u00e2n\u00e2y\u0131 zevk h\u00e2line getiren, kalbimizi k\u0131m\u0131ldatan, a\u015fk\u0131m\u0131z\u0131 artt\u0131ran bir sultand\u0131. Ne desem kelimelere s\u0131\u011fmaz. Cem\u00e2lnur SARGUT   Arkas\u0131nda \u00f6nemli bir destek olan Kubbealt\u0131\u2019na \u00e7ok ba\u011fl\u0131yd\u0131. Burada hedef, eski \u00fcsl\u00fbbu, eski tavr\u0131 tekrar ihy\u00e2 ederek insan yeti\u015ftirmekti. Kimisi k\u00fclt\u00fcr\u00fcn\u00fc, kendi zevkini geli\u015ftirdi. Kimisi de bu i\u015fi orada \u00f6\u011frendi, meslek edindi. Bunun yan\u0131nda m\u00fbsik\u00ee alan\u0131nda, bilhassa kaybolmak \u00fczere olan eserlerimizle ilgili ne\u015friyatlar yap\u0131ld\u0131. Tekkelerin s\u0131rland\u0131\u011f\u0131 ve tekke m\u00fbsik\u00eemizi bilenlerin de art\u0131k olmad\u0131\u011f\u0131 bir d\u00f6nemde, tekke m\u00fbsik\u00eesi ve c\u00e2mi m\u00fbsik\u00eesiyle ilgili cidd\u00ee kaynaklardan al\u0131narak yap\u0131lan yay\u0131nlar\u0131n, Yusuf Hoca\u2019n\u0131n elinden \u00e7\u0131km\u0131\u015f o notalar\u0131n \u00f6nemi \u00e7ok b\u00fcy\u00fckt\u00fcr. Prof. Dr. Muhittin SER\u0130N   Hep a\u015fkla, \u015fevkle, bir \u015fey kar\u015f\u0131l\u0131\u011f\u0131 olmadan bu hizmeti s\u00fcrd\u00fcren ve \u00f6\u011frendiklerini ba\u015fkas\u0131na aktaranlar taraf\u0131ndan bug\u00fcn h\u00e2l\u00e2 m\u00fczi\u011fimiz ayakta ise s\u00e2dece bu g\u00f6n\u00fcl insanlar\u0131n\u0131n eli ile gelmi\u015ftir. \u0130hl\u00e2s ve a\u015fk\u0131 Yusuf \u00d6m\u00fcrl\u00fc\u2019de g\u00f6rebilirdiniz. Hak\u00eekaten o ne\u015friyatlar, nota bas\u0131mlar\u0131 nota bilmeyen insanlar i\u00e7in hi\u00e7bir \u015fey if\u00e2de etmeyebilir. \u00dc\u00e7, be\u015f, on be\u015f t\u00e2ne kitap bas\u0131lm\u0131\u015f zannedilebilir. Hay\u0131r. O, m\u00fczisyenlere hayat kayna\u011f\u0131d\u0131r. Reha SA\u011eBA\u015e   Bu kitab\u0131n haz\u0131rlanma a\u015famas\u0131nda \u201cYusuf \u00d6m\u00fcrl\u00fc\u2019n\u00fcn Hayat\u0131, Eserleri ve Tasavvuf M\u00fbsik\u00eesine Katk\u0131lar\u0131\u201d isimli y\u00fcksek lisans tezinden yola \u00e7\u0131k\u0131lm\u0131\u015f; bu teze il\u00e2ve olarak, Yusuf \u00d6m\u00fcrl\u00fc\u2019n\u00fcn talebeleri, m\u00fbsik\u00ee\u015finas dostlar\u0131 ve akrab\u00e2lar\u0131 ile yap\u0131lan m\u00fcl\u00e2katlar ve \u015feflik yapt\u0131\u011f\u0131 konserlerin repertuarlar\u0131 kitaba eklenmi\u015ftir. <\/p>\n","protected":false},"excerpt":{"rendered":"<p>Ya\u015fad\u0131\u011f\u0131 m\u00fcddet\u00e7e fevkal\u00e2de azimli \u00e7al\u0131\u015fma prensibiyle bizi her zaman besleyen, y\u00fcreklendiren, \u00f6rnek olan bir ki\u015filik olarak ya\u015fad\u0131\u011f\u0131m\u0131z m\u00fcddet\u00e7e her zaman hat\u0131rlayaca\u011f\u0131m\u0131z ve ders \u00e7\u0131karaca\u011f\u0131m\u0131z bir ki\u015filiktir,<span class=\"excerpt-hellip\"> [\u2026]<\/span><\/p>\n","protected":false},"featured_media":0,"template":"","meta":{"_monsterinsights_skip_tracking":false,"_monsterinsights_sitenote_active":false,"_monsterinsights_sitenote_note":"","_monsterinsights_sitenote_category":0},"product_brand":[],"product_cat":[14009,12291],"product_tag":[],"class_list":{"0":"post-745001","1":"product","2":"type-product","3":"status-publish","5":"product_cat-biyografi-otobiyografi-edebiyat","6":"product_cat-edebiyat","7":"pa_cilt-ciltsiz","8":"pa_tur-kitap","9":"pa_yayinevi-nefes-yayincilik","10":"pa_yazar-ibrahim-melik-uyar","12":"first","13":"instock","14":"sale","15":"shipping-taxable","16":"purchasable","17":"product-type-simple"},"_links":{"self":[{"href":"https:\/\/roveyayinevi.com.tr\/index.php\/wp-json\/wp\/v2\/product\/745001","targetHints":{"allow":["GET"]}}],"collection":[{"href":"https:\/\/roveyayinevi.com.tr\/index.php\/wp-json\/wp\/v2\/product"}],"about":[{"href":"https:\/\/roveyayinevi.com.tr\/index.php\/wp-json\/wp\/v2\/types\/product"}],"wp:attachment":[{"href":"https:\/\/roveyayinevi.com.tr\/index.php\/wp-json\/wp\/v2\/media?parent=745001"}],"wp:term":[{"taxonomy":"product_brand","embeddable":true,"href":"https:\/\/roveyayinevi.com.tr\/index.php\/wp-json\/wp\/v2\/product_brand?post=745001"},{"taxonomy":"product_cat","embeddable":true,"href":"https:\/\/roveyayinevi.com.tr\/index.php\/wp-json\/wp\/v2\/product_cat?post=745001"},{"taxonomy":"product_tag","embeddable":true,"href":"https:\/\/roveyayinevi.com.tr\/index.php\/wp-json\/wp\/v2\/product_tag?post=745001"}],"curies":[{"name":"wp","href":"https:\/\/api.w.org\/{rel}","templated":true}]}}