{"id":745000,"date":"2025-08-28T02:09:24","date_gmt":"2025-08-27T23:09:24","guid":{"rendered":"https:\/\/roveyayinevi.com.tr\/index.php\/urun\/erken-modern-avrupa-tarihi-esaslar-1\/"},"modified":"2025-11-21T08:30:10","modified_gmt":"2025-11-21T05:30:10","slug":"erken-modern-avrupa-tarihi-esaslar-1","status":"publish","type":"product","link":"https:\/\/roveyayinevi.com.tr\/index.php\/urun\/erken-modern-avrupa-tarihi-esaslar-1\/","title":{"rendered":"Erken Modern Avrupa Tarihi Esaslar 1"},"content":{"rendered":"<p>Her nesil tarihi tekrar yazarken yeniden bir d\u00f6nemlendirme yapar. G\u00fcncelin soru ve meseleleri de\u011fi\u015ftik\u00e7e ara\u015ft\u0131rma sahalar\u0131 de\u011fi\u015fir, kaynaklar ba\u015fka g\u00f6zlerle okunur ve zaman\u0131n yap\u0131s\u0131 bir kere daha tart\u0131\u015f\u0131l\u0131r. Son y\u0131llarda tarih\u00e7ilerin en \u00e7ok \u00fczerinde durduklar\u0131 d\u00f6nemlendirmelerden biri erken modernite oldu. Modern d\u00fcnyay\u0131 tan\u0131mlayan tarihsel, toplumsal ve zihn\u00ee de\u011fi\u015fimlerin ayak seslerinin bu d\u00f6nemde duyuldu\u011fu ya da birer iki\u015fer belirmeye ba\u015flad\u0131\u011f\u0131 y\u00fczy\u0131llar, erken modern ba\u015fl\u0131\u011f\u0131 alt\u0131nda anla\u015f\u0131lmaya \u00e7al\u0131\u015f\u0131ld\u0131. 2015 y\u0131l\u0131nda Erken Modern Avrupa Tarihi Rehberi ba\u015fl\u0131\u011f\u0131yla iki hacimli cilt olarak Oxford \u00dcniversitesi taraf\u0131ndan haz\u0131rlanan bu eseri Vak\u0131fBank K\u00fclt\u00fcr Yay\u0131nlar\u0131 yedi kitapl\u0131k bir seri olarak T\u00fcrk okuruna sunuyor. Erken Modern Avrupa Tarihi, Esaslar, erken modern d\u00f6nemde de\u011fi\u015fen, ortaya \u00e7\u0131kan, yeniden tan\u0131mlanan dokuz ayr\u0131 olguyu konu ediyor. De\u011fi\u015fen co\u011frafya biliminin Avrupa\u2019n\u0131n s\u0131n\u0131rlar\u0131n\u0131 nas\u0131l tan\u0131mlad\u0131\u011f\u0131n\u0131, iklim ve \u00e7evre \u015fartlar\u0131n\u0131n tarihsel rol\u00fcn\u00fc, kamu kaynaklar\u0131n\u0131n toplum sa\u011fl\u0131\u011f\u0131n\u0131 kontrol etmek i\u00e7in nas\u0131l kullan\u0131ld\u0131\u011f\u0131n\u0131, ula\u015f\u0131m ve ileti\u015fimin de\u011fi\u015fen toplumsal manalar\u0131n\u0131, n\u00fcfus dinamiklerini, matbaa ve k\u00e2\u011f\u0131t teknolojilerini, insanlar\u0131n de\u011fi\u015fen zaman alg\u0131s\u0131n\u0131, yerel dillerin do\u011fu\u015funu ve bilgi devrimi tart\u0131\u015fmalar\u0131n\u0131 \u00f6zg\u00fcn ara\u015ft\u0131rmalarla de\u011ferlendiriliyor. Avrupa tarihi ve tarih\u00e7ili\u011finin bu rehber eseri, T\u00fcrk tarih\u00e7ili\u011finde yeni ufuklar a\u00e7acakt\u0131r.<\/p>\n","protected":false},"excerpt":{"rendered":"<p>Her nesil tarihi tekrar yazarken yeniden bir d\u00f6nemlendirme yapar. G\u00fcncelin soru ve meseleleri de\u011fi\u015ftik\u00e7e ara\u015ft\u0131rma sahalar\u0131 de\u011fi\u015fir, kaynaklar ba\u015fka g\u00f6zlerle okunur ve zaman\u0131n yap\u0131s\u0131 bir kere<span class=\"excerpt-hellip\"> [\u2026]<\/span><\/p>\n","protected":false},"featured_media":0,"template":"","meta":{"_monsterinsights_skip_tracking":false,"_monsterinsights_sitenote_active":false,"_monsterinsights_sitenote_note":"","_monsterinsights_sitenote_category":0},"product_brand":[],"product_cat":[12304],"product_tag":[],"class_list":{"0":"post-745000","1":"product","2":"type-product","3":"status-publish","5":"product_cat-tarih","6":"pa_cilt-ciltsiz","7":"pa_tur-kitap","8":"pa_yayinevi-vakifbank-kultur-yayinlari","9":"pa_yazar-hamish-scott","11":"first","12":"instock","13":"sale","14":"shipping-taxable","15":"purchasable","16":"product-type-simple"},"_links":{"self":[{"href":"https:\/\/roveyayinevi.com.tr\/index.php\/wp-json\/wp\/v2\/product\/745000","targetHints":{"allow":["GET"]}}],"collection":[{"href":"https:\/\/roveyayinevi.com.tr\/index.php\/wp-json\/wp\/v2\/product"}],"about":[{"href":"https:\/\/roveyayinevi.com.tr\/index.php\/wp-json\/wp\/v2\/types\/product"}],"wp:attachment":[{"href":"https:\/\/roveyayinevi.com.tr\/index.php\/wp-json\/wp\/v2\/media?parent=745000"}],"wp:term":[{"taxonomy":"product_brand","embeddable":true,"href":"https:\/\/roveyayinevi.com.tr\/index.php\/wp-json\/wp\/v2\/product_brand?post=745000"},{"taxonomy":"product_cat","embeddable":true,"href":"https:\/\/roveyayinevi.com.tr\/index.php\/wp-json\/wp\/v2\/product_cat?post=745000"},{"taxonomy":"product_tag","embeddable":true,"href":"https:\/\/roveyayinevi.com.tr\/index.php\/wp-json\/wp\/v2\/product_tag?post=745000"}],"curies":[{"name":"wp","href":"https:\/\/api.w.org\/{rel}","templated":true}]}}