{"id":744998,"date":"2025-08-28T02:09:22","date_gmt":"2025-08-27T23:09:22","guid":{"rendered":"https:\/\/roveyayinevi.com.tr\/index.php\/urun\/kim-yabanci\/"},"modified":"2026-04-16T02:57:26","modified_gmt":"2026-04-15T23:57:26","slug":"kim-yabanci","status":"publish","type":"product","link":"https:\/\/roveyayinevi.com.tr\/index.php\/urun\/kim-yabanci\/","title":{"rendered":"Kim Yabanc\u0131"},"content":{"rendered":"<p>\u00dcyeleri birbirine yabanc\u0131la\u015fm\u0131\u015f k\u00f6kl\u00fc bir aile\u2026 Adaleti kendi anlay\u0131\u015f\u0131 ile yorumlayan s\u0131ra d\u0131\u015f\u0131 bir h\u00e2kim\u2026 Ava giderken, avlanan k\u0131smetsiz bir bal\u0131k\u00e7\u0131\u2026 Sanat\u00e7\u0131 kavram\u0131n\u0131 yeniden sorgulatan bir sanat ele\u015ftirmeni\u2026 \u00d6c\u00fcn\u00fc almaya giderken, d\u00fc\u015fman\u0131n\u0131n kapan\u0131na tak\u0131lan \u015fehirli bir delikanl\u0131\u2026 Hayat\u0131n i\u00e7inden karakterleriyle birbirinden sars\u0131c\u0131 be\u015f \u00f6yk\u00fc\u2026    \u201cDo\u011frular\u0131 kendi bulabilir miydi insan? Ya do\u011fru sand\u0131klar\u0131, en b\u00fcy\u00fck yanl\u0131\u015flar\u0131ysa!\u201d <\/p>\n","protected":false},"excerpt":{"rendered":"<p>\u00dcyeleri birbirine yabanc\u0131la\u015fm\u0131\u015f k\u00f6kl\u00fc bir aile\u2026 Adaleti kendi anlay\u0131\u015f\u0131 ile yorumlayan s\u0131ra d\u0131\u015f\u0131 bir h\u00e2kim\u2026 Ava giderken, avlanan k\u0131smetsiz bir bal\u0131k\u00e7\u0131\u2026 Sanat\u00e7\u0131 kavram\u0131n\u0131 yeniden sorgulatan bir<span class=\"excerpt-hellip\"> [\u2026]<\/span><\/p>\n","protected":false},"featured_media":0,"template":"","meta":{"_monsterinsights_skip_tracking":false,"_monsterinsights_sitenote_active":false,"_monsterinsights_sitenote_note":"","_monsterinsights_sitenote_category":0},"product_brand":[],"product_cat":[12291,12711],"product_tag":[],"class_list":{"0":"post-744998","1":"product","2":"type-product","3":"status-publish","5":"product_cat-edebiyat","6":"product_cat-roman-oyku","7":"pa_cilt-ciltsiz","8":"pa_tur-kitap","9":"pa_yayinevi-myrina-yayinlari","10":"pa_yazar-zuleyha-sener","12":"first","13":"instock","14":"sale","15":"shipping-taxable","16":"purchasable","17":"product-type-simple"},"_links":{"self":[{"href":"https:\/\/roveyayinevi.com.tr\/index.php\/wp-json\/wp\/v2\/product\/744998","targetHints":{"allow":["GET"]}}],"collection":[{"href":"https:\/\/roveyayinevi.com.tr\/index.php\/wp-json\/wp\/v2\/product"}],"about":[{"href":"https:\/\/roveyayinevi.com.tr\/index.php\/wp-json\/wp\/v2\/types\/product"}],"wp:attachment":[{"href":"https:\/\/roveyayinevi.com.tr\/index.php\/wp-json\/wp\/v2\/media?parent=744998"}],"wp:term":[{"taxonomy":"product_brand","embeddable":true,"href":"https:\/\/roveyayinevi.com.tr\/index.php\/wp-json\/wp\/v2\/product_brand?post=744998"},{"taxonomy":"product_cat","embeddable":true,"href":"https:\/\/roveyayinevi.com.tr\/index.php\/wp-json\/wp\/v2\/product_cat?post=744998"},{"taxonomy":"product_tag","embeddable":true,"href":"https:\/\/roveyayinevi.com.tr\/index.php\/wp-json\/wp\/v2\/product_tag?post=744998"}],"curies":[{"name":"wp","href":"https:\/\/api.w.org\/{rel}","templated":true}]}}