{"id":744995,"date":"2025-08-28T02:09:18","date_gmt":"2025-08-27T23:09:18","guid":{"rendered":"https:\/\/roveyayinevi.com.tr\/index.php\/urun\/tavsan-bidibik-yardimlasmayi-seviyor\/"},"modified":"2026-04-16T02:57:26","modified_gmt":"2026-04-15T23:57:26","slug":"tavsan-bidibik-yardimlasmayi-seviyor","status":"publish","type":"product","link":"https:\/\/roveyayinevi.com.tr\/index.php\/urun\/tavsan-bidibik-yardimlasmayi-seviyor\/","title":{"rendered":"Tav\u015fan B\u0131d\u0131b\u0131k Yard\u0131mla\u015fmay\u0131 Seviyor"},"content":{"rendered":"<p>B\u0131d\u0131k ile B\u0131d\u0131b\u0131k oyuncaklar\u0131n\u0131 toplam\u0131yor, pijamalar\u0131n\u0131 yerlere at\u0131yor, evdek di\u011fer i\u015flere de hi\u00e7 yard\u0131m etmiyorlarm\u0131\u015f. Bu durumu fark eden anne ve babalar\u0131, onlara k\u00fc\u00e7\u00fck bir oyun oynamaya karar vermi\u015f. Acaba B\u0131d\u0131k ile B\u0131d\u0131b\u0131k bu k\u00fc\u00e7\u00fck oyunun sonunda yard\u0131mla\u015fman\u0131n \u00f6nemini anlayabilecekler mi?<\/p>\n","protected":false},"excerpt":{"rendered":"<p>B\u0131d\u0131k ile B\u0131d\u0131b\u0131k oyuncaklar\u0131n\u0131 toplam\u0131yor, pijamalar\u0131n\u0131 yerlere at\u0131yor, evdek di\u011fer i\u015flere de hi\u00e7 yard\u0131m etmiyorlarm\u0131\u015f. Bu durumu fark eden anne ve babalar\u0131, onlara k\u00fc\u00e7\u00fck bir oyun<span class=\"excerpt-hellip\"> [\u2026]<\/span><\/p>\n","protected":false},"featured_media":0,"template":"","meta":{"_monsterinsights_skip_tracking":false,"_monsterinsights_sitenote_active":false,"_monsterinsights_sitenote_note":"","_monsterinsights_sitenote_category":0},"product_brand":[],"product_cat":[12913,12274],"product_tag":[],"class_list":{"0":"post-744995","1":"product","2":"type-product","3":"status-publish","5":"product_cat-3-6-yas-kitaplari","6":"product_cat-cocuk-ve-genclik-kitaplari","7":"pa_cilt-ciltsiz","8":"pa_tur-kitap","9":"pa_yayinevi-fom-kitap","10":"pa_yazar-seher-cesur-kilicaslan","12":"first","13":"instock","14":"sale","15":"shipping-taxable","16":"purchasable","17":"product-type-simple"},"_links":{"self":[{"href":"https:\/\/roveyayinevi.com.tr\/index.php\/wp-json\/wp\/v2\/product\/744995","targetHints":{"allow":["GET"]}}],"collection":[{"href":"https:\/\/roveyayinevi.com.tr\/index.php\/wp-json\/wp\/v2\/product"}],"about":[{"href":"https:\/\/roveyayinevi.com.tr\/index.php\/wp-json\/wp\/v2\/types\/product"}],"wp:attachment":[{"href":"https:\/\/roveyayinevi.com.tr\/index.php\/wp-json\/wp\/v2\/media?parent=744995"}],"wp:term":[{"taxonomy":"product_brand","embeddable":true,"href":"https:\/\/roveyayinevi.com.tr\/index.php\/wp-json\/wp\/v2\/product_brand?post=744995"},{"taxonomy":"product_cat","embeddable":true,"href":"https:\/\/roveyayinevi.com.tr\/index.php\/wp-json\/wp\/v2\/product_cat?post=744995"},{"taxonomy":"product_tag","embeddable":true,"href":"https:\/\/roveyayinevi.com.tr\/index.php\/wp-json\/wp\/v2\/product_tag?post=744995"}],"curies":[{"name":"wp","href":"https:\/\/api.w.org\/{rel}","templated":true}]}}