{"id":744986,"date":"2025-08-28T02:09:06","date_gmt":"2025-08-27T23:09:06","guid":{"rendered":"https:\/\/roveyayinevi.com.tr\/index.php\/urun\/torbiyi-kim-yuttu\/"},"modified":"2026-04-16T02:57:26","modified_gmt":"2026-04-15T23:57:26","slug":"torbiyi-kim-yuttu","status":"publish","type":"product","link":"https:\/\/roveyayinevi.com.tr\/index.php\/urun\/torbiyi-kim-yuttu\/","title":{"rendered":"Torbi&#8217;yi Kim Yuttu?"},"content":{"rendered":"<p>Alan\u0131nda uzman isim Sarah Roberts\u2019in kaleminden s\u00fcrprizli bir sonla \u00e7\u0131kan ve \u00e7ocuklara \u00e7evre bilinci kazand\u0131rarak d\u00fcnyam\u0131z\u0131 kurtarabilece\u011fimizi anlatan Torbi\u2019yi Kim Yuttu Hannah Peck\u2019in capcanl\u0131 \u00e7izimleriyle renklenen bir kitap. Bu resimli kitap sadece okul \u00f6ncesi \u00e7ocuklar\u0131na de\u011fil, her ya\u015ftan okura biraz \u015fa\u015fk\u0131nl\u0131k, biraz e\u011flence ama en \u00e7ok da umut verecek\u2026 Torbi kesinlikle s\u0131radan bir denizanas\u0131 de\u011fildir. \u00c7o\u011fu denizanas\u0131n\u0131n uzun ve ince dokuna\u00e7lar\u0131 varken, Torbi\u2019nin iki kolu vard\u0131r\u2026 Baz\u0131 denizanalar\u0131n\u0131n sihirli bir parlakl\u0131\u011f\u0131 varken, Torbi\u2019nin ise d\u00fcmd\u00fcz \u00e7izgileri\u2026 Hayvan davran\u0131\u015flar\u0131 ve vah\u015fi ya\u015fam uzaman\u0131 Sarah Roberts\u2019tan, denizlerimizde oradan oraya s\u00fcr\u00fcklenen plastik po\u015fetlerin ait olmad\u0131klar\u0131 yerde yaratt\u0131\u011f\u0131 sorunlar\u0131 anlatan; \u00e7\u00f6z\u00fcm\u00fcnse \u00e7ocuklar\u0131n ellerinde oldu\u011funu g\u00f6steren \u015fa\u015f\u0131rt\u0131c\u0131 bir hik\u00e2ye.<\/p>\n","protected":false},"excerpt":{"rendered":"<p>Alan\u0131nda uzman isim Sarah Roberts\u2019in kaleminden s\u00fcrprizli bir sonla \u00e7\u0131kan ve \u00e7ocuklara \u00e7evre bilinci kazand\u0131rarak d\u00fcnyam\u0131z\u0131 kurtarabilece\u011fimizi anlatan Torbi\u2019yi Kim Yuttu Hannah Peck\u2019in capcanl\u0131 \u00e7izimleriyle renklenen<span class=\"excerpt-hellip\"> [\u2026]<\/span><\/p>\n","protected":false},"featured_media":0,"template":"","meta":{"_monsterinsights_skip_tracking":false,"_monsterinsights_sitenote_active":false,"_monsterinsights_sitenote_note":"","_monsterinsights_sitenote_category":0},"product_brand":[],"product_cat":[12913,12274],"product_tag":[],"class_list":{"0":"post-744986","1":"product","2":"type-product","3":"status-publish","5":"product_cat-3-6-yas-kitaplari","6":"product_cat-cocuk-ve-genclik-kitaplari","7":"pa_cilt-ciltsiz","8":"pa_tur-kitap","9":"pa_yayinevi-fom-kitap","10":"pa_yazar-sarah-roberts","12":"first","13":"instock","14":"sale","15":"shipping-taxable","16":"purchasable","17":"product-type-simple"},"_links":{"self":[{"href":"https:\/\/roveyayinevi.com.tr\/index.php\/wp-json\/wp\/v2\/product\/744986","targetHints":{"allow":["GET"]}}],"collection":[{"href":"https:\/\/roveyayinevi.com.tr\/index.php\/wp-json\/wp\/v2\/product"}],"about":[{"href":"https:\/\/roveyayinevi.com.tr\/index.php\/wp-json\/wp\/v2\/types\/product"}],"wp:attachment":[{"href":"https:\/\/roveyayinevi.com.tr\/index.php\/wp-json\/wp\/v2\/media?parent=744986"}],"wp:term":[{"taxonomy":"product_brand","embeddable":true,"href":"https:\/\/roveyayinevi.com.tr\/index.php\/wp-json\/wp\/v2\/product_brand?post=744986"},{"taxonomy":"product_cat","embeddable":true,"href":"https:\/\/roveyayinevi.com.tr\/index.php\/wp-json\/wp\/v2\/product_cat?post=744986"},{"taxonomy":"product_tag","embeddable":true,"href":"https:\/\/roveyayinevi.com.tr\/index.php\/wp-json\/wp\/v2\/product_tag?post=744986"}],"curies":[{"name":"wp","href":"https:\/\/api.w.org\/{rel}","templated":true}]}}