{"id":744983,"date":"2025-08-28T02:09:02","date_gmt":"2025-08-27T23:09:02","guid":{"rendered":"https:\/\/roveyayinevi.com.tr\/index.php\/urun\/trenler-ne-guzeldir\/"},"modified":"2026-03-28T03:00:13","modified_gmt":"2026-03-28T00:00:13","slug":"trenler-ne-guzeldir","status":"publish","type":"product","link":"https:\/\/roveyayinevi.com.tr\/index.php\/urun\/trenler-ne-guzeldir\/","title":{"rendered":"Trenler Ne G\u00fczeldir"},"content":{"rendered":"<p>\u201cNe g\u00fczeldir trenler! Ne g\u00fczeldir trenlerin s\u00fcz\u00fcl\u00fcp gidi\u015fi\u201d Usta yazar Kemal \u00d6zer bu kitab\u0131nda; \u00e7ocuklu\u011funun ge\u00e7ti\u011fi sokaklardan, tren makinisti olan babas\u0131na olan \u00f6zleminden, bir anda de\u011fi\u015fen hayat\u0131ndan bahsediyor. Yar\u0131-otobiyografik bir \u00f6zellik ta\u015f\u0131yan Trenler Ne G\u00fczeldir\u2019de bir \u00e7ocu\u011fun hislerini, \u00e7ocuk olma hissini i\u00e7ten bir \u015fekilde kaleme al\u0131yor. \u00dcstelik kitab\u0131n \u00e7izeri Tan Oral\u2019\u0131n haz\u0131rlad\u0131\u011f\u0131 bir etkinlik \u00f6yk\u00fcn\u00fcn sonunda sizleri bekliyor.(Tan\u0131t\u0131m B\u00fclteninden)<\/p>\n","protected":false},"excerpt":{"rendered":"<p>\u201cNe g\u00fczeldir trenler! Ne g\u00fczeldir trenlerin s\u00fcz\u00fcl\u00fcp gidi\u015fi\u201d Usta yazar Kemal \u00d6zer bu kitab\u0131nda; \u00e7ocuklu\u011funun ge\u00e7ti\u011fi sokaklardan, tren makinisti olan babas\u0131na olan \u00f6zleminden, bir anda de\u011fi\u015fen<span class=\"excerpt-hellip\"> [\u2026]<\/span><\/p>\n","protected":false},"featured_media":0,"template":"","meta":{"_monsterinsights_skip_tracking":false,"_monsterinsights_sitenote_active":false,"_monsterinsights_sitenote_note":"","_monsterinsights_sitenote_category":0},"product_brand":[],"product_cat":[12275,12274],"product_tag":[],"class_list":{"0":"post-744983","1":"product","2":"type-product","3":"status-publish","5":"product_cat-6-12-yas-kitaplari","6":"product_cat-cocuk-ve-genclik-kitaplari","7":"pa_cilt-ciltsiz","8":"pa_tur-kitap","9":"pa_yayinevi-fom-kitap","10":"pa_yazar-kemal-ozer","12":"first","13":"instock","14":"sale","15":"shipping-taxable","16":"purchasable","17":"product-type-simple"},"_links":{"self":[{"href":"https:\/\/roveyayinevi.com.tr\/index.php\/wp-json\/wp\/v2\/product\/744983","targetHints":{"allow":["GET"]}}],"collection":[{"href":"https:\/\/roveyayinevi.com.tr\/index.php\/wp-json\/wp\/v2\/product"}],"about":[{"href":"https:\/\/roveyayinevi.com.tr\/index.php\/wp-json\/wp\/v2\/types\/product"}],"wp:attachment":[{"href":"https:\/\/roveyayinevi.com.tr\/index.php\/wp-json\/wp\/v2\/media?parent=744983"}],"wp:term":[{"taxonomy":"product_brand","embeddable":true,"href":"https:\/\/roveyayinevi.com.tr\/index.php\/wp-json\/wp\/v2\/product_brand?post=744983"},{"taxonomy":"product_cat","embeddable":true,"href":"https:\/\/roveyayinevi.com.tr\/index.php\/wp-json\/wp\/v2\/product_cat?post=744983"},{"taxonomy":"product_tag","embeddable":true,"href":"https:\/\/roveyayinevi.com.tr\/index.php\/wp-json\/wp\/v2\/product_tag?post=744983"}],"curies":[{"name":"wp","href":"https:\/\/api.w.org\/{rel}","templated":true}]}}