{"id":744982,"date":"2025-08-28T02:09:00","date_gmt":"2025-08-27T23:09:00","guid":{"rendered":"https:\/\/roveyayinevi.com.tr\/index.php\/urun\/idealist-ogretmen-3\/"},"modified":"2026-04-16T02:57:26","modified_gmt":"2026-04-15T23:57:26","slug":"idealist-ogretmen-3","status":"publish","type":"product","link":"https:\/\/roveyayinevi.com.tr\/index.php\/urun\/idealist-ogretmen-3\/","title":{"rendered":"\u0130dealist \u00d6\u011fretmen"},"content":{"rendered":"<p>\u00dclkemizde de klasikle\u015fmi\u015f, \u00e7ok okunan ve say\u0131s\u0131z \u00f6\u011fretmene ilham veren Beyaz Zambaklar \u00dclkesinde\u2019nin yazar\u0131 Grigory Petrov\u2019un kaleminden yeni nesilleri e\u011fitimle d\u00f6n\u00fc\u015ft\u00fcrmenin g\u00fcc\u00fcn\u00fc anlatan, unutulmaz bir kitap: \u0130dealist \u00d6\u011fretmen. Moskova \u00dcniversitesi\u2019nde sayg\u0131n ve son derece ba\u015far\u0131l\u0131 bir matematik profes\u00f6r\u00fc olan Ra\u00e7inski, kariyerini b\u0131rak\u0131p k\u00f6y\u00fcne d\u00f6nerek s\u0131radan bir \u00f6\u011fretmen olmaya karar verir. Ald\u0131\u011f\u0131 bu \u00f6nemli kararla halk\u0131n i\u00e7indeki ke\u015ffedilmemi\u015f cevherleri bulacak ve \u00e7ocuklar\u0131 hak ettikleri ayd\u0131n gelece\u011fe kavu\u015fturacakt\u0131r. Yeterince emek verilirse kendini e\u011fitime adam\u0131\u015f bir ayd\u0131n\u0131n neleri ba\u015farabilece\u011fini anlatan bu kitap, umudun ve fedak\u00e2rl\u0131\u011f\u0131n meyvelerini toplayan bir \u00f6\u011fretmenin hik\u00e2yesi. Duayen yazar G\u00fclten Day\u0131o\u011flu\u2019nun kendi ya\u015fam\u0131na dokundu\u011fu \u00f6ns\u00f6z\u00fcyle \u0130dealist \u00d6\u011fretmen, ideallerinin pe\u015finde ko\u015fan \u00f6\u011fretmenler i\u00e7in bir ba\u015fucu kitab\u0131 olacakt\u0131r\u2026 \u201cHer \u00e7ocuk, benim i\u00e7in bir cevherdir. Ama kimileri paha bi\u00e7ilemeyen t\u00fcrden, yetenek arma\u011fan\u0131yla d\u00fcnyaya gelmi\u015f oluyor. Bu t\u00fcr \u00e7ocuklar bilimde, teknikte, sanatta \u00fclkemizi ayd\u0131nlatarak y\u00fcceltecek, \u00e7ok de\u011ferli birer \u0131\u015f\u0131k kayna\u011f\u0131d\u0131r.\u201d<\/p>\n","protected":false},"excerpt":{"rendered":"<p>\u00dclkemizde de klasikle\u015fmi\u015f, \u00e7ok okunan ve say\u0131s\u0131z \u00f6\u011fretmene ilham veren Beyaz Zambaklar \u00dclkesinde\u2019nin yazar\u0131 Grigory Petrov\u2019un kaleminden yeni nesilleri e\u011fitimle d\u00f6n\u00fc\u015ft\u00fcrmenin g\u00fcc\u00fcn\u00fc anlatan, unutulmaz bir kitap:<span class=\"excerpt-hellip\"> [\u2026]<\/span><\/p>\n","protected":false},"featured_media":0,"template":"","meta":{"_monsterinsights_skip_tracking":false,"_monsterinsights_sitenote_active":false,"_monsterinsights_sitenote_note":"","_monsterinsights_sitenote_category":0},"product_brand":[],"product_cat":[12291,12711],"product_tag":[],"class_list":{"0":"post-744982","1":"product","2":"type-product","3":"status-publish","5":"product_cat-edebiyat","6":"product_cat-roman-oyku","7":"pa_cilt-ciltsiz","8":"pa_tur-kitap","9":"pa_yayinevi-fom-kitap","10":"pa_yazar-grigori-spiridonovic-petrov","12":"first","13":"instock","14":"sale","15":"shipping-taxable","16":"purchasable","17":"product-type-simple"},"_links":{"self":[{"href":"https:\/\/roveyayinevi.com.tr\/index.php\/wp-json\/wp\/v2\/product\/744982","targetHints":{"allow":["GET"]}}],"collection":[{"href":"https:\/\/roveyayinevi.com.tr\/index.php\/wp-json\/wp\/v2\/product"}],"about":[{"href":"https:\/\/roveyayinevi.com.tr\/index.php\/wp-json\/wp\/v2\/types\/product"}],"wp:attachment":[{"href":"https:\/\/roveyayinevi.com.tr\/index.php\/wp-json\/wp\/v2\/media?parent=744982"}],"wp:term":[{"taxonomy":"product_brand","embeddable":true,"href":"https:\/\/roveyayinevi.com.tr\/index.php\/wp-json\/wp\/v2\/product_brand?post=744982"},{"taxonomy":"product_cat","embeddable":true,"href":"https:\/\/roveyayinevi.com.tr\/index.php\/wp-json\/wp\/v2\/product_cat?post=744982"},{"taxonomy":"product_tag","embeddable":true,"href":"https:\/\/roveyayinevi.com.tr\/index.php\/wp-json\/wp\/v2\/product_tag?post=744982"}],"curies":[{"name":"wp","href":"https:\/\/api.w.org\/{rel}","templated":true}]}}