{"id":744978,"date":"2025-08-28T02:08:54","date_gmt":"2025-08-27T23:08:54","guid":{"rendered":"https:\/\/roveyayinevi.com.tr\/index.php\/urun\/yaprak\/"},"modified":"2026-04-16T02:57:26","modified_gmt":"2026-04-15T23:57:26","slug":"yaprak","status":"publish","type":"product","link":"https:\/\/roveyayinevi.com.tr\/index.php\/urun\/yaprak\/","title":{"rendered":"Yaprak"},"content":{"rendered":"<p>Yaprak &#8211; \u00c7ocuklar ve Gen\u00e7ler i\u00e7in Se\u00e7me \u015eiirler Kitap A\u00e7\u0131klamas\u0131 Orhan Veli, \u00e7ocuksu s\u00f6ylemi ve yal\u0131n diliyle T\u00fcrk \u015fiirine yepyeni bir sayfa a\u00e7t\u0131.Sizin i\u00e7in se\u00e7ti\u011fimiz \u015fiirlerinde; mizaha, \u015fakaya ve ironiye ba\u015fvuran bu dizeleri, siz \u00e7ocuklar\u0131 ve gen\u00e7leri d\u00fcnyay\u0131 \u015fakaya alan bir \u015fiir yolculu\u011funa \u00e7\u0131kar\u0131yor.\u2018&#8217; Uyand\u0131m bakt\u0131m ki bir sabah,G\u00fcne\u015f vurmu\u015f i\u00e7ime;Ku\u015flara, yapraklara d\u00f6nm\u00fc\u015f\u00fcm,P\u0131r p\u0131r eder durur, bahar r\u00fczgar\u0131nda.Ku\u015flara, yapraklara d\u00f6nm\u00fc\u015f\u00fcm;Ku\u015flara,Yapraklara.&#8221;(Tan\u0131t\u0131m B\u00fclteninden)<\/p>\n","protected":false},"excerpt":{"rendered":"<p>Yaprak &#8211; \u00c7ocuklar ve Gen\u00e7ler i\u00e7in Se\u00e7me \u015eiirler Kitap A\u00e7\u0131klamas\u0131 Orhan Veli, \u00e7ocuksu s\u00f6ylemi ve yal\u0131n diliyle T\u00fcrk \u015fiirine yepyeni bir sayfa a\u00e7t\u0131.Sizin i\u00e7in se\u00e7ti\u011fimiz \u015fiirlerinde;<span class=\"excerpt-hellip\"> [\u2026]<\/span><\/p>\n","protected":false},"featured_media":0,"template":"","meta":{"_monsterinsights_skip_tracking":false,"_monsterinsights_sitenote_active":false,"_monsterinsights_sitenote_note":"","_monsterinsights_sitenote_category":0},"product_brand":[],"product_cat":[12291,12509],"product_tag":[],"class_list":{"0":"post-744978","1":"product","2":"type-product","3":"status-publish","5":"product_cat-edebiyat","6":"product_cat-siir","7":"pa_cilt-ciltsiz","8":"pa_tur-kitap","9":"pa_yayinevi-fom-kitap","10":"pa_yazar-orhan-veli-kanik","12":"first","13":"instock","14":"sale","15":"shipping-taxable","16":"purchasable","17":"product-type-simple"},"_links":{"self":[{"href":"https:\/\/roveyayinevi.com.tr\/index.php\/wp-json\/wp\/v2\/product\/744978","targetHints":{"allow":["GET"]}}],"collection":[{"href":"https:\/\/roveyayinevi.com.tr\/index.php\/wp-json\/wp\/v2\/product"}],"about":[{"href":"https:\/\/roveyayinevi.com.tr\/index.php\/wp-json\/wp\/v2\/types\/product"}],"wp:attachment":[{"href":"https:\/\/roveyayinevi.com.tr\/index.php\/wp-json\/wp\/v2\/media?parent=744978"}],"wp:term":[{"taxonomy":"product_brand","embeddable":true,"href":"https:\/\/roveyayinevi.com.tr\/index.php\/wp-json\/wp\/v2\/product_brand?post=744978"},{"taxonomy":"product_cat","embeddable":true,"href":"https:\/\/roveyayinevi.com.tr\/index.php\/wp-json\/wp\/v2\/product_cat?post=744978"},{"taxonomy":"product_tag","embeddable":true,"href":"https:\/\/roveyayinevi.com.tr\/index.php\/wp-json\/wp\/v2\/product_tag?post=744978"}],"curies":[{"name":"wp","href":"https:\/\/api.w.org\/{rel}","templated":true}]}}