{"id":744975,"date":"2025-08-28T02:08:50","date_gmt":"2025-08-27T23:08:50","guid":{"rendered":"https:\/\/roveyayinevi.com.tr\/index.php\/urun\/en-sansli-sayi\/"},"modified":"2026-04-16T02:56:49","modified_gmt":"2026-04-15T23:56:49","slug":"en-sansli-sayi","status":"publish","type":"product","link":"https:\/\/roveyayinevi.com.tr\/index.php\/urun\/en-sansli-sayi\/","title":{"rendered":"En \u015eansl\u0131 Say\u0131"},"content":{"rendered":"<p>50\u2019den fazla dile \u00e7evrilen, Uluslararas\u0131 Hans Christian Andersen \u00d6d\u00fcll\u00fc yazar Gianni Rodari\u2019nin \u00f6zellikle yeni okuma \u00e7a\u011f\u0131ndaki \u00e7ocuklar i\u00e7in yay\u0131na haz\u0131rlanan Rodari\u2019yle D\u00fc\u015f\u00fcn\u00fcyorum serisi ile \u00e7ocuklar hik\u00e2yeyi okuduktan sonra kitab\u0131n sonunda yer alan felsefi tart\u0131\u015fma sorular\u0131n\u0131 cevaplayarak merak ettikleri kavramlar hakk\u0131nda d\u00fc\u015f\u00fcnme ve sorgulamama yeteneklerini geli\u015ftirebilecekler; okuduklar\u0131 hik\u00e2yeyle tek bir duruma farkl\u0131 a\u00e7\u0131lardan bakarak kendi fikirlerini ke\u015ffedecek, kendi g\u00f6r\u00fc\u015flerini sorgulayacaklar.Az m\u0131, \u00e7ok mu?Toplama, \u00e7\u0131karma, \u00e7arpma, b\u00f6lme.Matematik i\u015faretleri On\u2019un pe\u015fine d\u00fc\u015fer. Onu eksiltirler, b\u00f6lerler, hi\u00e7 durmadan azalt\u0131rlar. \u00dcstelik di\u011fer say\u0131lar da yard\u0131m\u0131na ko\u015fmaz. Bu kovalamaca s\u00fcr\u00fcp giderken \u015fans\u0131z On\u2019un bir anda \u015fans\u0131 d\u00f6ner ve \u00e7arpabilece\u011fi en do\u011fru matematik i\u015faretine \u00e7arpar. Say\u0131lar neye yarar?Matemati\u011fi neden \u00f6\u011freniriz?<\/p>\n","protected":false},"excerpt":{"rendered":"<p>50\u2019den fazla dile \u00e7evrilen, Uluslararas\u0131 Hans Christian Andersen \u00d6d\u00fcll\u00fc yazar Gianni Rodari\u2019nin \u00f6zellikle yeni okuma \u00e7a\u011f\u0131ndaki \u00e7ocuklar i\u00e7in yay\u0131na haz\u0131rlanan Rodari\u2019yle D\u00fc\u015f\u00fcn\u00fcyorum serisi ile \u00e7ocuklar hik\u00e2yeyi<span class=\"excerpt-hellip\"> [\u2026]<\/span><\/p>\n","protected":false},"featured_media":0,"template":"","meta":{"_monsterinsights_skip_tracking":false,"_monsterinsights_sitenote_active":false,"_monsterinsights_sitenote_note":"","_monsterinsights_sitenote_category":0},"product_brand":[],"product_cat":[12274,12284],"product_tag":[],"class_list":{"0":"post-744975","1":"product","2":"type-product","3":"status-publish","5":"product_cat-cocuk-ve-genclik-kitaplari","6":"product_cat-hikayeler","7":"pa_cilt-ciltsiz","8":"pa_tur-kitap","9":"pa_yayinevi-fom-kitap","10":"pa_yazar-gianni-rodari","12":"first","13":"instock","14":"sale","15":"shipping-taxable","16":"purchasable","17":"product-type-simple"},"_links":{"self":[{"href":"https:\/\/roveyayinevi.com.tr\/index.php\/wp-json\/wp\/v2\/product\/744975","targetHints":{"allow":["GET"]}}],"collection":[{"href":"https:\/\/roveyayinevi.com.tr\/index.php\/wp-json\/wp\/v2\/product"}],"about":[{"href":"https:\/\/roveyayinevi.com.tr\/index.php\/wp-json\/wp\/v2\/types\/product"}],"wp:attachment":[{"href":"https:\/\/roveyayinevi.com.tr\/index.php\/wp-json\/wp\/v2\/media?parent=744975"}],"wp:term":[{"taxonomy":"product_brand","embeddable":true,"href":"https:\/\/roveyayinevi.com.tr\/index.php\/wp-json\/wp\/v2\/product_brand?post=744975"},{"taxonomy":"product_cat","embeddable":true,"href":"https:\/\/roveyayinevi.com.tr\/index.php\/wp-json\/wp\/v2\/product_cat?post=744975"},{"taxonomy":"product_tag","embeddable":true,"href":"https:\/\/roveyayinevi.com.tr\/index.php\/wp-json\/wp\/v2\/product_tag?post=744975"}],"curies":[{"name":"wp","href":"https:\/\/api.w.org\/{rel}","templated":true}]}}