{"id":744974,"date":"2025-08-28T02:08:48","date_gmt":"2025-08-27T23:08:48","guid":{"rendered":"https:\/\/roveyayinevi.com.tr\/index.php\/urun\/dedemin-dedikleri-ninemin-bildikleri\/"},"modified":"2026-03-28T03:00:13","modified_gmt":"2026-03-28T00:00:13","slug":"dedemin-dedikleri-ninemin-bildikleri","status":"publish","type":"product","link":"https:\/\/roveyayinevi.com.tr\/index.php\/urun\/dedemin-dedikleri-ninemin-bildikleri\/","title":{"rendered":"Dedemin Dedikleri Ninemin Bildikleri"},"content":{"rendered":"<p>Biz, abimle ikimiz, bazen ka\u015flar\u0131n\u0131 \u00e7atsa da babam\u0131, ara s\u0131ra bizi ha\u015flasa da annemi, \u2018Ziftin pekini ye,\u2019 dese de dedemi ve her zaman bahar g\u00fcne\u015fi gibi tatl\u0131 tatl\u0131 g\u00fclen bize masallar anlatan ninemi \u00e7ok ama \u00e7ok severiz.2. 3. Ve 4. S\u0131n\u0131flar \u0130\u00e7in<\/p>\n","protected":false},"excerpt":{"rendered":"<p>Biz, abimle ikimiz, bazen ka\u015flar\u0131n\u0131 \u00e7atsa da babam\u0131, ara s\u0131ra bizi ha\u015flasa da annemi, \u2018Ziftin pekini ye,\u2019 dese de dedemi ve her zaman bahar g\u00fcne\u015fi gibi<span class=\"excerpt-hellip\"> [\u2026]<\/span><\/p>\n","protected":false},"featured_media":0,"template":"","meta":{"_monsterinsights_skip_tracking":false,"_monsterinsights_sitenote_active":false,"_monsterinsights_sitenote_note":"","_monsterinsights_sitenote_category":0},"product_brand":[],"product_cat":[12274,12284],"product_tag":[],"class_list":{"0":"post-744974","1":"product","2":"type-product","3":"status-publish","5":"product_cat-cocuk-ve-genclik-kitaplari","6":"product_cat-hikayeler","7":"pa_cilt-ciltsiz","8":"pa_tur-kitap","9":"pa_yayinevi-fom-kitap","10":"pa_yazar-ayla-cinaroglu","12":"first","13":"instock","14":"sale","15":"shipping-taxable","16":"purchasable","17":"product-type-simple"},"_links":{"self":[{"href":"https:\/\/roveyayinevi.com.tr\/index.php\/wp-json\/wp\/v2\/product\/744974","targetHints":{"allow":["GET"]}}],"collection":[{"href":"https:\/\/roveyayinevi.com.tr\/index.php\/wp-json\/wp\/v2\/product"}],"about":[{"href":"https:\/\/roveyayinevi.com.tr\/index.php\/wp-json\/wp\/v2\/types\/product"}],"wp:attachment":[{"href":"https:\/\/roveyayinevi.com.tr\/index.php\/wp-json\/wp\/v2\/media?parent=744974"}],"wp:term":[{"taxonomy":"product_brand","embeddable":true,"href":"https:\/\/roveyayinevi.com.tr\/index.php\/wp-json\/wp\/v2\/product_brand?post=744974"},{"taxonomy":"product_cat","embeddable":true,"href":"https:\/\/roveyayinevi.com.tr\/index.php\/wp-json\/wp\/v2\/product_cat?post=744974"},{"taxonomy":"product_tag","embeddable":true,"href":"https:\/\/roveyayinevi.com.tr\/index.php\/wp-json\/wp\/v2\/product_tag?post=744974"}],"curies":[{"name":"wp","href":"https:\/\/api.w.org\/{rel}","templated":true}]}}