{"id":744968,"date":"2025-08-28T02:08:40","date_gmt":"2025-08-27T23:08:40","guid":{"rendered":"https:\/\/roveyayinevi.com.tr\/index.php\/urun\/bir-tanisma-oykusu-2\/"},"modified":"2026-04-16T02:56:48","modified_gmt":"2026-04-15T23:56:48","slug":"bir-tanisma-oykusu-2","status":"publish","type":"product","link":"https:\/\/roveyayinevi.com.tr\/index.php\/urun\/bir-tanisma-oykusu-2\/","title":{"rendered":"Bir Tan\u0131\u015fma \u00d6yk\u00fcs\u00fc"},"content":{"rendered":"<p>\u00c7evremizde s\u0131k s\u0131k g\u00f6rd\u00fc\u011f\u00fcm\u00fcz ki\u015fileri ne kadar tan\u0131yoruz? Onlar\u0131n nelerden ho\u015fland\u0131\u011f\u0131n\u0131, ilgi alanlar\u0131n\u0131, bo\u015f zamanlarda neler yapt\u0131klar\u0131n\u0131 biliyor muyuz? Belki de bu kitaptaki kahramanlar\u0131m\u0131z gibi ayn\u0131 ki\u015fi hepimiz i\u00e7in farkl\u0131 \u00f6zellikleriyle \u00f6ne \u00e7\u0131k\u0131yor ya\u015fam\u0131m\u0131zda. \u0130\u015fte bu kitapta da mahalle sakinlerinin g\u00f6z\u00fcnden dinleyece\u011fimiz k\u0131rtasiyeci Sabri Amca\u2019y\u0131 ilham veren bir\u00e7ok \u00f6zelli\u011fi ile tan\u0131yaca\u011f\u0131z. Sevim Ak\u2019\u0131n kaleminden biz ula\u015fan Bir Tan\u0131\u015fma \u00d6yk\u00fcs\u00fc\u2019n\u00fc okurken Deniz \u00dc\u00e7ba\u015faran\u2019\u0131n s\u0131cak desenleri bize e\u015flik edecek.<\/p>\n","protected":false},"excerpt":{"rendered":"<p>\u00c7evremizde s\u0131k s\u0131k g\u00f6rd\u00fc\u011f\u00fcm\u00fcz ki\u015fileri ne kadar tan\u0131yoruz? Onlar\u0131n nelerden ho\u015fland\u0131\u011f\u0131n\u0131, ilgi alanlar\u0131n\u0131, bo\u015f zamanlarda neler yapt\u0131klar\u0131n\u0131 biliyor muyuz? Belki de bu kitaptaki kahramanlar\u0131m\u0131z gibi ayn\u0131<span class=\"excerpt-hellip\"> [\u2026]<\/span><\/p>\n","protected":false},"featured_media":0,"template":"","meta":{"_monsterinsights_skip_tracking":false,"_monsterinsights_sitenote_active":false,"_monsterinsights_sitenote_note":"","_monsterinsights_sitenote_category":0},"product_brand":[],"product_cat":[12274,12631],"product_tag":[],"class_list":{"0":"post-744968","1":"product","2":"type-product","3":"status-publish","5":"product_cat-cocuk-ve-genclik-kitaplari","6":"product_cat-diger-cocuk-ve-genclik-kitaplari","7":"pa_cilt-ciltsiz","8":"pa_tur-kitap","9":"pa_yayinevi-fom-kitap","10":"pa_yazar-sevim-ak","12":"first","13":"instock","14":"sale","15":"shipping-taxable","16":"purchasable","17":"product-type-simple"},"_links":{"self":[{"href":"https:\/\/roveyayinevi.com.tr\/index.php\/wp-json\/wp\/v2\/product\/744968","targetHints":{"allow":["GET"]}}],"collection":[{"href":"https:\/\/roveyayinevi.com.tr\/index.php\/wp-json\/wp\/v2\/product"}],"about":[{"href":"https:\/\/roveyayinevi.com.tr\/index.php\/wp-json\/wp\/v2\/types\/product"}],"wp:attachment":[{"href":"https:\/\/roveyayinevi.com.tr\/index.php\/wp-json\/wp\/v2\/media?parent=744968"}],"wp:term":[{"taxonomy":"product_brand","embeddable":true,"href":"https:\/\/roveyayinevi.com.tr\/index.php\/wp-json\/wp\/v2\/product_brand?post=744968"},{"taxonomy":"product_cat","embeddable":true,"href":"https:\/\/roveyayinevi.com.tr\/index.php\/wp-json\/wp\/v2\/product_cat?post=744968"},{"taxonomy":"product_tag","embeddable":true,"href":"https:\/\/roveyayinevi.com.tr\/index.php\/wp-json\/wp\/v2\/product_tag?post=744968"}],"curies":[{"name":"wp","href":"https:\/\/api.w.org\/{rel}","templated":true}]}}