{"id":744964,"date":"2025-08-28T02:08:37","date_gmt":"2025-08-27T23:08:37","guid":{"rendered":"https:\/\/roveyayinevi.com.tr\/index.php\/urun\/dunyanin-butun-iscileri\/"},"modified":"2026-04-16T02:56:48","modified_gmt":"2026-04-15T23:56:48","slug":"dunyanin-butun-iscileri","status":"publish","type":"product","link":"https:\/\/roveyayinevi.com.tr\/index.php\/urun\/dunyanin-butun-iscileri\/","title":{"rendered":"D\u00fcnyan\u0131n B\u00fct\u00fcn \u0130\u015f\u00e7ileri"},"content":{"rendered":"<p>D\u00fcnyan\u0131n B\u00fct\u00fcn \u0130\u015f\u00e7ileri K\u0131sa \u00d6zetBilindi\u011fi \u00fczere Marx ve Engels Kom\u00fcnist Manifesto\u2019yu, d\u00fcnyan\u0131n b\u00fct\u00fcn i\u015f\u00e7ilerine seslenerek sonland\u0131r\u0131r. Peki, bu ifadeyle tam olarak ne ima edilmeye \u00e7al\u0131\u015f\u0131lmaktad\u0131r?K\u00fcresel Emek Tarihi, i\u015f\u00e7ilerin ve i\u015f\u00e7i hareketlerinin tecr\u00fcbelerine y\u00f6nelik tarihsel ara\u015ft\u0131rmalar\u0131n yetersiz kald\u0131\u011f\u0131 bir noktada devreye giren, nispeten yeni bir paradigmad\u0131r. Nitekim 1960\u2019l\u0131 y\u0131llara kadar ba\u015fat olan geleneksel yakla\u015f\u0131m ve ard\u0131ndan kabul g\u00f6rmeye ba\u015flayan yeni tarihsel yakla\u015f\u0131m\u0131n eksiklikleri, b\u00fct\u00fcn iyi niyetlerine ra\u011fmen eme\u011fi k\u00fcresel bir ba\u011flam i\u00e7inde de\u011ferlendirememekti: Hane ekonomisi, belki de herhangi bir \u00fccretsiz emek bi\u00e7imi yeterince ele al\u0131nm\u0131yordu ve mevcut bak\u0131\u015f a\u00e7\u0131s\u0131 da ziyadesiyle dard\u0131.1990\u2019l\u0131 y\u0131llara gelindi\u011finde Marcel van der Linden, emek tarihini monadolojik anlat\u0131lardan s\u0131y\u0131rmak ve ger\u00e7ekten d\u00fcnyan\u0131n b\u00fct\u00fcn i\u015f\u00e7ilerinden s\u00f6z etmek i\u00e7in kendi paradigmas\u0131 ba\u011flam\u0131nda makaleler yazmaya ba\u015flad\u0131. Bu kitap ise, van der Linden\u2019in bir araya getirdi\u011fi bu makalelerden olu\u015fmaktad\u0131r.Tarihteki b\u00fct\u00fcn tecr\u00fcbeler emsalsizdir. Ancak van der Linden, birbirinden farkl\u0131 mek\u00e2nlara ve zamanlara dair t\u00fcrl\u00fc kaynaklardan bir izlek sunar ve d\u00fcnyan\u0131n b\u00fct\u00fcn i\u015f\u00e7ileri dedi\u011fimizde yaln\u0131z sokaklar\u0131nda bir heyulan\u0131n dola\u015ft\u0131\u011f\u0131 Avrupa\u2019y\u0131 veya geli\u015fmi\u015f kapitalist \u00fclkeleri de\u011fil, d\u00fcnyadaki b\u00fct\u00fcn emek\u00e7ileri tahayy\u00fcl edebilmemiz i\u00e7in bu olu\u015flar aras\u0131ndaki paralellikleri de g\u00f6sterir.<\/p>\n","protected":false},"excerpt":{"rendered":"<p>D\u00fcnyan\u0131n B\u00fct\u00fcn \u0130\u015f\u00e7ileri K\u0131sa \u00d6zetBilindi\u011fi \u00fczere Marx ve Engels Kom\u00fcnist Manifesto\u2019yu, d\u00fcnyan\u0131n b\u00fct\u00fcn i\u015f\u00e7ilerine seslenerek sonland\u0131r\u0131r. Peki, bu ifadeyle tam olarak ne ima edilmeye \u00e7al\u0131\u015f\u0131lmaktad\u0131r?K\u00fcresel Emek<span class=\"excerpt-hellip\"> [\u2026]<\/span><\/p>\n","protected":false},"featured_media":0,"template":"","meta":{"_monsterinsights_skip_tracking":false,"_monsterinsights_sitenote_active":false,"_monsterinsights_sitenote_note":"","_monsterinsights_sitenote_category":0},"product_brand":[],"product_cat":[12337,14528],"product_tag":[],"class_list":{"0":"post-744964","1":"product","2":"type-product","3":"status-publish","5":"product_cat-politika-siyaset","6":"product_cat-siyaset-tarihi","7":"pa_cilt-ciltsiz","8":"pa_tur-kitap","9":"pa_yayinevi-ayrinti-yayinlari","10":"pa_yazar-marcel-van-der-linder","12":"first","13":"instock","14":"sale","15":"shipping-taxable","16":"purchasable","17":"product-type-simple"},"_links":{"self":[{"href":"https:\/\/roveyayinevi.com.tr\/index.php\/wp-json\/wp\/v2\/product\/744964","targetHints":{"allow":["GET"]}}],"collection":[{"href":"https:\/\/roveyayinevi.com.tr\/index.php\/wp-json\/wp\/v2\/product"}],"about":[{"href":"https:\/\/roveyayinevi.com.tr\/index.php\/wp-json\/wp\/v2\/types\/product"}],"wp:attachment":[{"href":"https:\/\/roveyayinevi.com.tr\/index.php\/wp-json\/wp\/v2\/media?parent=744964"}],"wp:term":[{"taxonomy":"product_brand","embeddable":true,"href":"https:\/\/roveyayinevi.com.tr\/index.php\/wp-json\/wp\/v2\/product_brand?post=744964"},{"taxonomy":"product_cat","embeddable":true,"href":"https:\/\/roveyayinevi.com.tr\/index.php\/wp-json\/wp\/v2\/product_cat?post=744964"},{"taxonomy":"product_tag","embeddable":true,"href":"https:\/\/roveyayinevi.com.tr\/index.php\/wp-json\/wp\/v2\/product_tag?post=744964"}],"curies":[{"name":"wp","href":"https:\/\/api.w.org\/{rel}","templated":true}]}}