{"id":744963,"date":"2025-08-28T02:08:36","date_gmt":"2025-08-27T23:08:36","guid":{"rendered":"https:\/\/roveyayinevi.com.tr\/index.php\/urun\/ebul-muzaffer-es-semaninin-debusiye-yonelik-tenkitleri-seri-deliller-baglaminda\/"},"modified":"2026-04-16T02:56:48","modified_gmt":"2026-04-15T23:56:48","slug":"ebul-muzaffer-es-semaninin-debusiye-yonelik-tenkitleri-seri-deliller-baglaminda","status":"publish","type":"product","link":"https:\/\/roveyayinevi.com.tr\/index.php\/urun\/ebul-muzaffer-es-semaninin-debusiye-yonelik-tenkitleri-seri-deliller-baglaminda\/","title":{"rendered":"Eb\u00fc&#8217;l-Muzaffer Es-Sem&#8217;ani&#8217;nin Debusi&#8217;ye Y\u00f6nelik Tenkitleri (\u015eer&#8217;i Deliller Ba\u011flam\u0131nda)"},"content":{"rendered":"<p>EB\u00dc\u2019L-MUZAFFER ES-SEM\u2018\u00c2N\u00ce\u2019N\u0130N DEB\u00dbS\u00ce\u2019YE Y\u00d6NEL\u0130K TENK\u0130TLER\u0130 (\u015eER\u2018\u00ce DEL\u0130LLER BA\u011eLAMINDA) <\/p>\n","protected":false},"excerpt":{"rendered":"<p>EB\u00dc\u2019L-MUZAFFER ES-SEM\u2018\u00c2N\u00ce\u2019N\u0130N DEB\u00dbS\u00ce\u2019YE Y\u00d6NEL\u0130K TENK\u0130TLER\u0130 (\u015eER\u2018\u00ce DEL\u0130LLER BA\u011eLAMINDA)<\/p>\n","protected":false},"featured_media":0,"template":"","meta":{"_monsterinsights_skip_tracking":false,"_monsterinsights_sitenote_active":false,"_monsterinsights_sitenote_note":"","_monsterinsights_sitenote_category":0},"product_brand":[],"product_cat":[12573,12566],"product_tag":[],"class_list":{"0":"post-744963","1":"product","2":"type-product","3":"status-publish","5":"product_cat-akademik-kitaplar","6":"product_cat-egitim","7":"pa_cilt-ciltsiz","8":"pa_tur-kitap","9":"pa_yayinevi-soncag-akademik-kitaplar","10":"pa_yazar-abdullah-erdem","12":"first","13":"instock","14":"sale","15":"shipping-taxable","16":"purchasable","17":"product-type-simple"},"_links":{"self":[{"href":"https:\/\/roveyayinevi.com.tr\/index.php\/wp-json\/wp\/v2\/product\/744963","targetHints":{"allow":["GET"]}}],"collection":[{"href":"https:\/\/roveyayinevi.com.tr\/index.php\/wp-json\/wp\/v2\/product"}],"about":[{"href":"https:\/\/roveyayinevi.com.tr\/index.php\/wp-json\/wp\/v2\/types\/product"}],"wp:attachment":[{"href":"https:\/\/roveyayinevi.com.tr\/index.php\/wp-json\/wp\/v2\/media?parent=744963"}],"wp:term":[{"taxonomy":"product_brand","embeddable":true,"href":"https:\/\/roveyayinevi.com.tr\/index.php\/wp-json\/wp\/v2\/product_brand?post=744963"},{"taxonomy":"product_cat","embeddable":true,"href":"https:\/\/roveyayinevi.com.tr\/index.php\/wp-json\/wp\/v2\/product_cat?post=744963"},{"taxonomy":"product_tag","embeddable":true,"href":"https:\/\/roveyayinevi.com.tr\/index.php\/wp-json\/wp\/v2\/product_tag?post=744963"}],"curies":[{"name":"wp","href":"https:\/\/api.w.org\/{rel}","templated":true}]}}