{"id":744962,"date":"2025-08-28T02:08:35","date_gmt":"2025-08-27T23:08:35","guid":{"rendered":"https:\/\/roveyayinevi.com.tr\/index.php\/urun\/nasil-dusunursen-oyle-yasarsin\/"},"modified":"2026-04-13T03:03:31","modified_gmt":"2026-04-13T00:03:31","slug":"nasil-dusunursen-oyle-yasarsin","status":"publish","type":"product","link":"https:\/\/roveyayinevi.com.tr\/index.php\/urun\/nasil-dusunursen-oyle-yasarsin\/","title":{"rendered":"Nas\u0131l D\u00fc\u015f\u00fcn\u00fcrsen \u00d6yle Ya\u015fars\u0131n"},"content":{"rendered":"<p>Hayat\u0131 anlaml\u0131 bir h\u00e2le getirmek veya anlaml\u0131 bir hayat ya\u015fay\u0131p gelecek ku\u015faklara g\u00fczel bir d\u00fcnya sunmak elimizde. Bunun i\u00e7in de\u011fi\u015fimi \u00f6nce kendimizden ba\u015flatmal\u0131y\u0131z. \u00d6ncelikle yeteneklerimizi tan\u0131y\u0131p kendimizle bar\u0131\u015f\u0131k olacak, sonra da hayata kar\u015f\u0131 olumlu bir bak\u0131\u015f a\u00e7\u0131s\u0131 geli\u015ftirerek \u00e7evremize yararl\u0131 olmaya \u00e7al\u0131\u015faca\u011f\u0131z.Yeni bir ba\u015flang\u0131\u00e7 yapma karar\u0131 verecek olan sizlersiniz. Her biti\u015f asl\u0131nda yeni bir ba\u015flang\u0131\u00e7t\u0131r. Bu sat\u0131rlar\u0131 okudu\u011funuzda bile bir\u00e7ok s\u0131k\u0131nt\u0131 ya\u015f\u0131yor olabilirsiniz. Ama unutmay\u0131n, gecenin en karanl\u0131k vakti ayd\u0131nl\u0131\u011fa en yak\u0131n oldu\u011funuz zamand\u0131r. Bu nedenle umutsuz olmay\u0131n. Hi\u00e7 beklemedi\u011finiz bir anda ya\u015fam\u0131n\u0131za bir ayd\u0131nl\u0131k gelebilir.Hayata dair deneyim ve bilgileri kazanman\u0131n belli bir zaman\u0131, bir s\u00fcreci olmad\u0131\u011f\u0131 gibi; \u00f6\u011frenmenin de belli bir zaman\u0131 ve s\u00fcreci yoktur. Yeter ki \u00f6\u011frendi\u011fimiz her bilgiyi ve deneyimi do\u011fru kullanal\u0131m ve edindi\u011fimiz, \u00f6\u011frendi\u011fimiz birikimlerle gelece\u011fe daha sa\u011fl\u0131kl\u0131 y\u00fcr\u00fcyelim. De\u011fi\u015fim bizim elimizde. Bunu ger\u00e7ekle\u015ftiren milyonlarca insan varsa bunlardan biri de neden siz olmayas\u0131n\u0131z ki?&#8230;\u015eimdi durun bakal\u0131m&#8230; Kendini seviyorsunuz de\u011fil mi?\u201cEveeeet\u201d dedi\u011finizi duyar gibiyim.Ali Bilir, psikoloji alan\u0131nda yapt\u0131\u011f\u0131 akademik \u00e7al\u0131\u015fmalardan edindi\u011fi bilgileri i\u015f ve ya\u015fam deneyimlerinden getirdi\u011fi tecr\u00fcb\u00ee bilgiyle b\u00fct\u00fcnle\u015ftirerek okuyucular\u0131na sunuyor. Nas\u0131l D\u00fc\u015f\u00fcn\u00fcrsen \u00d6yle Ya\u015fars\u0131n, iyi bir hik\u00e2ye yazmak ve hayat\u0131nda kal\u0131c\u0131 izler b\u0131rakmak isteyenleri kendi i\u00e7lerinde sakl\u0131 duran cevheri ke\u015ffetmeye davet ediyor.<\/p>\n","protected":false},"excerpt":{"rendered":"<p>Hayat\u0131 anlaml\u0131 bir h\u00e2le getirmek veya anlaml\u0131 bir hayat ya\u015fay\u0131p gelecek ku\u015faklara g\u00fczel bir d\u00fcnya sunmak elimizde. Bunun i\u00e7in de\u011fi\u015fimi \u00f6nce kendimizden ba\u015flatmal\u0131y\u0131z. \u00d6ncelikle yeteneklerimizi tan\u0131y\u0131p<span class=\"excerpt-hellip\"> [\u2026]<\/span><\/p>\n","protected":false},"featured_media":0,"template":"","meta":{"_monsterinsights_skip_tracking":false,"_monsterinsights_sitenote_active":false,"_monsterinsights_sitenote_note":"","_monsterinsights_sitenote_category":0},"product_brand":[],"product_cat":[12364,12376],"product_tag":[],"class_list":{"0":"post-744962","1":"product","2":"type-product","3":"status-publish","5":"product_cat-genel-konular","6":"product_cat-kisisel-gelisim","7":"pa_cilt-ciltsiz","8":"pa_tur-kitap","9":"pa_yayinevi-timas-yayinlari","10":"pa_yazar-ali-bilir","12":"first","13":"instock","14":"sale","15":"shipping-taxable","16":"purchasable","17":"product-type-simple"},"_links":{"self":[{"href":"https:\/\/roveyayinevi.com.tr\/index.php\/wp-json\/wp\/v2\/product\/744962","targetHints":{"allow":["GET"]}}],"collection":[{"href":"https:\/\/roveyayinevi.com.tr\/index.php\/wp-json\/wp\/v2\/product"}],"about":[{"href":"https:\/\/roveyayinevi.com.tr\/index.php\/wp-json\/wp\/v2\/types\/product"}],"wp:attachment":[{"href":"https:\/\/roveyayinevi.com.tr\/index.php\/wp-json\/wp\/v2\/media?parent=744962"}],"wp:term":[{"taxonomy":"product_brand","embeddable":true,"href":"https:\/\/roveyayinevi.com.tr\/index.php\/wp-json\/wp\/v2\/product_brand?post=744962"},{"taxonomy":"product_cat","embeddable":true,"href":"https:\/\/roveyayinevi.com.tr\/index.php\/wp-json\/wp\/v2\/product_cat?post=744962"},{"taxonomy":"product_tag","embeddable":true,"href":"https:\/\/roveyayinevi.com.tr\/index.php\/wp-json\/wp\/v2\/product_tag?post=744962"}],"curies":[{"name":"wp","href":"https:\/\/api.w.org\/{rel}","templated":true}]}}