{"id":744961,"date":"2025-08-28T02:08:34","date_gmt":"2025-08-27T23:08:34","guid":{"rendered":"https:\/\/roveyayinevi.com.tr\/index.php\/urun\/insani-tanima-sanati-2\/"},"modified":"2026-04-16T02:56:48","modified_gmt":"2026-04-15T23:56:48","slug":"insani-tanima-sanati-2","status":"publish","type":"product","link":"https:\/\/roveyayinevi.com.tr\/index.php\/urun\/insani-tanima-sanati-2\/","title":{"rendered":"\u0130nsan\u0131 Tan\u0131ma Sanat\u0131"},"content":{"rendered":"<p>\u201c\u0130nsanlara kar\u015f\u0131 tavr\u0131m\u0131z tamamen onlar\u0131 ne kadar anlad\u0131\u011f\u0131m\u0131za ba\u011fl\u0131d\u0131r; bu nedenle insan\u0131n do\u011fas\u0131n\u0131 anlamak, sosyal ili\u015fkilerin temelini olu\u015fturmaktad\u0131r.\u201d Bireysel psikoloji ekol\u00fcn\u00fcn kurucusu Alfred Adler, ayn\u0131 zamanda Sigmund Freud ile beraber Viyana Psikanaliz Toplulu\u011fu\u2019nu kurmu\u015ftur. Freud\u2019un insan\u0131 karamsar bir bak\u0131\u015f a\u00e7\u0131s\u0131yla ele ald\u0131\u011f\u0131 d\u00fc\u015f\u00fcncelerine kar\u015f\u0131t olarak insan\u0131, iradesi sayesinde eksikliklerini tamamlayabilecek bir varl\u0131k olarak tarif etmi\u015ftir. Sigmund Freud ile ya\u015fad\u0131\u011f\u0131 fikir ayr\u0131l\u0131klar\u0131 sonras\u0131nda kendine ait bir ekol kurarak konferanslar ve makaleler yoluyla kuram\u0131n\u0131 geli\u015ftirmi\u015ftir. Alfred Adler\u2019in konu\u015fmalar\u0131ndan derlenen \u0130nsan\u0131 Tan\u0131ma Sanat\u0131, bireyin g\u00fcnl\u00fck hayattaki problemleri ve bunlar\u0131n psikolojik kaynaklar\u0131yla ilgilenmektedir. Toplumdaki aksakl\u0131klar\u0131n, bireyin psikolojik sorunlar\u0131ndan kaynakland\u0131\u011f\u0131n\u0131 savunan Adler, toplumsal sorunlar\u0131n \u00e7\u00f6z\u00fcm\u00fcn\u00fc bireyin hatalar\u0131n\u0131 fark etmesine ba\u011flamaktad\u0131r. Hatalar\u0131n\u0131 anlayabilmek i\u00e7in insan \u00f6ncelikle kendini tan\u0131mal\u0131d\u0131r. Adler, insan\u0131; aile, \u00e7ocukluk, cinsiyet, karakter \u00f6zellikleri gibi y\u00f6nlerden inceleyip ger\u00e7ek hayattan \u00f6rnekler sunarak okuyucuyu kendini tan\u0131ma yolculu\u011funa davet etmektedir. <\/p>\n","protected":false},"excerpt":{"rendered":"<p>\u201c\u0130nsanlara kar\u015f\u0131 tavr\u0131m\u0131z tamamen onlar\u0131 ne kadar anlad\u0131\u011f\u0131m\u0131za ba\u011fl\u0131d\u0131r; bu nedenle insan\u0131n do\u011fas\u0131n\u0131 anlamak, sosyal ili\u015fkilerin temelini olu\u015fturmaktad\u0131r.\u201d Bireysel psikoloji ekol\u00fcn\u00fcn kurucusu Alfred Adler, ayn\u0131 zamanda<span class=\"excerpt-hellip\"> [\u2026]<\/span><\/p>\n","protected":false},"featured_media":0,"template":"","meta":{"_monsterinsights_skip_tracking":false,"_monsterinsights_sitenote_active":false,"_monsterinsights_sitenote_note":"","_monsterinsights_sitenote_category":0},"product_brand":[],"product_cat":[12357],"product_tag":[],"class_list":{"0":"post-744961","1":"product","2":"type-product","3":"status-publish","5":"product_cat-psikoloji","6":"pa_cilt-ciltsiz","7":"pa_tur-kitap","8":"pa_yayinevi-fark-yayinlari","9":"pa_yazar-alfred-adler","11":"first","12":"instock","13":"sale","14":"shipping-taxable","15":"purchasable","16":"product-type-simple"},"_links":{"self":[{"href":"https:\/\/roveyayinevi.com.tr\/index.php\/wp-json\/wp\/v2\/product\/744961","targetHints":{"allow":["GET"]}}],"collection":[{"href":"https:\/\/roveyayinevi.com.tr\/index.php\/wp-json\/wp\/v2\/product"}],"about":[{"href":"https:\/\/roveyayinevi.com.tr\/index.php\/wp-json\/wp\/v2\/types\/product"}],"wp:attachment":[{"href":"https:\/\/roveyayinevi.com.tr\/index.php\/wp-json\/wp\/v2\/media?parent=744961"}],"wp:term":[{"taxonomy":"product_brand","embeddable":true,"href":"https:\/\/roveyayinevi.com.tr\/index.php\/wp-json\/wp\/v2\/product_brand?post=744961"},{"taxonomy":"product_cat","embeddable":true,"href":"https:\/\/roveyayinevi.com.tr\/index.php\/wp-json\/wp\/v2\/product_cat?post=744961"},{"taxonomy":"product_tag","embeddable":true,"href":"https:\/\/roveyayinevi.com.tr\/index.php\/wp-json\/wp\/v2\/product_tag?post=744961"}],"curies":[{"name":"wp","href":"https:\/\/api.w.org\/{rel}","templated":true}]}}