{"id":744960,"date":"2025-08-28T02:08:33","date_gmt":"2025-08-27T23:08:33","guid":{"rendered":"https:\/\/roveyayinevi.com.tr\/index.php\/urun\/martin-eden-14\/"},"modified":"2026-04-16T02:56:48","modified_gmt":"2026-04-15T23:56:48","slug":"martin-eden-14","status":"publish","type":"product","link":"https:\/\/roveyayinevi.com.tr\/index.php\/urun\/martin-eden-14\/","title":{"rendered":"Mart\u0131n Eden"},"content":{"rendered":"<p>Jack London\u2019\u0131n yar\u0131 otobiyografik roman\u0131 Martin Eden, i\u015f\u00e7i s\u0131n\u0131f\u0131n\u0131n e\u011fitimsiz bir mensubunun kendini geli\u015ftirme ve tan\u0131nm\u0131\u015f bir yazar olma m\u00fccadelesini konu edinir. Bir gemi tayfas\u0131 olan gen\u00e7 Martin Eden, hayat\u0131n\u0131 burjuva s\u0131n\u0131f\u0131n\u0131n e\u011fitim g\u00f6rm\u00fc\u015f bir \u00fcyesi Ruth Morse\u2019a lay\u0131k olabilmeye adar. Bu u\u011furda gecesini g\u00fcnd\u00fcz\u00fcne katarak kendisini edebiyata, felsefeye ve yazmaya verir. Lakin u\u011fruna \u00e7abalad\u0131\u011f\u0131 ba\u015far\u0131y\u0131 elde etti\u011finde onu derin bir h\u00fcsran ve hayal k\u0131r\u0131kl\u0131\u011f\u0131 beklemektedir. Ba\u015far\u0131, \u015f\u00f6hret ve zenginli\u011fin yeterince \u00e7abalayan herkese a\u00e7\u0131k oldu\u011fu d\u00fc\u015f\u00fcncesini ortaya koyan Amerikan R\u00fcyas\u0131 gelene\u011fi, hi\u00e7bir s\u0131n\u0131fa ait olamayan Martin Eden\u2019\u0131n bireyci tavr\u0131, toplumsal s\u0131n\u0131flar\u0131n bozulmaz kanunlar\u0131, roman\u0131n genel \u00e7ehresini olu\u015fturmakta; okuru Martin Eden\u2019\u0131n azim, a\u015fk ve \u00e7aba dolu geli\u015fimine davet etmektedir. <\/p>\n","protected":false},"excerpt":{"rendered":"<p>Jack London\u2019\u0131n yar\u0131 otobiyografik roman\u0131 Martin Eden, i\u015f\u00e7i s\u0131n\u0131f\u0131n\u0131n e\u011fitimsiz bir mensubunun kendini geli\u015ftirme ve tan\u0131nm\u0131\u015f bir yazar olma m\u00fccadelesini konu edinir. Bir gemi tayfas\u0131 olan<span class=\"excerpt-hellip\"> [\u2026]<\/span><\/p>\n","protected":false},"featured_media":0,"template":"","meta":{"_monsterinsights_skip_tracking":false,"_monsterinsights_sitenote_active":false,"_monsterinsights_sitenote_note":"","_monsterinsights_sitenote_category":0},"product_brand":[],"product_cat":[12291,12711],"product_tag":[],"class_list":{"0":"post-744960","1":"product","2":"type-product","3":"status-publish","5":"product_cat-edebiyat","6":"product_cat-roman-oyku","7":"pa_cilt-ciltsiz","8":"pa_tur-kitap","9":"pa_yayinevi-fark-yayinlari","10":"pa_yazar-jack-london","12":"first","13":"instock","14":"sale","15":"shipping-taxable","16":"purchasable","17":"product-type-simple"},"_links":{"self":[{"href":"https:\/\/roveyayinevi.com.tr\/index.php\/wp-json\/wp\/v2\/product\/744960","targetHints":{"allow":["GET"]}}],"collection":[{"href":"https:\/\/roveyayinevi.com.tr\/index.php\/wp-json\/wp\/v2\/product"}],"about":[{"href":"https:\/\/roveyayinevi.com.tr\/index.php\/wp-json\/wp\/v2\/types\/product"}],"wp:attachment":[{"href":"https:\/\/roveyayinevi.com.tr\/index.php\/wp-json\/wp\/v2\/media?parent=744960"}],"wp:term":[{"taxonomy":"product_brand","embeddable":true,"href":"https:\/\/roveyayinevi.com.tr\/index.php\/wp-json\/wp\/v2\/product_brand?post=744960"},{"taxonomy":"product_cat","embeddable":true,"href":"https:\/\/roveyayinevi.com.tr\/index.php\/wp-json\/wp\/v2\/product_cat?post=744960"},{"taxonomy":"product_tag","embeddable":true,"href":"https:\/\/roveyayinevi.com.tr\/index.php\/wp-json\/wp\/v2\/product_tag?post=744960"}],"curies":[{"name":"wp","href":"https:\/\/api.w.org\/{rel}","templated":true}]}}