{"id":744956,"date":"2025-08-28T02:08:27","date_gmt":"2025-08-27T23:08:27","guid":{"rendered":"https:\/\/roveyayinevi.com.tr\/index.php\/urun\/uzak-dur-kabus\/"},"modified":"2026-04-16T02:56:48","modified_gmt":"2026-04-15T23:56:48","slug":"uzak-dur-kabus","status":"publish","type":"product","link":"https:\/\/roveyayinevi.com.tr\/index.php\/urun\/uzak-dur-kabus\/","title":{"rendered":"Uzak Dur Kabus!"},"content":{"rendered":"<p>Ah can\u0131m, sen bir k\u00e2bus g\u00f6rm\u00fc\u015fs\u00fcn! G\u00fclse evinde, g\u00fcvende, s\u0131ms\u0131cak yata\u011f\u0131nda uyuyordu. Derken korkun\u00e7 bir canavarla burun buruna gelmesin mi? G\u00fclse hemen oradan ka\u00e7t\u0131 ve \u00e7ok ge\u00e7meden yata\u011f\u0131nda s\u0131\u00e7rayarak uyand\u0131. Neyse ki en sevdi\u011fi oyunca\u011f\u0131 Mo\u00e7u yan\u0131ndayd\u0131. Mo\u00e7u arkada\u015f\u0131n\u0131n ger\u00e7ek sand\u0131\u011f\u0131 canavarlar\u0131n asl\u0131nda bir k\u00e2bus oldu\u011funu anlatt\u0131. \u00c7ocuklar\u0131n duygular\u0131n\u0131 ke\u015ffetmesi amac\u0131yla haz\u0131rlanan bu sevimli hik\u00e2ye \u00e7ocuklar i\u00e7in ilgi \u00e7ekici etkinlikler ve ebeveynler i\u00e7in yararl\u0131 \u00f6neriler i\u00e7eriyor. <\/p>\n","protected":false},"excerpt":{"rendered":"<p>Ah can\u0131m, sen bir k\u00e2bus g\u00f6rm\u00fc\u015fs\u00fcn! G\u00fclse evinde, g\u00fcvende, s\u0131ms\u0131cak yata\u011f\u0131nda uyuyordu. Derken korkun\u00e7 bir canavarla burun buruna gelmesin mi? G\u00fclse hemen oradan ka\u00e7t\u0131 ve \u00e7ok<span class=\"excerpt-hellip\"> [\u2026]<\/span><\/p>\n","protected":false},"featured_media":0,"template":"","meta":{"_monsterinsights_skip_tracking":false,"_monsterinsights_sitenote_active":false,"_monsterinsights_sitenote_note":"","_monsterinsights_sitenote_category":0},"product_brand":[],"product_cat":[12913,12274],"product_tag":[],"class_list":{"0":"post-744956","1":"product","2":"type-product","3":"status-publish","5":"product_cat-3-6-yas-kitaplari","6":"product_cat-cocuk-ve-genclik-kitaplari","7":"pa_cilt-ciltsiz","8":"pa_tur-kitap","9":"pa_yayinevi-yapi-kredi-yayinlari","10":"pa_yazar-marie-agnes-gaudrat","12":"first","13":"instock","14":"sale","15":"shipping-taxable","16":"purchasable","17":"product-type-simple"},"_links":{"self":[{"href":"https:\/\/roveyayinevi.com.tr\/index.php\/wp-json\/wp\/v2\/product\/744956","targetHints":{"allow":["GET"]}}],"collection":[{"href":"https:\/\/roveyayinevi.com.tr\/index.php\/wp-json\/wp\/v2\/product"}],"about":[{"href":"https:\/\/roveyayinevi.com.tr\/index.php\/wp-json\/wp\/v2\/types\/product"}],"wp:attachment":[{"href":"https:\/\/roveyayinevi.com.tr\/index.php\/wp-json\/wp\/v2\/media?parent=744956"}],"wp:term":[{"taxonomy":"product_brand","embeddable":true,"href":"https:\/\/roveyayinevi.com.tr\/index.php\/wp-json\/wp\/v2\/product_brand?post=744956"},{"taxonomy":"product_cat","embeddable":true,"href":"https:\/\/roveyayinevi.com.tr\/index.php\/wp-json\/wp\/v2\/product_cat?post=744956"},{"taxonomy":"product_tag","embeddable":true,"href":"https:\/\/roveyayinevi.com.tr\/index.php\/wp-json\/wp\/v2\/product_tag?post=744956"}],"curies":[{"name":"wp","href":"https:\/\/api.w.org\/{rel}","templated":true}]}}