{"id":744953,"date":"2025-08-28T02:08:23","date_gmt":"2025-08-27T23:08:23","guid":{"rendered":"https:\/\/roveyayinevi.com.tr\/index.php\/urun\/dunya-evi-2\/"},"modified":"2026-04-12T03:00:56","modified_gmt":"2026-04-12T00:00:56","slug":"dunya-evi-2","status":"publish","type":"product","link":"https:\/\/roveyayinevi.com.tr\/index.php\/urun\/dunya-evi-2\/","title":{"rendered":"D\u00fcnya Evi"},"content":{"rendered":"<p>\u201cHen\u00fcz bedel \u00f6demediyseniz ger\u00e7ek \u00f6zg\u00fcrl\u00fc\u011f\u00fc tatmam\u0131\u015fs\u0131n\u0131zd\u0131r.\u201d   \u201cBen bu d\u00fcnyaya hik\u00e2yemi korkusuzca yazmak i\u00e7in geldim. R\u00fczg\u00e2rda savrulan bir yaprak gibi y\u00f6ns\u00fcz, beklentileri reddeden bir kad\u0131n olmak istiyorum.\u201d S\u0131ra d\u0131\u015f\u0131 bir ya\u015fam\u0131 kurtulu\u015fu olarak g\u00f6ren Yasemin, hi\u00e7 beklemedi\u011fi bir anda Mustafa ad\u0131nda gizemli bir adamla tan\u0131\u015f\u0131r. \u0130kili evlenir fakat olduk\u00e7a esnek s\u0131n\u0131rlar\u0131 olan genel kabule ayk\u0131r\u0131 bir evliliktir bu. Birbirlerini severler ama ba\u015fka bir sevgidir o.   M. Caner Alper\u2019in kaleme ald\u0131\u011f\u0131 D\u00dcNYA EV\u0130, \u0130stanbul\u2019da geleneksel aile ya\u015fam\u0131n\u0131n i\u00e7inden ka\u00e7\u0131p Los Angeles\u2019ta bamba\u015fka bir d\u00fcnyan\u0131n kurallar\u0131yla tan\u0131\u015fan Mustafa ve Yasemin\u2019in cinsel ya\u015famlar\u0131, kopamayan ba\u011flar\u0131 ve s\u0131rlar\u0131yla dolu hem \u015fa\u015f\u0131rt\u0131c\u0131 hem de \u00e7alkant\u0131l\u0131 hayatlar\u0131n\u0131 s\u00fcr\u00fckleyici bir dille anlat\u0131rken okuyucuya \u015fu soruyu soruyor:   \u00d6zg\u00fcrl\u00fc\u011f\u00fcn\u00fcz i\u00e7in ne kadar ileri gidebilirsiniz? <\/p>\n","protected":false},"excerpt":{"rendered":"<p>\u201cHen\u00fcz bedel \u00f6demediyseniz ger\u00e7ek \u00f6zg\u00fcrl\u00fc\u011f\u00fc tatmam\u0131\u015fs\u0131n\u0131zd\u0131r.\u201d \u201cBen bu d\u00fcnyaya hik\u00e2yemi korkusuzca yazmak i\u00e7in geldim. R\u00fczg\u00e2rda savrulan bir yaprak gibi y\u00f6ns\u00fcz, beklentileri reddeden bir kad\u0131n olmak istiyorum.\u201d<span class=\"excerpt-hellip\"> [\u2026]<\/span><\/p>\n","protected":false},"featured_media":0,"template":"","meta":{"_monsterinsights_skip_tracking":false,"_monsterinsights_sitenote_active":false,"_monsterinsights_sitenote_note":"","_monsterinsights_sitenote_category":0},"product_brand":[],"product_cat":[12291,12711],"product_tag":[],"class_list":{"0":"post-744953","1":"product","2":"type-product","3":"status-publish","5":"product_cat-edebiyat","6":"product_cat-roman-oyku","7":"pa_cilt-ciltsiz","8":"pa_tur-kitap","9":"pa_yayinevi-destek-yayinlari","10":"pa_yazar-m-caner-alper","12":"first","13":"instock","14":"sale","15":"shipping-taxable","16":"purchasable","17":"product-type-simple"},"_links":{"self":[{"href":"https:\/\/roveyayinevi.com.tr\/index.php\/wp-json\/wp\/v2\/product\/744953","targetHints":{"allow":["GET"]}}],"collection":[{"href":"https:\/\/roveyayinevi.com.tr\/index.php\/wp-json\/wp\/v2\/product"}],"about":[{"href":"https:\/\/roveyayinevi.com.tr\/index.php\/wp-json\/wp\/v2\/types\/product"}],"wp:attachment":[{"href":"https:\/\/roveyayinevi.com.tr\/index.php\/wp-json\/wp\/v2\/media?parent=744953"}],"wp:term":[{"taxonomy":"product_brand","embeddable":true,"href":"https:\/\/roveyayinevi.com.tr\/index.php\/wp-json\/wp\/v2\/product_brand?post=744953"},{"taxonomy":"product_cat","embeddable":true,"href":"https:\/\/roveyayinevi.com.tr\/index.php\/wp-json\/wp\/v2\/product_cat?post=744953"},{"taxonomy":"product_tag","embeddable":true,"href":"https:\/\/roveyayinevi.com.tr\/index.php\/wp-json\/wp\/v2\/product_tag?post=744953"}],"curies":[{"name":"wp","href":"https:\/\/api.w.org\/{rel}","templated":true}]}}