{"id":744951,"date":"2025-08-28T02:08:21","date_gmt":"2025-08-27T23:08:21","guid":{"rendered":"https:\/\/roveyayinevi.com.tr\/index.php\/urun\/50-maddede-korku-sinemasi\/"},"modified":"2026-04-16T02:56:48","modified_gmt":"2026-04-15T23:56:48","slug":"50-maddede-korku-sinemasi","status":"publish","type":"product","link":"https:\/\/roveyayinevi.com.tr\/index.php\/urun\/50-maddede-korku-sinemasi\/","title":{"rendered":"50 Maddede Korku Sinemas\u0131"},"content":{"rendered":"<p>50 Maddede Korku Sinemas\u0131; korkunun sinemada ortaya \u00e7\u0131k\u0131\u015f\u0131, bir t\u00fcr olarak konumlanmas\u0131, t\u00fcr\u00fcn ge\u00e7mi\u015ften bug\u00fcne dek ge\u00e7irdi\u011fi d\u00f6n\u00fc\u015f\u00fcm ve g\u00fcncel tart\u0131\u015fmalar \u00fczerine yaz\u0131lm\u0131\u015f olduk\u00e7a kapsaml\u0131 bir kaynak olarak sinema k\u00fclliyat\u0131ndaki yerini al\u0131yor.  Dr. U\u011fur K\u0131l\u0131n\u00e7 hem bir akademisyen hem de bir izleyici olarak korku sinemas\u0131n\u0131n \u00e7ok y\u00f6nl\u00fc yap\u0131s\u0131n\u0131 okura sunuyor. Profesyonel bir birikimin \u00fcr\u00fcn\u00fc olan bu eser, t\u00fcre ilgi duyan herkes i\u00e7in ar\u015fivlik bir \u00e7al\u0131\u015fma niteli\u011finde.   <\/p>\n","protected":false},"excerpt":{"rendered":"<p>50 Maddede Korku Sinemas\u0131; korkunun sinemada ortaya \u00e7\u0131k\u0131\u015f\u0131, bir t\u00fcr olarak konumlanmas\u0131, t\u00fcr\u00fcn ge\u00e7mi\u015ften bug\u00fcne dek ge\u00e7irdi\u011fi d\u00f6n\u00fc\u015f\u00fcm ve g\u00fcncel tart\u0131\u015fmalar \u00fczerine yaz\u0131lm\u0131\u015f olduk\u00e7a kapsaml\u0131 bir<span class=\"excerpt-hellip\"> [\u2026]<\/span><\/p>\n","protected":false},"featured_media":0,"template":"","meta":{"_monsterinsights_skip_tracking":false,"_monsterinsights_sitenote_active":false,"_monsterinsights_sitenote_note":"","_monsterinsights_sitenote_category":0},"product_brand":[],"product_cat":[12409,12408],"product_tag":[],"class_list":{"0":"post-744951","1":"product","2":"type-product","3":"status-publish","5":"product_cat-fotograf-sinema-tiyatro","6":"product_cat-sanat","7":"pa_cilt-ciltsiz","8":"pa_tur-kitap","9":"pa_yayinevi-kara-karga-yayinlari","10":"pa_yazar-ugur-kilinc","12":"first","13":"instock","14":"sale","15":"shipping-taxable","16":"purchasable","17":"product-type-simple"},"_links":{"self":[{"href":"https:\/\/roveyayinevi.com.tr\/index.php\/wp-json\/wp\/v2\/product\/744951","targetHints":{"allow":["GET"]}}],"collection":[{"href":"https:\/\/roveyayinevi.com.tr\/index.php\/wp-json\/wp\/v2\/product"}],"about":[{"href":"https:\/\/roveyayinevi.com.tr\/index.php\/wp-json\/wp\/v2\/types\/product"}],"wp:attachment":[{"href":"https:\/\/roveyayinevi.com.tr\/index.php\/wp-json\/wp\/v2\/media?parent=744951"}],"wp:term":[{"taxonomy":"product_brand","embeddable":true,"href":"https:\/\/roveyayinevi.com.tr\/index.php\/wp-json\/wp\/v2\/product_brand?post=744951"},{"taxonomy":"product_cat","embeddable":true,"href":"https:\/\/roveyayinevi.com.tr\/index.php\/wp-json\/wp\/v2\/product_cat?post=744951"},{"taxonomy":"product_tag","embeddable":true,"href":"https:\/\/roveyayinevi.com.tr\/index.php\/wp-json\/wp\/v2\/product_tag?post=744951"}],"curies":[{"name":"wp","href":"https:\/\/api.w.org\/{rel}","templated":true}]}}