{"id":744947,"date":"2025-08-28T02:08:16","date_gmt":"2025-08-27T23:08:16","guid":{"rendered":"https:\/\/roveyayinevi.com.tr\/index.php\/urun\/islam-disi-firkalar-fleksi-kapak\/"},"modified":"2026-04-16T02:56:47","modified_gmt":"2026-04-15T23:56:47","slug":"islam-disi-firkalar-fleksi-kapak","status":"publish","type":"product","link":"https:\/\/roveyayinevi.com.tr\/index.php\/urun\/islam-disi-firkalar-fleksi-kapak\/","title":{"rendered":"\u0130slam D\u0131\u015f\u0131 F\u0131rkalar (Fleksi Kapak)"},"content":{"rendered":"<p>\u0130slam D\u0131\u015f\u0131 F\u0131rkalar, mu\u0308tekaddim\u00fbn d\u00f6neminde kurulu\u015f ve geli\u015fimini tamamlayan ve mu\u0308teahhir\u00fbn d\u00f6neminin ba\u015flar\u0131nda neredeyse tamam\u0131yla ink\u0131raza u\u011frayan Mutezile gelene\u011finin, en hacimli klasi\u011fi olan Mu\u011fn\u00ee ku\u0308lliyat\u0131n\u0131n \u00f6nemli bir par\u00e7as\u0131d\u0131r. Mutezile\u2019nin do\u011fu\u015fundan be\u015finci y\u00fczy\u0131l\u0131n ba\u015f\u0131na kadar gelen s\u00fcre\u00e7te tart\u0131\u015f\u0131lan t\u00fcm konular\u0131 ihtiva eden Mu\u011fn\u00ee, asl\u0131nda sadece Mutezile i\u00e7in de\u011fil, bu\u0308tu\u0308n bir nazar\u00ee du\u0308\u015fu\u0308nce i\u00e7in klasik say\u0131lmaktad\u0131r. Zira ilk d\u00f6rt yu\u0308zy\u0131lda kelam alan\u0131nda telif edilmi\u015f bu hacimde bir eser gu\u0308nu\u0308mu\u0308ze ula\u015fmam\u0131\u015ft\u0131r.   Mu\u011fn\u00ee K\u00fclliyat\u0131\u2019n\u0131n bu cildi temelde iki konuyu i\u00e7ermektedir: \u0130sl\u00e2m d\u0131\u015f\u0131 inan\u00e7 ekolleri ve Allah\u2019\u0131n isim ve s\u0131fatlar\u0131. \u0130lk b\u00f6l\u00fcmde M\u00e2neviyye, Mazdekiyye gibi eski \u0130ran dinleri ve bu dinlere mensup kimselerin g\u00f6r\u00fc\u015fleri incelenmekte; Mec\u00fbs\u00eelik, H\u0131ristiyanl\u0131k ve mezhepleri, Cahiliye d\u00f6nemi inan\u00e7lar\u0131 ise ayr\u0131 birer ba\u015fl\u0131k alt\u0131nda ele al\u0131nmakta. Vahyin insanlar\u0131n uzla\u015ft\u0131\u011f\u0131 dil \u00fczerine nazil oldu\u011funu belirten K\u00e2d\u00ee Abd\u00fclcebb\u00e2r, son b\u00f6l\u00fcmde, Allah\u2019a isim ve s\u0131fat verilirken hangi y\u00f6ntemleri esas almak gerekti\u011fine de\u011finerek \u015fer\u00ee bir izin olmadan Allah\u2019a s\u0131fat verilip verilmeyece\u011fini tart\u0131\u015fm\u0131\u015ft\u0131r.   K\u00e2di Abdu\u0308lcebb\u00e2r\u2019\u0131n bu k\u0131ymetli eserinin Tu\u0308rk\u00e7eye kazand\u0131r\u0131lmas\u0131, genelde erken d\u00f6neme ait kelam tarihi \u00e7al\u0131\u015fmalar\u0131n\u0131, \u00f6zelde Mutezile \u00e7al\u0131\u015fmalar\u0131n\u0131 derinden etkileyecek ve Tu\u0308rkiye\u2019de kelam ve felsefe \u00e7al\u0131\u015fmalar\u0131n\u0131n seyrini de\u011fi\u015ftirecektir. <\/p>\n","protected":false},"excerpt":{"rendered":"<p>\u0130slam D\u0131\u015f\u0131 F\u0131rkalar, mu\u0308tekaddim\u00fbn d\u00f6neminde kurulu\u015f ve geli\u015fimini tamamlayan ve mu\u0308teahhir\u00fbn d\u00f6neminin ba\u015flar\u0131nda neredeyse tamam\u0131yla ink\u0131raza u\u011frayan Mutezile gelene\u011finin, en hacimli klasi\u011fi olan Mu\u011fn\u00ee ku\u0308lliyat\u0131n\u0131n \u00f6nemli<span class=\"excerpt-hellip\"> [\u2026]<\/span><\/p>\n","protected":false},"featured_media":0,"template":"","meta":{"_monsterinsights_skip_tracking":false,"_monsterinsights_sitenote_active":false,"_monsterinsights_sitenote_note":"","_monsterinsights_sitenote_category":0},"product_brand":[],"product_cat":[12718,12719],"product_tag":[],"class_list":{"0":"post-744947","1":"product","2":"type-product","3":"status-publish","5":"product_cat-din","6":"product_cat-islam","7":"pa_cilt-ciltsiz","8":"pa_tur-kitap","9":"pa_yayinevi-ketebe-yayinlari","10":"pa_yazar-kadi-abdulcebbar","12":"first","13":"instock","14":"sale","15":"shipping-taxable","16":"purchasable","17":"product-type-simple"},"_links":{"self":[{"href":"https:\/\/roveyayinevi.com.tr\/index.php\/wp-json\/wp\/v2\/product\/744947","targetHints":{"allow":["GET"]}}],"collection":[{"href":"https:\/\/roveyayinevi.com.tr\/index.php\/wp-json\/wp\/v2\/product"}],"about":[{"href":"https:\/\/roveyayinevi.com.tr\/index.php\/wp-json\/wp\/v2\/types\/product"}],"wp:attachment":[{"href":"https:\/\/roveyayinevi.com.tr\/index.php\/wp-json\/wp\/v2\/media?parent=744947"}],"wp:term":[{"taxonomy":"product_brand","embeddable":true,"href":"https:\/\/roveyayinevi.com.tr\/index.php\/wp-json\/wp\/v2\/product_brand?post=744947"},{"taxonomy":"product_cat","embeddable":true,"href":"https:\/\/roveyayinevi.com.tr\/index.php\/wp-json\/wp\/v2\/product_cat?post=744947"},{"taxonomy":"product_tag","embeddable":true,"href":"https:\/\/roveyayinevi.com.tr\/index.php\/wp-json\/wp\/v2\/product_tag?post=744947"}],"curies":[{"name":"wp","href":"https:\/\/api.w.org\/{rel}","templated":true}]}}