{"id":744946,"date":"2025-08-28T02:08:14","date_gmt":"2025-08-27T23:08:14","guid":{"rendered":"https:\/\/roveyayinevi.com.tr\/index.php\/urun\/ilk-sozcuklerim-1-yas\/"},"modified":"2026-04-16T02:56:47","modified_gmt":"2026-04-15T23:56:47","slug":"ilk-sozcuklerim-1-yas","status":"publish","type":"product","link":"https:\/\/roveyayinevi.com.tr\/index.php\/urun\/ilk-sozcuklerim-1-yas\/","title":{"rendered":"\u0130lk S\u00f6zc\u00fcklerim 1 Ya\u015f"},"content":{"rendered":"<p>\u00c7OK \u00d6ZEL B\u0130R RES\u0130ML\u0130 K\u0130TAP!   \u201cDilbilimdeki son ara\u015ft\u0131rmalar\u0131 g\u00f6z \u00f6n\u00fcne alarak haz\u0131rlad\u0131\u011f\u0131m bu resimli kitap her \u00e7ocu\u011fun \u00e7evresini ve onu \u00e7evreleyen evreni ke\u015ffetmesine, ileride okul hayat\u0131nda ihtiya\u00e7 duyaca\u011f\u0131 temel s\u00f6zc\u00fck da\u011farc\u0131\u011f\u0131n\u0131 geli\u015ftirmesine yard\u0131mc\u0131 olacakt\u0131r. Kitap boyunca her b\u00f6l\u00fcmde birer \u201canahtar s\u00f6zc\u00fck\u201d bulunmaktad\u0131r. Bu s\u00f6zc\u00fcklerin etraf\u0131nda ise temayla ilgili daha pek \u00e7ok \u015fey ke\u015ffetmeye yarayacak yak\u0131n ve yararl\u0131 s\u00f6zc\u00fckler yer al\u0131r. Anneler ve babalar i\u00e7in \u00f6neriler k\u0131sm\u0131nda ise \u00e7ocu\u011fun dikkatinin nereye y\u00f6nlendirilmesi gerekti\u011fi, onunla s\u00f6zl\u00fc etkile\u015fiminizin nas\u0131l olmas\u0131 gerekti\u011fi belirtilmi\u015f, \u00e7ocu\u011funuzla konu\u015fma, onu konu\u015fturma, merak\u0131n\u0131 uyand\u0131rma, s\u00f6zc\u00fck da\u011farc\u0131\u011f\u0131n\u0131 geli\u015ftirme ve \u00f6\u011frendiklerini uygulama \u00fczerine \u00f6neriler verilmi\u015ftir.\u201d Anneler ve babalar i\u00e7in 72\u2019den fazla S\u00d6ZC\u00dcK ve \u00d6NER\u0130 <\/p>\n","protected":false},"excerpt":{"rendered":"<p>\u00c7OK \u00d6ZEL B\u0130R RES\u0130ML\u0130 K\u0130TAP! \u201cDilbilimdeki son ara\u015ft\u0131rmalar\u0131 g\u00f6z \u00f6n\u00fcne alarak haz\u0131rlad\u0131\u011f\u0131m bu resimli kitap her \u00e7ocu\u011fun \u00e7evresini ve onu \u00e7evreleyen evreni ke\u015ffetmesine, ileride okul hayat\u0131nda<span class=\"excerpt-hellip\"> [\u2026]<\/span><\/p>\n","protected":false},"featured_media":0,"template":"","meta":{"_monsterinsights_skip_tracking":false,"_monsterinsights_sitenote_active":false,"_monsterinsights_sitenote_note":"","_monsterinsights_sitenote_category":0},"product_brand":[],"product_cat":[15192,12274],"product_tag":[],"class_list":{"0":"post-744946","1":"product","2":"type-product","3":"status-publish","5":"product_cat-1-3-yas-kitaplari","6":"product_cat-cocuk-ve-genclik-kitaplari","7":"pa_cilt-ciltsiz","8":"pa_tur-kitap","9":"pa_yayinevi-yapi-kredi-yayinlari","10":"pa_yazar-bruno-germain","12":"first","13":"instock","14":"sale","15":"shipping-taxable","16":"purchasable","17":"product-type-simple"},"_links":{"self":[{"href":"https:\/\/roveyayinevi.com.tr\/index.php\/wp-json\/wp\/v2\/product\/744946","targetHints":{"allow":["GET"]}}],"collection":[{"href":"https:\/\/roveyayinevi.com.tr\/index.php\/wp-json\/wp\/v2\/product"}],"about":[{"href":"https:\/\/roveyayinevi.com.tr\/index.php\/wp-json\/wp\/v2\/types\/product"}],"wp:attachment":[{"href":"https:\/\/roveyayinevi.com.tr\/index.php\/wp-json\/wp\/v2\/media?parent=744946"}],"wp:term":[{"taxonomy":"product_brand","embeddable":true,"href":"https:\/\/roveyayinevi.com.tr\/index.php\/wp-json\/wp\/v2\/product_brand?post=744946"},{"taxonomy":"product_cat","embeddable":true,"href":"https:\/\/roveyayinevi.com.tr\/index.php\/wp-json\/wp\/v2\/product_cat?post=744946"},{"taxonomy":"product_tag","embeddable":true,"href":"https:\/\/roveyayinevi.com.tr\/index.php\/wp-json\/wp\/v2\/product_tag?post=744946"}],"curies":[{"name":"wp","href":"https:\/\/api.w.org\/{rel}","templated":true}]}}