{"id":744945,"date":"2025-08-28T02:08:14","date_gmt":"2025-08-27T23:08:14","guid":{"rendered":"https:\/\/roveyayinevi.com.tr\/index.php\/urun\/eczane-yonetiminde-strateji\/"},"modified":"2025-10-08T15:50:15","modified_gmt":"2025-10-08T12:50:15","slug":"eczane-yonetiminde-strateji","status":"publish","type":"product","link":"https:\/\/roveyayinevi.com.tr\/index.php\/urun\/eczane-yonetiminde-strateji\/","title":{"rendered":"EczAne Y\u00f6netiminde Strateji"},"content":{"rendered":"<p>Uzun zamand\u0131r yeni bir kitap yazman\u0131n zaman\u0131n\u0131n geldi\u011fini d\u00fc\u015f\u00fcn\u00fcyordum ancak yo\u011fun \u00e7al\u0131\u015fma temposu nedeni ile uygun zaman bulup gerek temel bilgilerimi, gerekse eczanelerde ya\u015fad\u0131\u011f\u0131m\u0131z sorunlara ya da kurgulad\u0131\u011f\u0131m\u0131z geli\u015fim planlar\u0131na \u00e7\u00f6z\u00fcmler \u00fcretirken edindi\u011fimiz tecr\u00fcbeleri payla\u015faca\u011f\u0131m bir kitab\u0131 yazmaya ba\u015flamak biraz zaman ald\u0131 do\u011frusu. Asl\u0131nda bu her ne kadar olumsuz gibi g\u00f6r\u00fcnse de sizlerle payla\u015fabilece\u011fim pek \u00e7ok \u00f6rne\u011fi tecr\u00fcbe etme imk\u00e2n\u0131 sa\u011flad\u0131 bana. Bu kitapta temelde eczanelerde sistem kurarken nelere dikkat etti\u011fimden, durum analizlerini nas\u0131l yapt\u0131\u011f\u0131mdan ve bunlar\u0131 hayata nas\u0131l ge\u00e7irdi\u011fimden bahsetmeye \u00e7al\u0131\u015faca\u011f\u0131m.<\/p>\n","protected":false},"excerpt":{"rendered":"<p>Uzun zamand\u0131r yeni bir kitap yazman\u0131n zaman\u0131n\u0131n geldi\u011fini d\u00fc\u015f\u00fcn\u00fcyordum ancak yo\u011fun \u00e7al\u0131\u015fma temposu nedeni ile uygun zaman bulup gerek temel bilgilerimi, gerekse eczanelerde ya\u015fad\u0131\u011f\u0131m\u0131z sorunlara ya<span class=\"excerpt-hellip\"> [\u2026]<\/span><\/p>\n","protected":false},"featured_media":0,"template":"","meta":{"_monsterinsights_skip_tracking":false,"_monsterinsights_sitenote_active":false,"_monsterinsights_sitenote_note":"","_monsterinsights_sitenote_category":0},"product_brand":[],"product_cat":[13043,19008],"product_tag":[],"class_list":{"0":"post-744945","1":"product","2":"type-product","3":"status-publish","5":"product_cat-ekonomi","6":"product_cat-yonetim","7":"pa_cilt-ciltsiz","8":"pa_tur-kitap","9":"pa_yayinevi-arti-farma","10":"pa_yazar-faruk-nalbantoglu","12":"first","13":"instock","14":"sale","15":"shipping-taxable","16":"purchasable","17":"product-type-simple"},"_links":{"self":[{"href":"https:\/\/roveyayinevi.com.tr\/index.php\/wp-json\/wp\/v2\/product\/744945","targetHints":{"allow":["GET"]}}],"collection":[{"href":"https:\/\/roveyayinevi.com.tr\/index.php\/wp-json\/wp\/v2\/product"}],"about":[{"href":"https:\/\/roveyayinevi.com.tr\/index.php\/wp-json\/wp\/v2\/types\/product"}],"wp:attachment":[{"href":"https:\/\/roveyayinevi.com.tr\/index.php\/wp-json\/wp\/v2\/media?parent=744945"}],"wp:term":[{"taxonomy":"product_brand","embeddable":true,"href":"https:\/\/roveyayinevi.com.tr\/index.php\/wp-json\/wp\/v2\/product_brand?post=744945"},{"taxonomy":"product_cat","embeddable":true,"href":"https:\/\/roveyayinevi.com.tr\/index.php\/wp-json\/wp\/v2\/product_cat?post=744945"},{"taxonomy":"product_tag","embeddable":true,"href":"https:\/\/roveyayinevi.com.tr\/index.php\/wp-json\/wp\/v2\/product_tag?post=744945"}],"curies":[{"name":"wp","href":"https:\/\/api.w.org\/{rel}","templated":true}]}}